{"id":578,"date":"2025-03-21T10:54:01","date_gmt":"2025-03-21T10:54:01","guid":{"rendered":"http:\/\/gruene-wiesbaden.de.w0207e8f.kasserver.com\/?page_id=578"},"modified":"2026-04-09T00:53:28","modified_gmt":"2026-04-08T22:53:28","slug":"spenden","status":"publish","type":"page","link":"https:\/\/gruene-wiesbaden.de\/tr\/spenden\/","title":{"rendered":"Kategori: Ba\u011f\u0131\u015flar"},"content":{"rendered":"<section class=\"l-section wpb_row height_auto full_height valign_center with_slider\"><div class=\"l-section-slider\"><div class=\"w-slider style_none fit_cover nav_none count_1\"><div class=\"w-slider-h\"><div class=\"royalSlider\"><div class=\"rsContent\"><a class=\"rsImg\" data-rsw=\"3500\" data-rsh=\"2337\" href=\"https:\/\/gruene-wiesbaden.de\/wp-content\/uploads\/2025\/03\/simon-maage-tXiMrX3Gc-g-unsplash.png\"><span data-alt=\"\"><\/span><\/a><\/div><\/div><img decoding=\"async\" src=\"https:\/\/gruene-wiesbaden.de\/wp-content\/uploads\/2025\/03\/simon-maage-tXiMrX3Gc-g-unsplash.png\" width=\"3500\" height=\"2337\" alt loading=\"lazy\"><\/div><div class=\"w-slider-json\" onclick='return {&quot;autoScaleSlider&quot;:true,&quot;addActiveClass&quot;:true,&quot;loop&quot;:true,&quot;fadeInLoadedSlide&quot;:false,&quot;slidesSpacing&quot;:0,&quot;imageScalePadding&quot;:0,&quot;numImagesToPreload&quot;:2,&quot;arrowsNav&quot;:false,&quot;arrowsNavAutoHide&quot;:false,&quot;transitionType&quot;:&quot;move&quot;,&quot;transitionSpeed&quot;:1000,&quot;block&quot;:{&quot;moveEffect&quot;:&quot;none&quot;,&quot;speed&quot;:300},&quot;thumbs&quot;:{&quot;fitInViewport&quot;:false,&quot;firstMargin&quot;:false,&quot;spacing&quot;:4},&quot;controlNavigation&quot;:&quot;none&quot;,&quot;autoplay&quot;:{&quot;enabled&quot;:true,&quot;pauseOnHover&quot;:false,&quot;delay&quot;:3000},&quot;autoScaleSliderWidth&quot;:3500,&quot;autoScaleSliderHeight&quot;:2337}'><\/div><\/div><\/div><div class=\"l-section-overlay\" style=\"background:rgba(0,0,0,0.27)\"><\/div><div class=\"l-section-h i-cf\"><div class=\"g-cols vc_row via_grid cols_1 laptops-cols_inherit tablets-cols_inherit mobiles-cols_1 valign_top type_default stacking_default\" style=\"--columns-gap:0rem;\"><div class=\"wpb_column vc_column_container\"><div class=\"vc_column-inner\"><div class=\"g-cols wpb_row us_custom_fe17fac6 has_text_color via_grid cols_1 laptops-cols_inherit tablets-cols_inherit mobiles-cols_1 valign_top type_default stacking_default\" style=\"--columns-gap:3rem;\"><div class=\"wpb_column vc_column_container\"><div class=\"vc_column-inner\"><div class=\"w-separator size_large\"><\/div><div class=\"w-separator size_small\"><\/div><div class=\"w-separator size_small\"><\/div><div class=\"wpb_text_column us_custom_2d6d43ab has_text_color background_inside_text\"><div class=\"wpb_wrapper\"><h1 style=\"text-align: center;\">BURADA B\u0130Z\u0130 BA\u011eI\u015eLA DESTEKLEYEB\u0130L\u0130RS\u0130N\u0130Z.<\/h1>\n<\/div><\/div><\/div><\/div><\/div><\/div><\/div><\/div><\/div><\/section><section class=\"l-section wpb_row height_medium with_img\"><div class=\"l-section-img\" role=\"img\" data-img-width=\"1920\" data-img-height=\"768\" style=\"background-image: url(https:\/\/gruene-wiesbaden.de\/wp-content\/uploads\/2025\/11\/neuer-Verlauf-gruene-wiesbaden.de_-e1767650502847.png);\"><\/div><div class=\"l-section-h i-cf\"><div class=\"g-cols vc_row via_grid cols_1 laptops-cols_inherit tablets-cols_inherit mobiles-cols_1 valign_top type_default stacking_default\"><div class=\"wpb_column vc_column_container\"><div class=\"vc_column-inner\"><div class=\"g-cols wpb_row via_grid cols_1 laptops-cols_inherit tablets-cols_inherit mobiles-cols_1 valign_middle type_default stacking_default\" style=\"--columns-gap:3rem;\"><div class=\"wpb_column vc_column_container\"><div class=\"vc_column-inner\"><div class=\"wpb_text_column us_custom_f4639b64 has_text_color\"><div class=\"wpb_wrapper\"><div>\n<h4>Ye\u015fil siyaseti \u015fehrimizde daha da g\u00f6r\u00fcn\u00fcr hale getirmemize yard\u0131mc\u0131 olun.<\/h4>\n<p><span>Wiesbaden'de sizin i\u00e7in ba\u015far\u0131l\u0131 YE\u015e\u0130L siyaset yapmak istiyoruz. Bu nedenle yard\u0131mlar\u0131n\u0131z i\u00e7in minnettar\u0131z ve \u00e7al\u0131\u015fmalar\u0131m\u0131z\u0131 bir ba\u011f\u0131\u015fla desteklerseniz memnun oluruz.<\/span><\/p>\n<\/div>\n<div>\n<p><span>Y\u0131l sonunda size istenmeyen bir ba\u011f\u0131\u015f makbuzu g\u00f6nderece\u011fiz. L\u00fctfen t\u00fcm ba\u011f\u0131\u015flara adresinizi eklemeyi unutmay\u0131n!<\/span><\/p>\n<p><span>Bekarlar i\u00e7in takvim y\u0131l\u0131 ba\u015f\u0131na 1,650 EUR'ya ve evli \u00e7iftler i\u00e7in 3.300 EUR'ya kadar, bireysel vergi oran\u0131na bak\u0131lmaks\u0131z\u0131n parti ba\u011f\u0131\u015flar\u0131 50 oran\u0131nda yap\u0131lacakt\u0131r.% vergi avantaj\u0131. 50% Ba\u011f\u0131\u015f size geri d\u00f6necektir.<\/span><\/p>\n<\/div>\n<div>\n<p><span>T\u00fcm ba\u011f\u0131\u015flar taraf\u0131m\u0131zca gizli tutulacakt\u0131r. Ki\u015fisel verileriniz \u00fc\u00e7\u00fcnc\u00fc taraflara aktar\u0131lmayacakt\u0131r. Verilerinizin saklanmas\u0131n\u0131 a\u00e7\u0131k\u00e7a kabul etmiyorsan\u0131z, ba\u011f\u0131\u015f makbuzu olu\u015fturulduktan sonra silinecektir.<\/span><\/p>\n<\/div>\n<\/div><\/div><div class=\"w-separator size_small\"><\/div><\/div><\/div><\/div><\/div><\/div><\/div><\/div><\/section><section class=\"l-section wpb_row height_medium\"><div class=\"l-section-overlay\" style=\"background:var(--color-header-middle-bg)\"><\/div><div class=\"l-section-h i-cf\"><div class=\"g-cols vc_row via_grid cols_1 laptops-cols_inherit tablets-cols_inherit mobiles-cols_1 valign_top type_default stacking_default\" style=\"--columns-gap:2rem;\"><div class=\"wpb_column vc_column_container\"><div class=\"vc_column-inner\"><div class=\"g-cols wpb_row via_grid cols_2 laptops-cols_inherit tablets-cols_inherit mobiles-cols_1 valign_top type_default stacking_default\" style=\"--columns-gap:4rem;\"><div class=\"wpb_column vc_column_container us_custom_1f257949\"><div class=\"vc_column-inner\"><div class=\"wpb_text_column us_custom_564c68c1 has_text_color\"><div class=\"wpb_wrapper\"><h3>Ba\u011f\u0131\u015f formu arac\u0131l\u0131\u011f\u0131yla yap\u0131lan ba\u011f\u0131\u015flar<span><\/span><\/h3>\n<\/div><\/div><div class=\"w-separator size_medium\"><\/div><div class=\"wpb_text_column\"><div class=\"wpb_wrapper\"><p><!-- twingle --><iframe src=\"https:\/\/spenden.twingle.de\/bundnis-90-die-grunen-kreisverband-wiesbaden\/spende\/tw66e18b1ca954f\/form\"><\/iframe><script src=\"https:\/\/spenden.twingle.de\/embed\/generic\"><\/script><\/p>\n<p><!-- twingle --><\/p>\n<\/div><\/div><div class=\"w-separator size_medium\"><\/div><\/div><\/div><div class=\"wpb_column vc_column_container\"><div class=\"vc_column-inner\"><div class=\"wpb_text_column us_custom_564c68c1 has_text_color\"><div class=\"wpb_wrapper\"><h3>Banka havalesi yoluyla ba\u011f\u0131\u015flar<\/h3>\n<p><span>Hesap sahibi: B\u00dcNDNIS 90\/DIE GR\u00dcNEN, KV Wiesbaden<\/span><\/p>\n<p><span>IBAN i\u00e7in: DE60 43 06 09 67 60 37 91 47 00 <\/span><\/p>\n<p><span>BIC: GENODEM1GLS<\/span><span>\u00a0<\/span><\/p>\n<\/div><\/div><\/div><\/div><\/div><\/div><\/div><\/div><\/div><\/section><section class=\"l-section wpb_row hide_on_default hide_on_laptops hide_on_tablets height_medium\"><div class=\"l-section-overlay\" style=\"background:var(--color-alt-content-bg)\"><\/div><div class=\"l-section-h i-cf\"><div class=\"g-cols vc_row via_grid cols_1 laptops-cols_inherit tablets-cols_inherit mobiles-cols_1 valign_top type_default stacking_default\"><div class=\"wpb_column vc_column_container\"><div class=\"vc_column-inner\"><div class=\"w-separator size_small\"><\/div><\/div><\/div><\/div><\/div><\/section>","protected":false},"excerpt":{"rendered":"BURADA B\u0130Z\u0130 BA\u011eI\u015eLA DESTEKLEYEB\u0130L\u0130RS\u0130N\u0130Z. Ye\u015fil siyaseti \u015fehrimizde daha da g\u00f6r\u00fcn\u00fcr hale getirmemize yard\u0131mc\u0131 olun. Wiesbaden'de sizin i\u00e7in ba\u015far\u0131l\u0131 YE\u015e\u0130L siyaset yapmak istiyoruz. Bu nedenle yard\u0131mlar\u0131n\u0131z i\u00e7in minnettar\u0131z ve \u00e7al\u0131\u015fmalar\u0131m\u0131z\u0131 bir ba\u011f\u0131\u015fla desteklerseniz memnun oluruz. Y\u0131l sonunda size istenmeyen bir ba\u011f\u0131\u015f makbuzu g\u00f6nderece\u011fiz...","protected":false},"author":1,"featured_media":0,"parent":0,"menu_order":0,"comment_status":"closed","ping_status":"closed","template":"","meta":{"footnotes":""},"class_list":["post-578","page","type-page","status-publish","hentry"],"yoast_head":"<!-- This site is optimized with the Yoast SEO plugin v27.5 - https:\/\/yoast.com\/product\/yoast-seo-wordpress\/ -->\n<title>Spenden - B\u00dcNDNIS 90\/DIE GR\u00dcNEN Wiesbaden<\/title>\n<meta name=\"description\" content=\"Hier erf\u00e4hrst du mehr dazu, wie du den Kreisverband Wiesbaden von B\u00dcNDNIS 90\/ DIE GR\u00dcNEN mit einer Spende unterst\u00fctzen kannst.\" \/>\n<meta name=\"robots\" content=\"index, follow, max-snippet:-1, max-image-preview:large, max-video-preview:-1\" \/>\n<link rel=\"canonical\" href=\"https:\/\/gruene-wiesbaden.de\/tr\/spenden\/\" \/>\n<meta property=\"og:locale\" content=\"tr_TR\" \/>\n<meta property=\"og:type\" content=\"article\" \/>\n<meta property=\"og:title\" content=\"Spenden - B\u00dcNDNIS 90\/DIE GR\u00dcNEN Wiesbaden\" \/>\n<meta property=\"og:description\" content=\"Hier erf\u00e4hrst du mehr dazu, wie du den Kreisverband Wiesbaden von B\u00dcNDNIS 90\/ DIE GR\u00dcNEN mit einer Spende unterst\u00fctzen kannst.\" \/>\n<meta property=\"og:url\" content=\"https:\/\/gruene-wiesbaden.de\/tr\/spenden\/\" \/>\n<meta property=\"og:site_name\" content=\"B\u00dcNDNIS 90\/DIE GR\u00dcNEN Wiesbaden\" \/>\n<meta property=\"article:publisher\" content=\"https:\/\/www.facebook.com\/gruene.wi\" \/>\n<meta property=\"article:modified_time\" content=\"2026-04-08T22:53:28+00:00\" \/>\n<meta name=\"twitter:card\" content=\"summary_large_image\" \/>\n<meta name=\"twitter:label1\" content=\"Tahmini okuma s\u00fcresi\" \/>\n\t<meta name=\"twitter:data1\" content=\"2 minutes\" \/>\n<script type=\"application\/ld+json\" class=\"yoast-schema-graph\">{\"@context\":\"https:\\\/\\\/schema.org\",\"@graph\":[{\"@type\":\"WebPage\",\"@id\":\"https:\\\/\\\/gruene-wiesbaden.de\\\/spenden\\\/\",\"url\":\"https:\\\/\\\/gruene-wiesbaden.de\\\/spenden\\\/\",\"name\":\"Spenden - B\u00dcNDNIS 90\\\/DIE GR\u00dcNEN Wiesbaden\",\"isPartOf\":{\"@id\":\"https:\\\/\\\/gruene-wiesbaden.de\\\/#website\"},\"datePublished\":\"2025-03-21T10:54:01+00:00\",\"dateModified\":\"2026-04-08T22:53:28+00:00\",\"description\":\"Hier erf\u00e4hrst du mehr dazu, wie du den Kreisverband Wiesbaden von B\u00dcNDNIS 90\\\/ DIE GR\u00dcNEN mit einer Spende unterst\u00fctzen kannst.\",\"breadcrumb\":{\"@id\":\"https:\\\/\\\/gruene-wiesbaden.de\\\/spenden\\\/#breadcrumb\"},\"inLanguage\":\"tr-TR\",\"potentialAction\":[{\"@type\":\"ReadAction\",\"target\":[\"https:\\\/\\\/gruene-wiesbaden.de\\\/spenden\\\/\"]}]},{\"@type\":\"BreadcrumbList\",\"@id\":\"https:\\\/\\\/gruene-wiesbaden.de\\\/spenden\\\/#breadcrumb\",\"itemListElement\":[{\"@type\":\"ListItem\",\"position\":1,\"name\":\"Startseite\",\"item\":\"https:\\\/\\\/gruene-wiesbaden.de\\\/\"},{\"@type\":\"ListItem\",\"position\":2,\"name\":\"Spenden\"}]},{\"@type\":\"WebSite\",\"@id\":\"https:\\\/\\\/gruene-wiesbaden.de\\\/#website\",\"url\":\"https:\\\/\\\/gruene-wiesbaden.de\\\/\",\"name\":\"DIE GR\u00dcNEN Wiesbaden\",\"description\":\"\",\"publisher\":{\"@id\":\"https:\\\/\\\/gruene-wiesbaden.de\\\/#organization\"},\"potentialAction\":[{\"@type\":\"SearchAction\",\"target\":{\"@type\":\"EntryPoint\",\"urlTemplate\":\"https:\\\/\\\/gruene-wiesbaden.de\\\/?s={search_term_string}\"},\"query-input\":{\"@type\":\"PropertyValueSpecification\",\"valueRequired\":true,\"valueName\":\"search_term_string\"}}],\"inLanguage\":\"tr-TR\"},{\"@type\":\"Organization\",\"@id\":\"https:\\\/\\\/gruene-wiesbaden.de\\\/#organization\",\"name\":\"DIE GR\u00dcNEN Wiesbaden\",\"url\":\"https:\\\/\\\/gruene-wiesbaden.de\\\/\",\"logo\":{\"@type\":\"ImageObject\",\"inLanguage\":\"tr-TR\",\"@id\":\"https:\\\/\\\/gruene-wiesbaden.de\\\/#\\\/schema\\\/logo\\\/image\\\/\",\"url\":\"https:\\\/\\\/gruene-wiesbaden-fuer-europa.de\\\/wp-content\\\/uploads\\\/2024\\\/04\\\/Machen-was-zaehlt-5.png\",\"contentUrl\":\"https:\\\/\\\/gruene-wiesbaden-fuer-europa.de\\\/wp-content\\\/uploads\\\/2024\\\/04\\\/Machen-was-zaehlt-5.png\",\"width\":1772,\"height\":1772,\"caption\":\"DIE GR\u00dcNEN Wiesbaden\"},\"image\":{\"@id\":\"https:\\\/\\\/gruene-wiesbaden.de\\\/#\\\/schema\\\/logo\\\/image\\\/\"},\"sameAs\":[\"https:\\\/\\\/www.facebook.com\\\/gruene.wi\",\"https:\\\/\\\/instagram.com\\\/gruene_wi\"]}]}<\/script>\n<!-- \/ Yoast SEO plugin. -->","yoast_head_json":{"title":"Spenden - B\u00dcNDNIS 90\/DIE GR\u00dcNEN Wiesbaden","description":"Hier erf\u00e4hrst du mehr dazu, wie du den Kreisverband Wiesbaden von B\u00dcNDNIS 90\/ DIE GR\u00dcNEN mit einer Spende unterst\u00fctzen kannst.","robots":{"index":"index","follow":"follow","max-snippet":"max-snippet:-1","max-image-preview":"max-image-preview:large","max-video-preview":"max-video-preview:-1"},"canonical":"https:\/\/gruene-wiesbaden.de\/tr\/spenden\/","og_locale":"tr_TR","og_type":"article","og_title":"Spenden - B\u00dcNDNIS 90\/DIE GR\u00dcNEN Wiesbaden","og_description":"Hier erf\u00e4hrst du mehr dazu, wie du den Kreisverband Wiesbaden von B\u00dcNDNIS 90\/ DIE GR\u00dcNEN mit einer Spende unterst\u00fctzen kannst.","og_url":"https:\/\/gruene-wiesbaden.de\/tr\/spenden\/","og_site_name":"B\u00dcNDNIS 90\/DIE GR\u00dcNEN Wiesbaden","article_publisher":"https:\/\/www.facebook.com\/gruene.wi","article_modified_time":"2026-04-08T22:53:28+00:00","twitter_card":"summary_large_image","twitter_misc":{"Tahmini okuma s\u00fcresi":"2 minutes"},"schema":{"@context":"https:\/\/schema.org","@graph":[{"@type":"WebPage","@id":"https:\/\/gruene-wiesbaden.de\/spenden\/","url":"https:\/\/gruene-wiesbaden.de\/spenden\/","name":"Spenden - B\u00dcNDNIS 90\/DIE GR\u00dcNEN Wiesbaden","isPartOf":{"@id":"https:\/\/gruene-wiesbaden.de\/#website"},"datePublished":"2025-03-21T10:54:01+00:00","dateModified":"2026-04-08T22:53:28+00:00","description":"Hier erf\u00e4hrst du mehr dazu, wie du den Kreisverband Wiesbaden von B\u00dcNDNIS 90\/ DIE GR\u00dcNEN mit einer Spende unterst\u00fctzen kannst.","breadcrumb":{"@id":"https:\/\/gruene-wiesbaden.de\/spenden\/#breadcrumb"},"inLanguage":"tr-TR","potentialAction":[{"@type":"ReadAction","target":["https:\/\/gruene-wiesbaden.de\/spenden\/"]}]},{"@type":"BreadcrumbList","@id":"https:\/\/gruene-wiesbaden.de\/spenden\/#breadcrumb","itemListElement":[{"@type":"ListItem","position":1,"name":"Startseite","item":"https:\/\/gruene-wiesbaden.de\/"},{"@type":"ListItem","position":2,"name":"Spenden"}]},{"@type":"WebSite","@id":"https:\/\/gruene-wiesbaden.de\/#website","url":"https:\/\/gruene-wiesbaden.de\/","name":"DIE GR\u00dcNEN Wiesbaden","description":"","publisher":{"@id":"https:\/\/gruene-wiesbaden.de\/#organization"},"potentialAction":[{"@type":"SearchAction","target":{"@type":"EntryPoint","urlTemplate":"https:\/\/gruene-wiesbaden.de\/?s={search_term_string}"},"query-input":{"@type":"PropertyValueSpecification","valueRequired":true,"valueName":"search_term_string"}}],"inLanguage":"tr-TR"},{"@type":"Organization","@id":"https:\/\/gruene-wiesbaden.de\/#organization","name":"DIE GR\u00dcNEN Wiesbaden","url":"https:\/\/gruene-wiesbaden.de\/","logo":{"@type":"ImageObject","inLanguage":"tr-TR","@id":"https:\/\/gruene-wiesbaden.de\/#\/schema\/logo\/image\/","url":"https:\/\/gruene-wiesbaden-fuer-europa.de\/wp-content\/uploads\/2024\/04\/Machen-was-zaehlt-5.png","contentUrl":"https:\/\/gruene-wiesbaden-fuer-europa.de\/wp-content\/uploads\/2024\/04\/Machen-was-zaehlt-5.png","width":1772,"height":1772,"caption":"DIE GR\u00dcNEN Wiesbaden"},"image":{"@id":"https:\/\/gruene-wiesbaden.de\/#\/schema\/logo\/image\/"},"sameAs":["https:\/\/www.facebook.com\/gruene.wi","https:\/\/instagram.com\/gruene_wi"]}]}},"_links":{"self":[{"href":"https:\/\/gruene-wiesbaden.de\/tr\/wp-json\/wp\/v2\/pages\/578","targetHints":{"allow":["GET"]}}],"collection":[{"href":"https:\/\/gruene-wiesbaden.de\/tr\/wp-json\/wp\/v2\/pages"}],"about":[{"href":"https:\/\/gruene-wiesbaden.de\/tr\/wp-json\/wp\/v2\/types\/page"}],"author":[{"embeddable":true,"href":"https:\/\/gruene-wiesbaden.de\/tr\/wp-json\/wp\/v2\/users\/1"}],"replies":[{"embeddable":true,"href":"https:\/\/gruene-wiesbaden.de\/tr\/wp-json\/wp\/v2\/comments?post=578"}],"version-history":[{"count":26,"href":"https:\/\/gruene-wiesbaden.de\/tr\/wp-json\/wp\/v2\/pages\/578\/revisions"}],"predecessor-version":[{"id":2388,"href":"https:\/\/gruene-wiesbaden.de\/tr\/wp-json\/wp\/v2\/pages\/578\/revisions\/2388"}],"wp:attachment":[{"href":"https:\/\/gruene-wiesbaden.de\/tr\/wp-json\/wp\/v2\/media?parent=578"}],"curies":[{"name":"wp","href":"https:\/\/api.w.org\/{rel}","templated":true}]}}