{"id":2096,"date":"2026-02-12T09:23:22","date_gmt":"2026-02-12T07:23:22","guid":{"rendered":"https:\/\/gruene-wiesbaden.de\/?page_id=2096"},"modified":"2026-03-09T20:20:41","modified_gmt":"2026-03-09T18:20:41","slug":"digitalcitylights","status":"publish","type":"page","link":"https:\/\/gruene-wiesbaden.de\/ro\/digitalcitylights\/","title":{"rendered":"Transparen\u021b\u0103 anun\u021b Walldecaux DigitalCitylights"},"content":{"rendered":"<section class=\"l-section wpb_row us_custom_057801f8 height_medium with_img\"><div class=\"l-section-img\" role=\"img\" data-img-width=\"1920\" data-img-height=\"768\" style=\"background-image: url(https:\/\/gruene-wiesbaden.de\/wp-content\/uploads\/2025\/11\/neuer-Verlauf-gruene-wiesbaden.de_-e1767650502847.png);background-repeat: no-repeat;\"><\/div><div class=\"l-section-h i-cf\"><div class=\"g-cols vc_row via_grid cols_1 laptops-cols_inherit tablets-cols_inherit mobiles-cols_1 valign_top type_default stacking_default\"><div class=\"wpb_column vc_column_container\"><div class=\"vc_column-inner\"><div class=\"g-cols wpb_row via_grid cols_1 laptops-cols_inherit tablets-cols_inherit mobiles-cols_1 valign_top type_boxes stacking_default\" style=\"--columns-gap:3rem;\"><div class=\"wpb_column vc_column_container us_custom_24a85f83 has_text_color\"><div class=\"vc_column-inner\"><div class=\"wpb_text_column\"><div class=\"wpb_wrapper\"><h1 style=\"text-align: center;\"><strong>Comunicare privind transparen\u021ba \u00een temeiul articolului 11 din Regulamentul (UE) 2024\/900 privind transparen\u021ba \u0219i vizarea unui public-\u021bint\u0103 \u00een publicitatea politic\u0103 (Regulamentul TTPA)<\/strong><\/h1>\n<\/div><\/div><div class=\"wpb_text_column\"><div class=\"wpb_wrapper\"><h3 style=\"text-align: center;\">Postere \u0219i Tablouri cu Digital City Light de la Walldecaux<\/h3>\n<\/div><\/div><div class=\"wpb_text_column\"><div class=\"wpb_wrapper\"><h3 style=\"text-align: center;\">Statut: 12.02.2026<\/h3>\n<\/div><\/div><div class=\"w-separator size_small\"><\/div><\/div><\/div><\/div><div class=\"g-cols wpb_row via_grid cols_1 laptops-cols_inherit tablets-cols_inherit mobiles-cols_1 valign_middle type_boxes stacking_default\" style=\"--columns-gap:2rem;\"><div class=\"wpb_column vc_column_container\"><div class=\"vc_column-overlay\" style=\"background:var(--color-content-bg)\"><\/div><div class=\"vc_column-inner\"><div class=\"wpb_text_column us_custom_6df4bc3a has_text_color\"><div class=\"wpb_wrapper\"><ol>\n<li style=\"font-weight: 400;\"><strong> Sponsorul publicit\u0103\u021bii politice<\/strong><\/li>\n<\/ol>\n<p style=\"font-weight: 400;\">Alliance 90\/The Greens \u2013 Wiesbaden County Association<br \/>\nAdres\u0103: Mainzer Stra\u00dfe 75, 65189 Wiesbaden<br \/>\nE-mail: kreisverband@gruene-wiesbaden.de<br \/>\nReprezentat\u0103 de: Rebecca Thomas \u0219i Daniel Schmitt, CEO<\/p>\n<ol start=\"2\">\n<li style=\"font-weight: 400;\"><strong> Agen\u021bie de pl\u0103\u021bi (a se vedea sponsorul)<\/strong><\/li>\n<\/ol>\n<ol start=\"3\">\n<li style=\"font-weight: 400;\"><strong> Perioada public\u0103rii<\/strong><\/li>\n<\/ol>\n<div><span>Publicitatea politic\u0103 va fi publicat\u0103 sau difuzat\u0103 \u00een perioada 24.2.2026-16.3.2026.<\/span><\/div>\n<\/div><\/div><div class=\"w-separator size_small\"><\/div><div class=\"wpb_text_column us_custom_6df4bc3a has_text_color\"><div class=\"wpb_wrapper\"><ol start=\"4\">\n<li style=\"font-weight: 400;\"><strong>Informa\u021bii privind finan\u021barea<\/strong><\/li>\n<\/ol>\n<p style=\"font-weight: 400;\">Valoarea total\u0103 a performan\u021bei publicitare: 14 771,32 EUR<br \/>\nSursa fondurilor: Resurse proprii provenite din cotiza\u021biile membrilor B\u00dcNDNIS 90\/DIE GR\u00dcNEN \u2013 Kreisverband Wiesbaden<br \/>\nOriginea fondurilor: \u00een cadrul Uniunii Europene<br \/>\nMetoda de calcul: pe baza sumelor facturate de prestatorul de servicii; proiectul a fost preluat de o angajat\u0103 a asocia\u021biei districtuale ca parte a activit\u0103\u021bii sale obi\u0219nuite.<\/p>\n<ol start=\"5\">\n<li style=\"font-weight: 400;\"><strong> Motivul\/contextul politic<\/strong><\/li>\n<\/ol>\n<p style=\"font-weight: 400;\">Acest anun\u021b este legat de alegerile municipale din Hessa din 2026.<br \/>\nInforma\u021bii oficiale privind votul:<br \/>\nResponsabil regional cu returnarea \u00een Hesse:<span>\u00a0<\/span><a href=\"https:\/\/wahlen.hessen.de\/kommunalwahlen\">https:\/\/wahlen.hessen.de\/kommunalwahlen<\/a><em><br \/>\n<\/em>Ministerul de Interne din Hessa:<span><em>\u00a0<\/em><\/span><a href=\"https:\/\/innen.hessen.de\/kommunales\/aufsicht\">https:\/\/innen.hessen.de\/kommunales\/aufsicht<\/a><\/p>\n<ol start=\"6\">\n<li style=\"font-weight: 400;\"><strong> Detaliile agentului de publicitate<\/strong><\/li>\n<\/ol>\n<p style=\"font-weight: 400;\">Sediul central al Wall GmbH<br \/>\nAdres\u0103: Heidestra\u00dfe 38, 10557 Berlin<br \/>\nE-mail: info@walldecaux.de<br \/>\nNum\u0103rul de telefon: +49 30 33899-0<br \/>\nSite-ul internet: www.walldecaux.de<br \/>\nTipul serviciului: Poster de lumin\u0103 digital\u0103 pentru ora\u0219 DDN 2026<\/p>\n<ol start=\"7\">\n<li style=\"font-weight: 400;\"><strong> Detalii privind publicarea<\/strong><\/li>\n<\/ol>\n<p style=\"font-weight: 400;\">Medie: Poster de lumin\u0103 digital\u0103 pentru ora\u0219 DDN 2026, Walldecaux<br \/>\nLocul\/regiunea de distribu\u021bie: Categorie: Zona ora\u0219ului Wiesbaden<\/p>\n<ol start=\"8\">\n<li style=\"font-weight: 400;\"><strong> Informa\u021bii privind direc\u021bionarea \u0219i prelucrarea datelor<\/strong><\/li>\n<\/ol>\n<p style=\"font-weight: 400;\">Neutilizarea datelor cu caracter personal.<\/p>\n<ol start=\"9\">\n<li style=\"font-weight: 400;\"><strong> Publica\u021bii\/corec\u021bii anterioare<\/strong><\/li>\n<\/ol>\n<p style=\"font-weight: 400;\">Nu exist\u0103 publica\u021bii sau corecturi anterioare.<\/p>\n<ol start=\"10\">\n<li style=\"font-weight: 400;\"><strong> Persoan\u0103 de contact pentru aspecte legate de transparen\u021b\u0103<\/strong><\/li>\n<\/ol>\n<p style=\"font-weight: 400;\">Denumire: Ramona Achhammer<br \/>\nE-mail: kreisverband@gruene-wiesbaden.de<br \/>\nResponsabil pentru con\u021binut \u0219i corectitudine:<br \/>\nAlliance 90\/The Greens \u2013 Wiesbaden County Association<\/p>\n<p style=\"font-weight: 400;\">Data: 12.02.2026<\/p>\n<\/div><\/div><\/div><\/div><\/div><div class=\"w-separator size_medium\"><\/div><\/div><\/div><\/div><\/div><\/section>","protected":false},"excerpt":{"rendered":"Comunicare privind transparen\u021ba \u00een temeiul articolului 11 din Regulamentul (UE) 2024\/900 privind transparen\u021ba \u0219i vizarea unui public-\u021bint\u0103 \u00een publicitatea politic\u0103 (Regulamentul TTPA) pe afi\u0219ele Walldecaux Digital City Light pe care le folosim Stand: 12.02.2026 Sponsor al publicit\u0103\u021bii politice B\u00dcNDNIS 90\/DIE GR\u00dcNEN \u2013 Kreisverband Wiesbaden Adresa: Mainzer Stra\u00dfe 75, 65189 Wiesbaden E-mail: kreisverband@gruene-wiesbaden.de Reprezentat\u0103 de: Rebecca Thomas \u0219i Daniel Schmitt,...","protected":false},"author":1,"featured_media":0,"parent":0,"menu_order":0,"comment_status":"closed","ping_status":"closed","template":"","meta":{"footnotes":""},"class_list":["post-2096","page","type-page","status-publish","hentry"],"yoast_head":"<!-- This site is optimized with the Yoast SEO plugin v27.4 - https:\/\/yoast.com\/product\/yoast-seo-wordpress\/ -->\n<title>Transparenzbekanntmachung Walldecaux DigitalCitylights - B\u00dcNDNIS 90\/DIE GR\u00dcNEN Wiesbaden<\/title>\n<meta name=\"robots\" content=\"index, follow, max-snippet:-1, max-image-preview:large, max-video-preview:-1\" \/>\n<link rel=\"canonical\" href=\"https:\/\/gruene-wiesbaden.de\/ro\/digitalcitylights\/\" \/>\n<meta property=\"og:locale\" content=\"ro_RO\" \/>\n<meta property=\"og:type\" content=\"article\" \/>\n<meta property=\"og:title\" content=\"Transparenzbekanntmachung Walldecaux DigitalCitylights - B\u00dcNDNIS 90\/DIE GR\u00dcNEN Wiesbaden\" \/>\n<meta property=\"og:url\" content=\"https:\/\/gruene-wiesbaden.de\/ro\/digitalcitylights\/\" \/>\n<meta property=\"og:site_name\" content=\"B\u00dcNDNIS 90\/DIE GR\u00dcNEN Wiesbaden\" \/>\n<meta property=\"article:publisher\" content=\"https:\/\/www.facebook.com\/gruene.wi\" \/>\n<meta property=\"article:modified_time\" content=\"2026-03-09T18:20:41+00:00\" \/>\n<meta name=\"twitter:card\" content=\"summary_large_image\" \/>\n<meta name=\"twitter:label1\" content=\"Timp estimat pentru citire\" \/>\n\t<meta name=\"twitter:data1\" content=\"2 minutes\" \/>\n<script type=\"application\/ld+json\" class=\"yoast-schema-graph\">{\"@context\":\"https:\\\/\\\/schema.org\",\"@graph\":[{\"@type\":\"WebPage\",\"@id\":\"https:\\\/\\\/gruene-wiesbaden.de\\\/digitalcitylights\\\/\",\"url\":\"https:\\\/\\\/gruene-wiesbaden.de\\\/digitalcitylights\\\/\",\"name\":\"Transparenzbekanntmachung Walldecaux DigitalCitylights - B\u00dcNDNIS 90\\\/DIE GR\u00dcNEN Wiesbaden\",\"isPartOf\":{\"@id\":\"https:\\\/\\\/gruene-wiesbaden.de\\\/#website\"},\"datePublished\":\"2026-02-12T07:23:22+00:00\",\"dateModified\":\"2026-03-09T18:20:41+00:00\",\"breadcrumb\":{\"@id\":\"https:\\\/\\\/gruene-wiesbaden.de\\\/digitalcitylights\\\/#breadcrumb\"},\"inLanguage\":\"ro-RO\",\"potentialAction\":[{\"@type\":\"ReadAction\",\"target\":[\"https:\\\/\\\/gruene-wiesbaden.de\\\/digitalcitylights\\\/\"]}]},{\"@type\":\"BreadcrumbList\",\"@id\":\"https:\\\/\\\/gruene-wiesbaden.de\\\/digitalcitylights\\\/#breadcrumb\",\"itemListElement\":[{\"@type\":\"ListItem\",\"position\":1,\"name\":\"Startseite\",\"item\":\"https:\\\/\\\/gruene-wiesbaden.de\\\/\"},{\"@type\":\"ListItem\",\"position\":2,\"name\":\"Transparenzbekanntmachung Walldecaux DigitalCitylights\"}]},{\"@type\":\"WebSite\",\"@id\":\"https:\\\/\\\/gruene-wiesbaden.de\\\/#website\",\"url\":\"https:\\\/\\\/gruene-wiesbaden.de\\\/\",\"name\":\"DIE GR\u00dcNEN Wiesbaden\",\"description\":\"\",\"publisher\":{\"@id\":\"https:\\\/\\\/gruene-wiesbaden.de\\\/#organization\"},\"potentialAction\":[{\"@type\":\"SearchAction\",\"target\":{\"@type\":\"EntryPoint\",\"urlTemplate\":\"https:\\\/\\\/gruene-wiesbaden.de\\\/?s={search_term_string}\"},\"query-input\":{\"@type\":\"PropertyValueSpecification\",\"valueRequired\":true,\"valueName\":\"search_term_string\"}}],\"inLanguage\":\"ro-RO\"},{\"@type\":\"Organization\",\"@id\":\"https:\\\/\\\/gruene-wiesbaden.de\\\/#organization\",\"name\":\"DIE GR\u00dcNEN Wiesbaden\",\"url\":\"https:\\\/\\\/gruene-wiesbaden.de\\\/\",\"logo\":{\"@type\":\"ImageObject\",\"inLanguage\":\"ro-RO\",\"@id\":\"https:\\\/\\\/gruene-wiesbaden.de\\\/#\\\/schema\\\/logo\\\/image\\\/\",\"url\":\"https:\\\/\\\/gruene-wiesbaden-fuer-europa.de\\\/wp-content\\\/uploads\\\/2024\\\/04\\\/Machen-was-zaehlt-5.png\",\"contentUrl\":\"https:\\\/\\\/gruene-wiesbaden-fuer-europa.de\\\/wp-content\\\/uploads\\\/2024\\\/04\\\/Machen-was-zaehlt-5.png\",\"width\":1772,\"height\":1772,\"caption\":\"DIE GR\u00dcNEN Wiesbaden\"},\"image\":{\"@id\":\"https:\\\/\\\/gruene-wiesbaden.de\\\/#\\\/schema\\\/logo\\\/image\\\/\"},\"sameAs\":[\"https:\\\/\\\/www.facebook.com\\\/gruene.wi\",\"https:\\\/\\\/instagram.com\\\/gruene_wi\"]}]}<\/script>\n<!-- \/ Yoast SEO plugin. -->","yoast_head_json":{"title":"Transparenzbekanntmachung Walldecaux DigitalCitylights - B\u00dcNDNIS 90\/DIE GR\u00dcNEN Wiesbaden","robots":{"index":"index","follow":"follow","max-snippet":"max-snippet:-1","max-image-preview":"max-image-preview:large","max-video-preview":"max-video-preview:-1"},"canonical":"https:\/\/gruene-wiesbaden.de\/ro\/digitalcitylights\/","og_locale":"ro_RO","og_type":"article","og_title":"Transparenzbekanntmachung Walldecaux DigitalCitylights - B\u00dcNDNIS 90\/DIE GR\u00dcNEN Wiesbaden","og_url":"https:\/\/gruene-wiesbaden.de\/ro\/digitalcitylights\/","og_site_name":"B\u00dcNDNIS 90\/DIE GR\u00dcNEN Wiesbaden","article_publisher":"https:\/\/www.facebook.com\/gruene.wi","article_modified_time":"2026-03-09T18:20:41+00:00","twitter_card":"summary_large_image","twitter_misc":{"Timp estimat pentru citire":"2 minutes"},"schema":{"@context":"https:\/\/schema.org","@graph":[{"@type":"WebPage","@id":"https:\/\/gruene-wiesbaden.de\/digitalcitylights\/","url":"https:\/\/gruene-wiesbaden.de\/digitalcitylights\/","name":"Transparenzbekanntmachung Walldecaux DigitalCitylights - B\u00dcNDNIS 90\/DIE GR\u00dcNEN Wiesbaden","isPartOf":{"@id":"https:\/\/gruene-wiesbaden.de\/#website"},"datePublished":"2026-02-12T07:23:22+00:00","dateModified":"2026-03-09T18:20:41+00:00","breadcrumb":{"@id":"https:\/\/gruene-wiesbaden.de\/digitalcitylights\/#breadcrumb"},"inLanguage":"ro-RO","potentialAction":[{"@type":"ReadAction","target":["https:\/\/gruene-wiesbaden.de\/digitalcitylights\/"]}]},{"@type":"BreadcrumbList","@id":"https:\/\/gruene-wiesbaden.de\/digitalcitylights\/#breadcrumb","itemListElement":[{"@type":"ListItem","position":1,"name":"Startseite","item":"https:\/\/gruene-wiesbaden.de\/"},{"@type":"ListItem","position":2,"name":"Transparenzbekanntmachung Walldecaux DigitalCitylights"}]},{"@type":"WebSite","@id":"https:\/\/gruene-wiesbaden.de\/#website","url":"https:\/\/gruene-wiesbaden.de\/","name":"DIE GR\u00dcNEN Wiesbaden","description":"","publisher":{"@id":"https:\/\/gruene-wiesbaden.de\/#organization"},"potentialAction":[{"@type":"SearchAction","target":{"@type":"EntryPoint","urlTemplate":"https:\/\/gruene-wiesbaden.de\/?s={search_term_string}"},"query-input":{"@type":"PropertyValueSpecification","valueRequired":true,"valueName":"search_term_string"}}],"inLanguage":"ro-RO"},{"@type":"Organization","@id":"https:\/\/gruene-wiesbaden.de\/#organization","name":"DIE GR\u00dcNEN Wiesbaden","url":"https:\/\/gruene-wiesbaden.de\/","logo":{"@type":"ImageObject","inLanguage":"ro-RO","@id":"https:\/\/gruene-wiesbaden.de\/#\/schema\/logo\/image\/","url":"https:\/\/gruene-wiesbaden-fuer-europa.de\/wp-content\/uploads\/2024\/04\/Machen-was-zaehlt-5.png","contentUrl":"https:\/\/gruene-wiesbaden-fuer-europa.de\/wp-content\/uploads\/2024\/04\/Machen-was-zaehlt-5.png","width":1772,"height":1772,"caption":"DIE GR\u00dcNEN Wiesbaden"},"image":{"@id":"https:\/\/gruene-wiesbaden.de\/#\/schema\/logo\/image\/"},"sameAs":["https:\/\/www.facebook.com\/gruene.wi","https:\/\/instagram.com\/gruene_wi"]}]}},"_links":{"self":[{"href":"https:\/\/gruene-wiesbaden.de\/ro\/wp-json\/wp\/v2\/pages\/2096","targetHints":{"allow":["GET"]}}],"collection":[{"href":"https:\/\/gruene-wiesbaden.de\/ro\/wp-json\/wp\/v2\/pages"}],"about":[{"href":"https:\/\/gruene-wiesbaden.de\/ro\/wp-json\/wp\/v2\/types\/page"}],"author":[{"embeddable":true,"href":"https:\/\/gruene-wiesbaden.de\/ro\/wp-json\/wp\/v2\/users\/1"}],"replies":[{"embeddable":true,"href":"https:\/\/gruene-wiesbaden.de\/ro\/wp-json\/wp\/v2\/comments?post=2096"}],"version-history":[{"count":8,"href":"https:\/\/gruene-wiesbaden.de\/ro\/wp-json\/wp\/v2\/pages\/2096\/revisions"}],"predecessor-version":[{"id":2161,"href":"https:\/\/gruene-wiesbaden.de\/ro\/wp-json\/wp\/v2\/pages\/2096\/revisions\/2161"}],"wp:attachment":[{"href":"https:\/\/gruene-wiesbaden.de\/ro\/wp-json\/wp\/v2\/media?parent=2096"}],"curies":[{"name":"wp","href":"https:\/\/api.w.org\/{rel}","templated":true}]}}