{"id":50,"date":"2024-04-06T10:03:53","date_gmt":"2024-04-06T10:03:53","guid":{"rendered":"https:\/\/gruene-wiesbaden-fuer-europa.de\/?page_id=50"},"modified":"2026-04-07T09:48:02","modified_gmt":"2026-04-07T07:48:02","slug":"impressum","status":"publish","type":"page","link":"https:\/\/gruene-wiesbaden.de\/pl\/impressum\/","title":{"rendered":"zastrze\u017cenie"},"content":{"rendered":"<section class=\"l-section wpb_row height_auto full_height valign_center with_slider\"><div class=\"l-section-slider\"><div class=\"w-slider style_none fit_cover nav_none count_1\"><div class=\"w-slider-h\"><div class=\"royalSlider\"><div class=\"rsContent\"><a class=\"rsImg\" data-rsw=\"3264\" data-rsh=\"2000\" href=\"https:\/\/gruene-wiesbaden.de\/wp-content\/uploads\/2025\/03\/youssef-naddam-iJ2IG8ckCpA-unsplash.png\"><span data-alt=\"\"><\/span><\/a><\/div><\/div><img decoding=\"async\" src=\"https:\/\/gruene-wiesbaden.de\/wp-content\/uploads\/2025\/03\/youssef-naddam-iJ2IG8ckCpA-unsplash.png\" width=\"3264\" height=\"2000\" alt loading=\"lazy\"><\/div><div class=\"w-slider-json\" onclick='return {&quot;autoScaleSlider&quot;:true,&quot;addActiveClass&quot;:true,&quot;loop&quot;:true,&quot;fadeInLoadedSlide&quot;:false,&quot;slidesSpacing&quot;:0,&quot;imageScalePadding&quot;:0,&quot;numImagesToPreload&quot;:2,&quot;arrowsNav&quot;:false,&quot;arrowsNavAutoHide&quot;:false,&quot;transitionType&quot;:&quot;move&quot;,&quot;transitionSpeed&quot;:1000,&quot;block&quot;:{&quot;moveEffect&quot;:&quot;none&quot;,&quot;speed&quot;:300},&quot;thumbs&quot;:{&quot;fitInViewport&quot;:false,&quot;firstMargin&quot;:false,&quot;spacing&quot;:4},&quot;controlNavigation&quot;:&quot;none&quot;,&quot;autoplay&quot;:{&quot;enabled&quot;:true,&quot;pauseOnHover&quot;:false,&quot;delay&quot;:3000},&quot;autoScaleSliderWidth&quot;:3264,&quot;autoScaleSliderHeight&quot;:2000}'><\/div><\/div><\/div><div class=\"l-section-h i-cf\"><div class=\"g-cols vc_row via_grid cols_1 laptops-cols_inherit tablets-cols_inherit mobiles-cols_1 valign_top type_default stacking_default\" style=\"--columns-gap:0rem;\"><div class=\"wpb_column vc_column_container\"><div class=\"vc_column-inner\"><div class=\"g-cols wpb_row via_grid cols_1 laptops-cols_inherit tablets-cols_inherit mobiles-cols_1 valign_top type_default stacking_default\" style=\"--columns-gap:3rem;\"><div class=\"wpb_column vc_column_container\"><div class=\"vc_column-inner\"><div class=\"wpb_text_column us_custom_2d6d43ab has_text_color background_inside_text\"><div class=\"wpb_wrapper\"><h1 style=\"text-align: center;\">IMPRINT<\/h1>\n<\/div><\/div><div class=\"w-separator size_large\"><\/div><div class=\"w-separator size_small\"><\/div><\/div><\/div><\/div><\/div><\/div><\/div><\/div><\/section><section class=\"l-section wpb_row height_medium\"><div class=\"l-section-overlay\" style=\"background:var(--color-alt-content-bg)\"><\/div><div class=\"l-section-h i-cf\"><div class=\"g-cols vc_row via_grid cols_1 laptops-cols_inherit tablets-cols_inherit mobiles-cols_1 valign_top type_default stacking_default\"><div class=\"wpb_column vc_column_container\"><div class=\"vc_column-inner\"><div class=\"g-cols wpb_row us_custom_564c68c1 has_text_color via_grid cols_1 laptops-cols_inherit tablets-cols_inherit mobiles-cols_1 valign_middle type_boxes stacking_default\" style=\"--columns-gap:3rem;\"><div class=\"wpb_column vc_column_container\"><div class=\"vc_column-inner\"><div class=\"wpb_text_column us_custom_564c68c1 has_text_color\"><div class=\"wpb_wrapper\"><h5>Operatorzy w rozumieniu \u00a75 pkt 1 i 2 (TMG):<\/h5>\n<p><strong>Wiesbaden (stowarzyszenie powiatowe)<br \/>\nSojusz 90\/Zieloni<\/strong><br \/>\nMainzer Stra\u00dfe 75<br \/>\n65189 Wiesbaden<br \/>\nTel.: 0152 25 29 35 65<br \/>\nPoczta: <a href=\"mailto:kreisverband@gruene-wiesbaden.de\">kreisverband@gruene-wiesbaden.de<\/a><\/p>\n<p>Rada upowa\u017cniona do reprezentowania:<br \/>\nRebecca Thomas i Daniel Schmitt<\/p>\n<\/div><\/div><div class=\"w-separator size_large\"><\/div><div class=\"wpb_text_column us_custom_564c68c1 has_text_color\"><div class=\"wpb_wrapper\"><h5>Osoba odpowiedzialna w rozumieniu \u00a7 55 ust. 2 RStV:<\/h5>\n<p><b>Rebecca Thomas (wsp\u00f3\u0142przewodnicz\u0105ca okr\u0119gowego stowarzyszenia)<\/b><br \/>\nMainzer Stra\u00dfe 75<br \/>\n65189 Wiesbaden<\/p>\n<p><strong>Godziny otwarcia i kontakt:<\/strong><br \/>\nCzwartek 4-6 pm i po wcze\u015bniejszym um\u00f3wieniu<br \/>\nTel.: 0152 25 29 35 65<br \/>\nPoczta: <a href=\"mailto:kreisverband@gruene-wiesbaden.de\">kreisverband@gruene-wiesbaden.de<\/a><\/p>\n<\/div><\/div><div class=\"w-separator size_large\"><\/div><div class=\"wpb_text_column\"><div class=\"wpb_wrapper\"><h5>prawa autorskie<\/h5>\n<p>Tre\u015bci i dzie\u0142a stworzone przez operator\u00f3w witryn na tych stronach podlegaj\u0105 niemieckiemu prawu autorskiemu. Powielanie, przetwarzanie, dystrybucja i wszelkiego rodzaju wykorzystywanie poza granicami prawa autorskiego wymaga pisemnej zgody odpowiednich autor\u00f3w lub tw\u00f3rc\u00f3w. Pliki do pobrania i kopie tej strony s\u0105 dozwolone tylko do u\u017cytku prywatnego, niekomercyjnego. O ile tre\u015bci na tej stronie nie zosta\u0142y stworzone przez operatora, prawa autorskie os\u00f3b trzecich s\u0105 przestrzegane. W szczeg\u00f3lno\u015bci tre\u015bci os\u00f3b trzecich s\u0105 oznaczone jako takie. Je\u015bli jednak dowiedz\u0105 si\u0119 Pa\u0144stwo o naruszeniu praw autorskich, prosimy o odpowiednie powiadomienie. Po uzyskaniu informacji o naruszeniach prawa natychmiast usuniemy takie tre\u015bci.<\/p>\n<h5>Odpowiedzialno\u015b\u0107 za tre\u015bci i linki na stronach internetowych os\u00f3b trzecich<\/h5>\n<p>Informacje, kt\u00f3re znajdziesz na naszej stronie internetowej, zosta\u0142y starannie zebrane i sprawdzone zgodnie z Twoj\u0105 najlepsz\u0105 wiedz\u0105 i przekonaniem. Nie udziela si\u0119 jednak \u017cadnej gwarancji co do poprawno\u015bci, kompletno\u015bci, aktualno\u015bci lub jako\u015bci i dost\u0119pno\u015bci dostarczonych informacji w dowolnym momencie.<br \/>\nTa strona internetowa zawiera r\u00f3wnie\u017c linki lub odniesienia do stron internetowych stron trzecich. Link\u00f3w tych nie nale\u017cy rozumie\u0107 jako zgody na ich tre\u015b\u0107. Odpowiedni dostawcy lub operatorzy (autorzy) stron s\u0105 odpowiedzialni za tre\u015b\u0107 link\u00f3w zewn\u0119trznych. Linki do innych stron internetowych zapewniaj\u0105 jedynie u\u017cytkownikom dost\u0119p do korzystania z tre\u015bci. W momencie \u0142\u0105czenia linki zewn\u0119trzne zosta\u0142y sprawdzone zgodnie z nasz\u0105 najlepsz\u0105 wiedz\u0105 i przekonaniem pod k\u0105tem mo\u017cliwych narusze\u0144 prawa. Sta\u0142y przegl\u0105d tre\u015bci link\u00f3w zewn\u0119trznych bez konkretnych wskaza\u0144 naruszenia prawa nie jest mo\u017cliwy. W przypadku link\u00f3w do stron internetowych os\u00f3b trzecich, za kt\u00f3re wydawca nie ponosi odpowiedzialno\u015bci, obowi\u0105zek odpowiedzialno\u015bci istnia\u0142by tylko wtedy, gdyby wydawca dowiedzia\u0142 si\u0119 o nielegalnych tre\u015bciach lub gdyby technicznie mo\u017cliwe i uzasadnione by\u0142o uniemo\u017cliwienie korzystania z tych tre\u015bci. Je\u015bli uwa\u017casz, \u017ce powi\u0105zane witryny zewn\u0119trzne naruszaj\u0105 obowi\u0105zuj\u0105ce prawo lub w inny spos\u00f3b zawieraj\u0105 nieodpowiednie tre\u015bci, daj nam zna\u0107.<\/p>\n<h5>Sprzeciw wobec e-maili reklamowych<\/h5>\n<p>Niniejszym wyra\u017anie sprzeciwiamy si\u0119 wykorzystywaniu danych kontaktowych opublikowanych w ramach obowi\u0105zku nadruku w celu przesy\u0142ania niezam\u00f3wionych materia\u0142\u00f3w reklamowych i informacyjnych. W przypadku niezam\u00f3wionego wysy\u0142ania informacji reklamowych, takich jak e-maile spamowe, operator tych stron zastrzega sobie prawo do podj\u0119cia dzia\u0142a\u0144 prawnych.<\/p>\n<h5>Odpowiedzialno\u015b\u0107 za tre\u015b\u0107 \u2013 wa\u017cno\u015b\u0107 prawna zastrze\u017cenia prawnego<\/h5>\n<p><span>Pomimo starannej kontroli tre\u015bci nie ponosimy odpowiedzialno\u015bci za tre\u015b\u0107 link\u00f3w zewn\u0119trznych. Operatorzy stron, do kt\u00f3rych prowadz\u0105 linki, ponosz\u0105 wy\u0142\u0105czn\u0105 odpowiedzialno\u015b\u0107 za ich tre\u015b\u0107.<\/span><\/p>\n<\/div><\/div><\/div><\/div><\/div><\/div><\/div><\/div><\/div><\/section>","protected":false},"excerpt":{"rendered":"Operatorzy IMPRESSUM w rozumieniu \u00a75 pkt 1 i 2 (TMG): Kreisverband Wiesbaden B\u00dcNDNIS 90\/DIE GR\u00dcNEN Mainzer Stra\u00dfe 75 65189 Wiesbaden Tel: 0152 25 29 35 65 Poczta: kreisverband@gruene-wiesbaden.de Autoryzowana rada przedstawicielska: Rebecca Thomas, Daniel Schmitt Osoba odpowiedzialna w rozumieniu \u00a7 55 ust. 2 RStV: Rebecca Thomas (wsp\u00f3\u0142przewodnicz\u0105ca stowarzyszenia powiatowego) Mainzer Stra\u00dfe 75 65189 Wiesbaden Godziny otwarcia i...","protected":false},"author":1,"featured_media":0,"parent":0,"menu_order":0,"comment_status":"closed","ping_status":"closed","template":"","meta":{"footnotes":""},"class_list":["post-50","page","type-page","status-publish","hentry"],"yoast_head":"<!-- This site is optimized with the Yoast SEO plugin v27.5 - https:\/\/yoast.com\/product\/yoast-seo-wordpress\/ -->\n<title>Impressum - B\u00dcNDNIS 90\/DIE GR\u00dcNEN Wiesbaden<\/title>\n<meta name=\"description\" content=\"Hier findest du Informationen zu den verantwortlichen Personen f\u00fcr die Website sowie Kontaktm\u00f6glichkeiten.\" \/>\n<meta name=\"robots\" content=\"index, follow, max-snippet:-1, max-image-preview:large, max-video-preview:-1\" \/>\n<link rel=\"canonical\" href=\"https:\/\/gruene-wiesbaden.de\/pl\/impressum\/\" \/>\n<meta property=\"og:locale\" content=\"pl_PL\" \/>\n<meta property=\"og:type\" content=\"article\" \/>\n<meta property=\"og:title\" content=\"Impressum - B\u00dcNDNIS 90\/DIE GR\u00dcNEN Wiesbaden\" \/>\n<meta property=\"og:description\" content=\"Hier findest du Informationen zu den verantwortlichen Personen f\u00fcr die Website sowie Kontaktm\u00f6glichkeiten.\" \/>\n<meta property=\"og:url\" content=\"https:\/\/gruene-wiesbaden.de\/pl\/impressum\/\" \/>\n<meta property=\"og:site_name\" content=\"B\u00dcNDNIS 90\/DIE GR\u00dcNEN Wiesbaden\" \/>\n<meta property=\"article:publisher\" content=\"https:\/\/www.facebook.com\/gruene.wi\" \/>\n<meta property=\"article:modified_time\" content=\"2026-04-07T07:48:02+00:00\" \/>\n<meta name=\"twitter:card\" content=\"summary_large_image\" \/>\n<meta name=\"twitter:label1\" content=\"Szacowany czas czytania\" \/>\n\t<meta name=\"twitter:data1\" content=\"3 minutes\" \/>\n<script type=\"application\/ld+json\" class=\"yoast-schema-graph\">{\"@context\":\"https:\\\/\\\/schema.org\",\"@graph\":[{\"@type\":\"WebPage\",\"@id\":\"https:\\\/\\\/gruene-wiesbaden.de\\\/impressum\\\/\",\"url\":\"https:\\\/\\\/gruene-wiesbaden.de\\\/impressum\\\/\",\"name\":\"Impressum - B\u00dcNDNIS 90\\\/DIE GR\u00dcNEN Wiesbaden\",\"isPartOf\":{\"@id\":\"https:\\\/\\\/gruene-wiesbaden.de\\\/#website\"},\"datePublished\":\"2024-04-06T10:03:53+00:00\",\"dateModified\":\"2026-04-07T07:48:02+00:00\",\"description\":\"Hier findest du Informationen zu den verantwortlichen Personen f\u00fcr die Website sowie Kontaktm\u00f6glichkeiten.\",\"breadcrumb\":{\"@id\":\"https:\\\/\\\/gruene-wiesbaden.de\\\/impressum\\\/#breadcrumb\"},\"inLanguage\":\"pl-PL\",\"potentialAction\":[{\"@type\":\"ReadAction\",\"target\":[\"https:\\\/\\\/gruene-wiesbaden.de\\\/impressum\\\/\"]}]},{\"@type\":\"BreadcrumbList\",\"@id\":\"https:\\\/\\\/gruene-wiesbaden.de\\\/impressum\\\/#breadcrumb\",\"itemListElement\":[{\"@type\":\"ListItem\",\"position\":1,\"name\":\"Startseite\",\"item\":\"https:\\\/\\\/gruene-wiesbaden.de\\\/\"},{\"@type\":\"ListItem\",\"position\":2,\"name\":\"Impressum\"}]},{\"@type\":\"WebSite\",\"@id\":\"https:\\\/\\\/gruene-wiesbaden.de\\\/#website\",\"url\":\"https:\\\/\\\/gruene-wiesbaden.de\\\/\",\"name\":\"DIE GR\u00dcNEN Wiesbaden\",\"description\":\"\",\"publisher\":{\"@id\":\"https:\\\/\\\/gruene-wiesbaden.de\\\/#organization\"},\"potentialAction\":[{\"@type\":\"SearchAction\",\"target\":{\"@type\":\"EntryPoint\",\"urlTemplate\":\"https:\\\/\\\/gruene-wiesbaden.de\\\/?s={search_term_string}\"},\"query-input\":{\"@type\":\"PropertyValueSpecification\",\"valueRequired\":true,\"valueName\":\"search_term_string\"}}],\"inLanguage\":\"pl-PL\"},{\"@type\":\"Organization\",\"@id\":\"https:\\\/\\\/gruene-wiesbaden.de\\\/#organization\",\"name\":\"DIE GR\u00dcNEN Wiesbaden\",\"url\":\"https:\\\/\\\/gruene-wiesbaden.de\\\/\",\"logo\":{\"@type\":\"ImageObject\",\"inLanguage\":\"pl-PL\",\"@id\":\"https:\\\/\\\/gruene-wiesbaden.de\\\/#\\\/schema\\\/logo\\\/image\\\/\",\"url\":\"https:\\\/\\\/gruene-wiesbaden-fuer-europa.de\\\/wp-content\\\/uploads\\\/2024\\\/04\\\/Machen-was-zaehlt-5.png\",\"contentUrl\":\"https:\\\/\\\/gruene-wiesbaden-fuer-europa.de\\\/wp-content\\\/uploads\\\/2024\\\/04\\\/Machen-was-zaehlt-5.png\",\"width\":1772,\"height\":1772,\"caption\":\"DIE GR\u00dcNEN Wiesbaden\"},\"image\":{\"@id\":\"https:\\\/\\\/gruene-wiesbaden.de\\\/#\\\/schema\\\/logo\\\/image\\\/\"},\"sameAs\":[\"https:\\\/\\\/www.facebook.com\\\/gruene.wi\",\"https:\\\/\\\/instagram.com\\\/gruene_wi\"]}]}<\/script>\n<!-- \/ Yoast SEO plugin. -->","yoast_head_json":{"title":"Impressum - B\u00dcNDNIS 90\/DIE GR\u00dcNEN Wiesbaden","description":"Hier findest du Informationen zu den verantwortlichen Personen f\u00fcr die Website sowie Kontaktm\u00f6glichkeiten.","robots":{"index":"index","follow":"follow","max-snippet":"max-snippet:-1","max-image-preview":"max-image-preview:large","max-video-preview":"max-video-preview:-1"},"canonical":"https:\/\/gruene-wiesbaden.de\/pl\/impressum\/","og_locale":"pl_PL","og_type":"article","og_title":"Impressum - B\u00dcNDNIS 90\/DIE GR\u00dcNEN Wiesbaden","og_description":"Hier findest du Informationen zu den verantwortlichen Personen f\u00fcr die Website sowie Kontaktm\u00f6glichkeiten.","og_url":"https:\/\/gruene-wiesbaden.de\/pl\/impressum\/","og_site_name":"B\u00dcNDNIS 90\/DIE GR\u00dcNEN Wiesbaden","article_publisher":"https:\/\/www.facebook.com\/gruene.wi","article_modified_time":"2026-04-07T07:48:02+00:00","twitter_card":"summary_large_image","twitter_misc":{"Szacowany czas czytania":"3 minutes"},"schema":{"@context":"https:\/\/schema.org","@graph":[{"@type":"WebPage","@id":"https:\/\/gruene-wiesbaden.de\/impressum\/","url":"https:\/\/gruene-wiesbaden.de\/impressum\/","name":"Impressum - B\u00dcNDNIS 90\/DIE GR\u00dcNEN Wiesbaden","isPartOf":{"@id":"https:\/\/gruene-wiesbaden.de\/#website"},"datePublished":"2024-04-06T10:03:53+00:00","dateModified":"2026-04-07T07:48:02+00:00","description":"Hier findest du Informationen zu den verantwortlichen Personen f\u00fcr die Website sowie Kontaktm\u00f6glichkeiten.","breadcrumb":{"@id":"https:\/\/gruene-wiesbaden.de\/impressum\/#breadcrumb"},"inLanguage":"pl-PL","potentialAction":[{"@type":"ReadAction","target":["https:\/\/gruene-wiesbaden.de\/impressum\/"]}]},{"@type":"BreadcrumbList","@id":"https:\/\/gruene-wiesbaden.de\/impressum\/#breadcrumb","itemListElement":[{"@type":"ListItem","position":1,"name":"Startseite","item":"https:\/\/gruene-wiesbaden.de\/"},{"@type":"ListItem","position":2,"name":"Impressum"}]},{"@type":"WebSite","@id":"https:\/\/gruene-wiesbaden.de\/#website","url":"https:\/\/gruene-wiesbaden.de\/","name":"DIE GR\u00dcNEN Wiesbaden","description":"","publisher":{"@id":"https:\/\/gruene-wiesbaden.de\/#organization"},"potentialAction":[{"@type":"SearchAction","target":{"@type":"EntryPoint","urlTemplate":"https:\/\/gruene-wiesbaden.de\/?s={search_term_string}"},"query-input":{"@type":"PropertyValueSpecification","valueRequired":true,"valueName":"search_term_string"}}],"inLanguage":"pl-PL"},{"@type":"Organization","@id":"https:\/\/gruene-wiesbaden.de\/#organization","name":"DIE GR\u00dcNEN Wiesbaden","url":"https:\/\/gruene-wiesbaden.de\/","logo":{"@type":"ImageObject","inLanguage":"pl-PL","@id":"https:\/\/gruene-wiesbaden.de\/#\/schema\/logo\/image\/","url":"https:\/\/gruene-wiesbaden-fuer-europa.de\/wp-content\/uploads\/2024\/04\/Machen-was-zaehlt-5.png","contentUrl":"https:\/\/gruene-wiesbaden-fuer-europa.de\/wp-content\/uploads\/2024\/04\/Machen-was-zaehlt-5.png","width":1772,"height":1772,"caption":"DIE GR\u00dcNEN Wiesbaden"},"image":{"@id":"https:\/\/gruene-wiesbaden.de\/#\/schema\/logo\/image\/"},"sameAs":["https:\/\/www.facebook.com\/gruene.wi","https:\/\/instagram.com\/gruene_wi"]}]}},"_links":{"self":[{"href":"https:\/\/gruene-wiesbaden.de\/pl\/wp-json\/wp\/v2\/pages\/50","targetHints":{"allow":["GET"]}}],"collection":[{"href":"https:\/\/gruene-wiesbaden.de\/pl\/wp-json\/wp\/v2\/pages"}],"about":[{"href":"https:\/\/gruene-wiesbaden.de\/pl\/wp-json\/wp\/v2\/types\/page"}],"author":[{"embeddable":true,"href":"https:\/\/gruene-wiesbaden.de\/pl\/wp-json\/wp\/v2\/users\/1"}],"replies":[{"embeddable":true,"href":"https:\/\/gruene-wiesbaden.de\/pl\/wp-json\/wp\/v2\/comments?post=50"}],"version-history":[{"count":18,"href":"https:\/\/gruene-wiesbaden.de\/pl\/wp-json\/wp\/v2\/pages\/50\/revisions"}],"predecessor-version":[{"id":2252,"href":"https:\/\/gruene-wiesbaden.de\/pl\/wp-json\/wp\/v2\/pages\/50\/revisions\/2252"}],"wp:attachment":[{"href":"https:\/\/gruene-wiesbaden.de\/pl\/wp-json\/wp\/v2\/media?parent=50"}],"curies":[{"name":"wp","href":"https:\/\/api.w.org\/{rel}","templated":true}]}}