{"id":2096,"date":"2026-02-12T09:23:22","date_gmt":"2026-02-12T07:23:22","guid":{"rendered":"https:\/\/gruene-wiesbaden.de\/?page_id=2096"},"modified":"2026-03-09T20:20:41","modified_gmt":"2026-03-09T18:20:41","slug":"digitalcitylights","status":"publish","type":"page","link":"https:\/\/gruene-wiesbaden.de\/pl\/digitalcitylights\/","title":{"rendered":"Og\u0142oszenie o przejrzysto\u015bci Walldecaux DigitalCitylights"},"content":{"rendered":"<section class=\"l-section wpb_row us_custom_057801f8 height_medium with_img\"><div class=\"l-section-img\" role=\"img\" data-img-width=\"1920\" data-img-height=\"768\" style=\"background-image: url(https:\/\/gruene-wiesbaden.de\/wp-content\/uploads\/2025\/11\/neuer-Verlauf-gruene-wiesbaden.de_-e1767650502847.png);background-repeat: no-repeat;\"><\/div><div class=\"l-section-h i-cf\"><div class=\"g-cols vc_row via_grid cols_1 laptops-cols_inherit tablets-cols_inherit mobiles-cols_1 valign_top type_default stacking_default\"><div class=\"wpb_column vc_column_container\"><div class=\"vc_column-inner\"><div class=\"g-cols wpb_row via_grid cols_1 laptops-cols_inherit tablets-cols_inherit mobiles-cols_1 valign_top type_boxes stacking_default\" style=\"--columns-gap:3rem;\"><div class=\"wpb_column vc_column_container us_custom_24a85f83 has_text_color\"><div class=\"vc_column-inner\"><div class=\"wpb_text_column\"><div class=\"wpb_wrapper\"><h1 style=\"text-align: center;\"><strong>Og\u0142oszenie o przejrzysto\u015bci na podstawie art. 11 rozporz\u0105dzenia (UE) 2024\/900 w sprawie przejrzysto\u015bci i targetowania reklamy politycznej (rozporz\u0105dzenie TTPA)<\/strong><\/h1>\n<\/div><\/div><div class=\"wpb_text_column\"><div class=\"wpb_wrapper\"><h3 style=\"text-align: center;\">Cyfrowe plakaty miejskie Walldecaux<\/h3>\n<\/div><\/div><div class=\"wpb_text_column\"><div class=\"wpb_wrapper\"><h3 style=\"text-align: center;\">Status: 12.02.2026<\/h3>\n<\/div><\/div><div class=\"w-separator size_small\"><\/div><\/div><\/div><\/div><div class=\"g-cols wpb_row via_grid cols_1 laptops-cols_inherit tablets-cols_inherit mobiles-cols_1 valign_middle type_boxes stacking_default\" style=\"--columns-gap:2rem;\"><div class=\"wpb_column vc_column_container\"><div class=\"vc_column-overlay\" style=\"background:var(--color-content-bg)\"><\/div><div class=\"vc_column-inner\"><div class=\"wpb_text_column us_custom_6df4bc3a has_text_color\"><div class=\"wpb_wrapper\"><ol>\n<li style=\"font-weight: 400;\"><strong> Sponsor reklamy politycznej<\/strong><\/li>\n<\/ol>\n<p style=\"font-weight: 400;\">Sojusz 90\/Zieloni \u2013 Stowarzyszenie Hrabstwa Wiesbaden<br \/>\nAdres: Mainzer Stra\u00dfe 75, 65189 Wiesbaden<br \/>\nAdres poczty elektronicznej: kreisverband@gruene-wiesbaden.de<br \/>\nReprezentowany przez: Rebecca Thomas i Daniel Schmitt, dyrektor generalny<\/p>\n<ol start=\"2\">\n<li style=\"font-weight: 400;\"><strong> Agencja p\u0142atnicza (zob. sponsor)<\/strong><\/li>\n<\/ol>\n<ol start=\"3\">\n<li style=\"font-weight: 400;\"><strong> Okres publikacji<\/strong><\/li>\n<\/ol>\n<div><span>Reklama polityczna zostanie opublikowana lub rozpowszechniona w okresie od 24.02.2026 r. do 16.03.2026 r.<\/span><\/div>\n<\/div><\/div><div class=\"w-separator size_small\"><\/div><div class=\"wpb_text_column us_custom_6df4bc3a has_text_color\"><div class=\"wpb_wrapper\"><ol start=\"4\">\n<li style=\"font-weight: 400;\"><strong>Informacje na temat finansowania<\/strong><\/li>\n<\/ol>\n<p style=\"font-weight: 400;\">\u0141\u0105czna warto\u015b\u0107 wynik\u00f3w reklamowych: 14 771,32 EUR<br \/>\n\u0179r\u00f3d\u0142o finansowania: Zasoby w\u0142asne ze sk\u0142adek cz\u0142onkowskich B\u00dcNDNIS 90\/DIE GR\u00dcNEN \u2013 Kreisverband Wiesbaden<br \/>\nPochodzenie funduszy: w Unii Europejskiej<br \/>\nMetoda obliczania: na podstawie kwot faktur wystawionych przez us\u0142ugodawc\u0119; projekt zosta\u0142 przej\u0119ty przez pracownika zwi\u0105zku powiatowego w ramach jej zwyk\u0142ej pracy.<\/p>\n<ol start=\"5\">\n<li style=\"font-weight: 400;\"><strong> Uzasadnienie \/ kontekst polityczny<\/strong><\/li>\n<\/ol>\n<p style=\"font-weight: 400;\">Ta reklama jest zwi\u0105zana z wyborami samorz\u0105dowymi w Hesji w 2026 r.<br \/>\nOficjalne informacje na temat g\u0142osowania:<br \/>\nRegionalny urz\u0119dnik ds. powrot\u00f3w w Hesji:<span>\u00a0<\/span><a href=\"https:\/\/wahlen.hessen.de\/kommunalwahlen\">https:\/\/wahlen.hessen.de\/kommunalwahlen<\/a><em><br \/>\n<\/em>Ministerstwo Spraw Wewn\u0119trznych Hesji:<span><em>\u00a0<\/em><\/span><a href=\"https:\/\/innen.hessen.de\/kommunales\/aufsicht\">https:\/\/innen.hessen.de\/kommunales\/aufsicht<\/a><\/p>\n<ol start=\"6\">\n<li style=\"font-weight: 400;\"><strong> Szczeg\u00f3\u0142y dotycz\u0105ce reklamodawcy<\/strong><\/li>\n<\/ol>\n<p style=\"font-weight: 400;\">Siedziba g\u0142\u00f3wna Wall GmbH<br \/>\nAdres: Heidestra\u00dfe 38, 10557 Berlin<br \/>\nAdres poczty elektronicznej: info@walldecaux.de<br \/>\nTelefon: +49 30 33899-0<br \/>\nStrona internetowa: www.walldecaux.de<br \/>\nRodzaj us\u0142ugi: Cyfrowy plakat miejski DDN 2026<\/p>\n<ol start=\"7\">\n<li style=\"font-weight: 400;\"><strong> Szczeg\u00f3\u0142y publikacji<\/strong><\/li>\n<\/ol>\n<p style=\"font-weight: 400;\">\u015arednie: Cyfrowy plakat miejski DDN 2026, Walldecaux<br \/>\nMiejsce\/region dystrybucji: Wiesbaden (miasto)<\/p>\n<ol start=\"8\">\n<li style=\"font-weight: 400;\"><strong> Informacje na temat targetowania i przetwarzania danych<\/strong><\/li>\n<\/ol>\n<p style=\"font-weight: 400;\">Niewykorzystywanie danych osobowych.<\/p>\n<ol start=\"9\">\n<li style=\"font-weight: 400;\"><strong> Poprzednie publikacje \/ korekty<\/strong><\/li>\n<\/ol>\n<p style=\"font-weight: 400;\">Nie ma wcze\u015bniejszych publikacji ani poprawek.<\/p>\n<ol start=\"10\">\n<li style=\"font-weight: 400;\"><strong> Osoba wyznaczona do kontakt\u00f3w w sprawach dotycz\u0105cych przejrzysto\u015bci<\/strong><\/li>\n<\/ol>\n<p style=\"font-weight: 400;\">Imi\u0119 i nazwisko: Ramona Achhammer<br \/>\nAdres poczty elektronicznej: kreisverband@gruene-wiesbaden.de<br \/>\nOdpowiedzialny za tre\u015b\u0107 i poprawno\u015b\u0107:<br \/>\nSojusz 90\/Zieloni \u2013 Stowarzyszenie Hrabstwa Wiesbaden<\/p>\n<p style=\"font-weight: 400;\">Data: 12.02.2026<\/p>\n<\/div><\/div><\/div><\/div><\/div><div class=\"w-separator size_medium\"><\/div><\/div><\/div><\/div><\/div><\/section>","protected":false},"excerpt":{"rendered":"Zawiadomienie o przejrzysto\u015bci na podstawie art. 11 rozporz\u0105dzenia (UE) 2024\/900 w sprawie przejrzysto\u015bci i targetowania reklamy politycznej (rozporz\u0105dzenie TTPA) na plakatach Walldecaux Digital City Light, z kt\u00f3rych korzystamy na stoisku: 12.02.2026 Sponsor reklamy politycznej B\u00dcNDNIS 90\/DIE GR\u00dcNEN \u2013 Kreisverband Wiesbaden Adres: Mainzer Stra\u00dfe 75, 65189 Wiesbaden Adres e-mail: kreisverband@gruene-wiesbaden.de Reprezentowany przez: Rebecca Thomas i Daniel Schmitt...","protected":false},"author":1,"featured_media":0,"parent":0,"menu_order":0,"comment_status":"closed","ping_status":"closed","template":"","meta":{"footnotes":""},"class_list":["post-2096","page","type-page","status-publish","hentry"],"yoast_head":"<!-- This site is optimized with the Yoast SEO plugin v27.4 - https:\/\/yoast.com\/product\/yoast-seo-wordpress\/ -->\n<title>Transparenzbekanntmachung Walldecaux DigitalCitylights - B\u00dcNDNIS 90\/DIE GR\u00dcNEN Wiesbaden<\/title>\n<meta name=\"robots\" content=\"index, follow, max-snippet:-1, max-image-preview:large, max-video-preview:-1\" \/>\n<link rel=\"canonical\" href=\"https:\/\/gruene-wiesbaden.de\/pl\/digitalcitylights\/\" \/>\n<meta property=\"og:locale\" content=\"pl_PL\" \/>\n<meta property=\"og:type\" content=\"article\" \/>\n<meta property=\"og:title\" content=\"Transparenzbekanntmachung Walldecaux DigitalCitylights - B\u00dcNDNIS 90\/DIE GR\u00dcNEN Wiesbaden\" \/>\n<meta property=\"og:url\" content=\"https:\/\/gruene-wiesbaden.de\/pl\/digitalcitylights\/\" \/>\n<meta property=\"og:site_name\" content=\"B\u00dcNDNIS 90\/DIE GR\u00dcNEN Wiesbaden\" \/>\n<meta property=\"article:publisher\" content=\"https:\/\/www.facebook.com\/gruene.wi\" \/>\n<meta property=\"article:modified_time\" content=\"2026-03-09T18:20:41+00:00\" \/>\n<meta name=\"twitter:card\" content=\"summary_large_image\" \/>\n<meta name=\"twitter:label1\" content=\"Szacowany czas czytania\" \/>\n\t<meta name=\"twitter:data1\" content=\"2 minutes\" \/>\n<script type=\"application\/ld+json\" class=\"yoast-schema-graph\">{\"@context\":\"https:\\\/\\\/schema.org\",\"@graph\":[{\"@type\":\"WebPage\",\"@id\":\"https:\\\/\\\/gruene-wiesbaden.de\\\/digitalcitylights\\\/\",\"url\":\"https:\\\/\\\/gruene-wiesbaden.de\\\/digitalcitylights\\\/\",\"name\":\"Transparenzbekanntmachung Walldecaux DigitalCitylights - B\u00dcNDNIS 90\\\/DIE GR\u00dcNEN Wiesbaden\",\"isPartOf\":{\"@id\":\"https:\\\/\\\/gruene-wiesbaden.de\\\/#website\"},\"datePublished\":\"2026-02-12T07:23:22+00:00\",\"dateModified\":\"2026-03-09T18:20:41+00:00\",\"breadcrumb\":{\"@id\":\"https:\\\/\\\/gruene-wiesbaden.de\\\/digitalcitylights\\\/#breadcrumb\"},\"inLanguage\":\"pl-PL\",\"potentialAction\":[{\"@type\":\"ReadAction\",\"target\":[\"https:\\\/\\\/gruene-wiesbaden.de\\\/digitalcitylights\\\/\"]}]},{\"@type\":\"BreadcrumbList\",\"@id\":\"https:\\\/\\\/gruene-wiesbaden.de\\\/digitalcitylights\\\/#breadcrumb\",\"itemListElement\":[{\"@type\":\"ListItem\",\"position\":1,\"name\":\"Startseite\",\"item\":\"https:\\\/\\\/gruene-wiesbaden.de\\\/\"},{\"@type\":\"ListItem\",\"position\":2,\"name\":\"Transparenzbekanntmachung Walldecaux DigitalCitylights\"}]},{\"@type\":\"WebSite\",\"@id\":\"https:\\\/\\\/gruene-wiesbaden.de\\\/#website\",\"url\":\"https:\\\/\\\/gruene-wiesbaden.de\\\/\",\"name\":\"DIE GR\u00dcNEN Wiesbaden\",\"description\":\"\",\"publisher\":{\"@id\":\"https:\\\/\\\/gruene-wiesbaden.de\\\/#organization\"},\"potentialAction\":[{\"@type\":\"SearchAction\",\"target\":{\"@type\":\"EntryPoint\",\"urlTemplate\":\"https:\\\/\\\/gruene-wiesbaden.de\\\/?s={search_term_string}\"},\"query-input\":{\"@type\":\"PropertyValueSpecification\",\"valueRequired\":true,\"valueName\":\"search_term_string\"}}],\"inLanguage\":\"pl-PL\"},{\"@type\":\"Organization\",\"@id\":\"https:\\\/\\\/gruene-wiesbaden.de\\\/#organization\",\"name\":\"DIE GR\u00dcNEN Wiesbaden\",\"url\":\"https:\\\/\\\/gruene-wiesbaden.de\\\/\",\"logo\":{\"@type\":\"ImageObject\",\"inLanguage\":\"pl-PL\",\"@id\":\"https:\\\/\\\/gruene-wiesbaden.de\\\/#\\\/schema\\\/logo\\\/image\\\/\",\"url\":\"https:\\\/\\\/gruene-wiesbaden-fuer-europa.de\\\/wp-content\\\/uploads\\\/2024\\\/04\\\/Machen-was-zaehlt-5.png\",\"contentUrl\":\"https:\\\/\\\/gruene-wiesbaden-fuer-europa.de\\\/wp-content\\\/uploads\\\/2024\\\/04\\\/Machen-was-zaehlt-5.png\",\"width\":1772,\"height\":1772,\"caption\":\"DIE GR\u00dcNEN Wiesbaden\"},\"image\":{\"@id\":\"https:\\\/\\\/gruene-wiesbaden.de\\\/#\\\/schema\\\/logo\\\/image\\\/\"},\"sameAs\":[\"https:\\\/\\\/www.facebook.com\\\/gruene.wi\",\"https:\\\/\\\/instagram.com\\\/gruene_wi\"]}]}<\/script>\n<!-- \/ Yoast SEO plugin. -->","yoast_head_json":{"title":"Transparenzbekanntmachung Walldecaux DigitalCitylights - B\u00dcNDNIS 90\/DIE GR\u00dcNEN Wiesbaden","robots":{"index":"index","follow":"follow","max-snippet":"max-snippet:-1","max-image-preview":"max-image-preview:large","max-video-preview":"max-video-preview:-1"},"canonical":"https:\/\/gruene-wiesbaden.de\/pl\/digitalcitylights\/","og_locale":"pl_PL","og_type":"article","og_title":"Transparenzbekanntmachung Walldecaux DigitalCitylights - B\u00dcNDNIS 90\/DIE GR\u00dcNEN Wiesbaden","og_url":"https:\/\/gruene-wiesbaden.de\/pl\/digitalcitylights\/","og_site_name":"B\u00dcNDNIS 90\/DIE GR\u00dcNEN Wiesbaden","article_publisher":"https:\/\/www.facebook.com\/gruene.wi","article_modified_time":"2026-03-09T18:20:41+00:00","twitter_card":"summary_large_image","twitter_misc":{"Szacowany czas czytania":"2 minutes"},"schema":{"@context":"https:\/\/schema.org","@graph":[{"@type":"WebPage","@id":"https:\/\/gruene-wiesbaden.de\/digitalcitylights\/","url":"https:\/\/gruene-wiesbaden.de\/digitalcitylights\/","name":"Transparenzbekanntmachung Walldecaux DigitalCitylights - B\u00dcNDNIS 90\/DIE GR\u00dcNEN Wiesbaden","isPartOf":{"@id":"https:\/\/gruene-wiesbaden.de\/#website"},"datePublished":"2026-02-12T07:23:22+00:00","dateModified":"2026-03-09T18:20:41+00:00","breadcrumb":{"@id":"https:\/\/gruene-wiesbaden.de\/digitalcitylights\/#breadcrumb"},"inLanguage":"pl-PL","potentialAction":[{"@type":"ReadAction","target":["https:\/\/gruene-wiesbaden.de\/digitalcitylights\/"]}]},{"@type":"BreadcrumbList","@id":"https:\/\/gruene-wiesbaden.de\/digitalcitylights\/#breadcrumb","itemListElement":[{"@type":"ListItem","position":1,"name":"Startseite","item":"https:\/\/gruene-wiesbaden.de\/"},{"@type":"ListItem","position":2,"name":"Transparenzbekanntmachung Walldecaux DigitalCitylights"}]},{"@type":"WebSite","@id":"https:\/\/gruene-wiesbaden.de\/#website","url":"https:\/\/gruene-wiesbaden.de\/","name":"DIE GR\u00dcNEN Wiesbaden","description":"","publisher":{"@id":"https:\/\/gruene-wiesbaden.de\/#organization"},"potentialAction":[{"@type":"SearchAction","target":{"@type":"EntryPoint","urlTemplate":"https:\/\/gruene-wiesbaden.de\/?s={search_term_string}"},"query-input":{"@type":"PropertyValueSpecification","valueRequired":true,"valueName":"search_term_string"}}],"inLanguage":"pl-PL"},{"@type":"Organization","@id":"https:\/\/gruene-wiesbaden.de\/#organization","name":"DIE GR\u00dcNEN Wiesbaden","url":"https:\/\/gruene-wiesbaden.de\/","logo":{"@type":"ImageObject","inLanguage":"pl-PL","@id":"https:\/\/gruene-wiesbaden.de\/#\/schema\/logo\/image\/","url":"https:\/\/gruene-wiesbaden-fuer-europa.de\/wp-content\/uploads\/2024\/04\/Machen-was-zaehlt-5.png","contentUrl":"https:\/\/gruene-wiesbaden-fuer-europa.de\/wp-content\/uploads\/2024\/04\/Machen-was-zaehlt-5.png","width":1772,"height":1772,"caption":"DIE GR\u00dcNEN Wiesbaden"},"image":{"@id":"https:\/\/gruene-wiesbaden.de\/#\/schema\/logo\/image\/"},"sameAs":["https:\/\/www.facebook.com\/gruene.wi","https:\/\/instagram.com\/gruene_wi"]}]}},"_links":{"self":[{"href":"https:\/\/gruene-wiesbaden.de\/pl\/wp-json\/wp\/v2\/pages\/2096","targetHints":{"allow":["GET"]}}],"collection":[{"href":"https:\/\/gruene-wiesbaden.de\/pl\/wp-json\/wp\/v2\/pages"}],"about":[{"href":"https:\/\/gruene-wiesbaden.de\/pl\/wp-json\/wp\/v2\/types\/page"}],"author":[{"embeddable":true,"href":"https:\/\/gruene-wiesbaden.de\/pl\/wp-json\/wp\/v2\/users\/1"}],"replies":[{"embeddable":true,"href":"https:\/\/gruene-wiesbaden.de\/pl\/wp-json\/wp\/v2\/comments?post=2096"}],"version-history":[{"count":8,"href":"https:\/\/gruene-wiesbaden.de\/pl\/wp-json\/wp\/v2\/pages\/2096\/revisions"}],"predecessor-version":[{"id":2161,"href":"https:\/\/gruene-wiesbaden.de\/pl\/wp-json\/wp\/v2\/pages\/2096\/revisions\/2161"}],"wp:attachment":[{"href":"https:\/\/gruene-wiesbaden.de\/pl\/wp-json\/wp\/v2\/media?parent=2096"}],"curies":[{"name":"wp","href":"https:\/\/api.w.org\/{rel}","templated":true}]}}