{"id":50,"date":"2024-04-06T10:03:53","date_gmt":"2024-04-06T10:03:53","guid":{"rendered":"https:\/\/gruene-wiesbaden-fuer-europa.de\/?page_id=50"},"modified":"2026-04-07T09:48:02","modified_gmt":"2026-04-07T07:48:02","slug":"impressum","status":"publish","type":"page","link":"https:\/\/gruene-wiesbaden.de\/it\/impressum\/","title":{"rendered":"Disclaimer"},"content":{"rendered":"<section class=\"l-section wpb_row height_auto full_height valign_center with_slider\"><div class=\"l-section-slider\"><div class=\"w-slider style_none fit_cover nav_none count_1\"><div class=\"w-slider-h\"><div class=\"royalSlider\"><div class=\"rsContent\"><a class=\"rsImg\" data-rsw=\"3264\" data-rsh=\"2000\" href=\"https:\/\/gruene-wiesbaden.de\/wp-content\/uploads\/2025\/03\/youssef-naddam-iJ2IG8ckCpA-unsplash.png\"><span data-alt=\"\"><\/span><\/a><\/div><\/div><img decoding=\"async\" src=\"https:\/\/gruene-wiesbaden.de\/wp-content\/uploads\/2025\/03\/youssef-naddam-iJ2IG8ckCpA-unsplash.png\" width=\"3264\" height=\"2000\" alt loading=\"lazy\"><\/div><div class=\"w-slider-json\" onclick='return {&quot;autoScaleSlider&quot;:true,&quot;addActiveClass&quot;:true,&quot;loop&quot;:true,&quot;fadeInLoadedSlide&quot;:false,&quot;slidesSpacing&quot;:0,&quot;imageScalePadding&quot;:0,&quot;numImagesToPreload&quot;:2,&quot;arrowsNav&quot;:false,&quot;arrowsNavAutoHide&quot;:false,&quot;transitionType&quot;:&quot;move&quot;,&quot;transitionSpeed&quot;:1000,&quot;block&quot;:{&quot;moveEffect&quot;:&quot;none&quot;,&quot;speed&quot;:300},&quot;thumbs&quot;:{&quot;fitInViewport&quot;:false,&quot;firstMargin&quot;:false,&quot;spacing&quot;:4},&quot;controlNavigation&quot;:&quot;none&quot;,&quot;autoplay&quot;:{&quot;enabled&quot;:true,&quot;pauseOnHover&quot;:false,&quot;delay&quot;:3000},&quot;autoScaleSliderWidth&quot;:3264,&quot;autoScaleSliderHeight&quot;:2000}'><\/div><\/div><\/div><div class=\"l-section-h i-cf\"><div class=\"g-cols vc_row via_grid cols_1 laptops-cols_inherit tablets-cols_inherit mobiles-cols_1 valign_top type_default stacking_default\" style=\"--columns-gap:0rem;\"><div class=\"wpb_column vc_column_container\"><div class=\"vc_column-inner\"><div class=\"g-cols wpb_row via_grid cols_1 laptops-cols_inherit tablets-cols_inherit mobiles-cols_1 valign_top type_default stacking_default\" style=\"--columns-gap:3rem;\"><div class=\"wpb_column vc_column_container\"><div class=\"vc_column-inner\"><div class=\"wpb_text_column us_custom_2d6d43ab has_text_color background_inside_text\"><div class=\"wpb_wrapper\"><h1 style=\"text-align: center;\">IMPRINT<\/h1>\n<\/div><\/div><div class=\"w-separator size_large\"><\/div><div class=\"w-separator size_small\"><\/div><\/div><\/div><\/div><\/div><\/div><\/div><\/div><\/section><section class=\"l-section wpb_row height_medium\"><div class=\"l-section-overlay\" style=\"background:var(--color-alt-content-bg)\"><\/div><div class=\"l-section-h i-cf\"><div class=\"g-cols vc_row via_grid cols_1 laptops-cols_inherit tablets-cols_inherit mobiles-cols_1 valign_top type_default stacking_default\"><div class=\"wpb_column vc_column_container\"><div class=\"vc_column-inner\"><div class=\"g-cols wpb_row us_custom_564c68c1 has_text_color via_grid cols_1 laptops-cols_inherit tablets-cols_inherit mobiles-cols_1 valign_middle type_boxes stacking_default\" style=\"--columns-gap:3rem;\"><div class=\"wpb_column vc_column_container\"><div class=\"vc_column-inner\"><div class=\"wpb_text_column us_custom_564c68c1 has_text_color\"><div class=\"wpb_wrapper\"><h5>Operatori ai sensi del \u00a7 5, punti 1 e 2 (TMG):<\/h5>\n<p><strong>Associazione distrettuale di Wiesbaden<br \/>\nAlleanza 90\/I Verdi<\/strong><br \/>\nMainzer Stra\u00dfe 75<br \/>\n65189 Wiesbaden<br \/>\nTel: 0152 25 29 35 65<br \/>\nPosta elettronica: <a href=\"mailto:kreisverband@gruene-wiesbaden.de\">kreisverband@gruene-wiesbaden.de<\/a><\/p>\n<p>Commissione abilitata a rappresentare:<br \/>\nRebecca Thomas e Daniel Schmitt<\/p>\n<\/div><\/div><div class=\"w-separator size_large\"><\/div><div class=\"wpb_text_column us_custom_564c68c1 has_text_color\"><div class=\"wpb_wrapper\"><h5>Responsabile ai sensi dell'articolo 55, paragrafo 2, RStV:<\/h5>\n<p><b>Rebecca Thomas (copresidente dell'associazione distrettuale)<\/b><br \/>\nMainzer Stra\u00dfe 75<br \/>\n65189 Wiesbaden<\/p>\n<p><strong>Orari di apertura e contatto:<\/strong><br \/>\nGioved\u00ec 16-18 e su appuntamento<br \/>\nTel: 0152 25 29 35 65<br \/>\nPosta elettronica: <a href=\"mailto:kreisverband@gruene-wiesbaden.de\">kreisverband@gruene-wiesbaden.de<\/a><\/p>\n<\/div><\/div><div class=\"w-separator size_large\"><\/div><div class=\"wpb_text_column\"><div class=\"wpb_wrapper\"><h5>diritti d'autore<\/h5>\n<p>I contenuti e le opere create dai gestori del sito su queste pagine sono soggetti alla legge tedesca sul diritto d'autore. La riproduzione, l'elaborazione, la distribuzione e qualsiasi tipo di sfruttamento al di fuori dei limiti della legge sul copyright richiedono il consenso scritto dei rispettivi autori o creatori. I download e le copie di questo sito sono consentiti solo per uso privato e non commerciale. Nella misura in cui il contenuto di questa pagina non \u00e8 stato creato dal gestore, vengono rispettati i diritti d'autore di terzi. In particolare, i contenuti di terze parti sono contrassegnati come tali. Qualora dovessi comunque venire a conoscenza di una violazione del copyright, ti chiediamo un avviso corrispondente. Dopo essere venuti a conoscenza di violazioni legali, rimuoveremo immediatamente tali contenuti.<\/p>\n<h5>Responsabilit\u00e0 per contenuti e link su siti web di terze parti<\/h5>\n<p>Le informazioni che trovate sul nostro sito web sono state accuratamente compilate e controllate al meglio delle vostre conoscenze e convinzioni. Tuttavia, non viene fornita alcuna garanzia per la correttezza, la completezza, l'attualit\u00e0 o la qualit\u00e0 e la disponibilit\u00e0 delle informazioni fornite in qualsiasi momento.<br \/>\nQuesto sito web contiene anche link o riferimenti a siti web di terze parti. Questi link non sono da intendersi come consenso al loro contenuto. I rispettivi fornitori o operatori (autori) delle pagine sono responsabili dei contenuti dei link esterni. I link ad altri siti web si limitano a fornire agli utenti l'accesso all'utilizzo dei contenuti. Al momento del collegamento, i collegamenti esterni sono stati controllati al meglio delle nostre conoscenze e convinzioni per possibili violazioni legali. Una revisione costante del contenuto dei link esterni senza indicazioni concrete di una violazione della legge non \u00e8 possibile. Nel caso di collegamenti a siti Web di terzi, che esulano dalla responsabilit\u00e0 dell'editore, un obbligo di responsabilit\u00e0 sussisterebbe solo se l'editore venisse a conoscenza dei contenuti illegali o se fosse tecnicamente possibile e ragionevole impedire l'uso di tali contenuti. Se ritieni che i siti esterni collegati violino la legge applicabile o abbiano in altro modo contenuti inappropriati, faccelo sapere.<\/p>\n<h5>Obiezione alle e-mail pubblicitarie<\/h5>\n<p>Con la presente ci opponiamo espressamente all'utilizzo dei dati di contatto pubblicati nell'ambito dell'obbligo di imprinting per la trasmissione di materiale pubblicitario e informativo non richiesto. In caso di invio non richiesto di informazioni pubblicitarie, come e-mail di spam, il gestore di queste pagine si riserva il diritto di intraprendere azioni legali.<\/p>\n<h5>Responsabilit\u00e0 per i contenuti \u2013 Validit\u00e0 giuridica della clausola di esclusione della responsabilit\u00e0<\/h5>\n<p><span>Nonostante un attento controllo dei contenuti, non ci assumiamo alcuna responsabilit\u00e0 per il contenuto dei link esterni. Gli operatori delle pagine collegate sono gli unici responsabili del loro contenuto.<\/span><\/p>\n<\/div><\/div><\/div><\/div><\/div><\/div><\/div><\/div><\/div><\/section>","protected":false},"excerpt":{"rendered":"IMPRESSUM Operatori ai sensi del \u00a7 5, punti 1 e 2 (TMG): Kreisverband Wiesbaden B\u00dcNDNIS 90\/DIE GR\u00dcNEN Mainzer Stra\u00dfe 75 65189 Wiesbaden Tel: 0152 25 29 35 65 Mail: kreisverband@gruene-wiesbaden.de Consiglio di rappresentanza autorizzato: Rebecca Thomas, Daniel Schmitt Responsabile ai sensi dell'articolo 55, paragrafo 2, RStV: Rebecca Thomas (Copresidente dell'associazione distrettuale) Mainzer Stra\u00dfe 75 65189 Wiesbaden Orari di apertura e...","protected":false},"author":1,"featured_media":0,"parent":0,"menu_order":0,"comment_status":"closed","ping_status":"closed","template":"","meta":{"footnotes":""},"class_list":["post-50","page","type-page","status-publish","hentry"],"yoast_head":"<!-- This site is optimized with the Yoast SEO plugin v27.5 - https:\/\/yoast.com\/product\/yoast-seo-wordpress\/ -->\n<title>Impressum - B\u00dcNDNIS 90\/DIE GR\u00dcNEN Wiesbaden<\/title>\n<meta name=\"description\" content=\"Hier findest du Informationen zu den verantwortlichen Personen f\u00fcr die Website sowie Kontaktm\u00f6glichkeiten.\" \/>\n<meta name=\"robots\" content=\"index, follow, max-snippet:-1, max-image-preview:large, max-video-preview:-1\" \/>\n<link rel=\"canonical\" href=\"https:\/\/gruene-wiesbaden.de\/it\/impressum\/\" \/>\n<meta property=\"og:locale\" content=\"it_IT\" \/>\n<meta property=\"og:type\" content=\"article\" \/>\n<meta property=\"og:title\" content=\"Impressum - B\u00dcNDNIS 90\/DIE GR\u00dcNEN Wiesbaden\" \/>\n<meta property=\"og:description\" content=\"Hier findest du Informationen zu den verantwortlichen Personen f\u00fcr die Website sowie Kontaktm\u00f6glichkeiten.\" \/>\n<meta property=\"og:url\" content=\"https:\/\/gruene-wiesbaden.de\/it\/impressum\/\" \/>\n<meta property=\"og:site_name\" content=\"B\u00dcNDNIS 90\/DIE GR\u00dcNEN Wiesbaden\" \/>\n<meta property=\"article:publisher\" content=\"https:\/\/www.facebook.com\/gruene.wi\" \/>\n<meta property=\"article:modified_time\" content=\"2026-04-07T07:48:02+00:00\" \/>\n<meta name=\"twitter:card\" content=\"summary_large_image\" \/>\n<meta name=\"twitter:label1\" content=\"Tempo di lettura stimato\" \/>\n\t<meta name=\"twitter:data1\" content=\"3 minutes\" \/>\n<script type=\"application\/ld+json\" class=\"yoast-schema-graph\">{\"@context\":\"https:\\\/\\\/schema.org\",\"@graph\":[{\"@type\":\"WebPage\",\"@id\":\"https:\\\/\\\/gruene-wiesbaden.de\\\/impressum\\\/\",\"url\":\"https:\\\/\\\/gruene-wiesbaden.de\\\/impressum\\\/\",\"name\":\"Impressum - B\u00dcNDNIS 90\\\/DIE GR\u00dcNEN Wiesbaden\",\"isPartOf\":{\"@id\":\"https:\\\/\\\/gruene-wiesbaden.de\\\/#website\"},\"datePublished\":\"2024-04-06T10:03:53+00:00\",\"dateModified\":\"2026-04-07T07:48:02+00:00\",\"description\":\"Hier findest du Informationen zu den verantwortlichen Personen f\u00fcr die Website sowie Kontaktm\u00f6glichkeiten.\",\"breadcrumb\":{\"@id\":\"https:\\\/\\\/gruene-wiesbaden.de\\\/impressum\\\/#breadcrumb\"},\"inLanguage\":\"it-IT\",\"potentialAction\":[{\"@type\":\"ReadAction\",\"target\":[\"https:\\\/\\\/gruene-wiesbaden.de\\\/impressum\\\/\"]}]},{\"@type\":\"BreadcrumbList\",\"@id\":\"https:\\\/\\\/gruene-wiesbaden.de\\\/impressum\\\/#breadcrumb\",\"itemListElement\":[{\"@type\":\"ListItem\",\"position\":1,\"name\":\"Startseite\",\"item\":\"https:\\\/\\\/gruene-wiesbaden.de\\\/\"},{\"@type\":\"ListItem\",\"position\":2,\"name\":\"Impressum\"}]},{\"@type\":\"WebSite\",\"@id\":\"https:\\\/\\\/gruene-wiesbaden.de\\\/#website\",\"url\":\"https:\\\/\\\/gruene-wiesbaden.de\\\/\",\"name\":\"DIE GR\u00dcNEN Wiesbaden\",\"description\":\"\",\"publisher\":{\"@id\":\"https:\\\/\\\/gruene-wiesbaden.de\\\/#organization\"},\"potentialAction\":[{\"@type\":\"SearchAction\",\"target\":{\"@type\":\"EntryPoint\",\"urlTemplate\":\"https:\\\/\\\/gruene-wiesbaden.de\\\/?s={search_term_string}\"},\"query-input\":{\"@type\":\"PropertyValueSpecification\",\"valueRequired\":true,\"valueName\":\"search_term_string\"}}],\"inLanguage\":\"it-IT\"},{\"@type\":\"Organization\",\"@id\":\"https:\\\/\\\/gruene-wiesbaden.de\\\/#organization\",\"name\":\"DIE GR\u00dcNEN Wiesbaden\",\"url\":\"https:\\\/\\\/gruene-wiesbaden.de\\\/\",\"logo\":{\"@type\":\"ImageObject\",\"inLanguage\":\"it-IT\",\"@id\":\"https:\\\/\\\/gruene-wiesbaden.de\\\/#\\\/schema\\\/logo\\\/image\\\/\",\"url\":\"https:\\\/\\\/gruene-wiesbaden-fuer-europa.de\\\/wp-content\\\/uploads\\\/2024\\\/04\\\/Machen-was-zaehlt-5.png\",\"contentUrl\":\"https:\\\/\\\/gruene-wiesbaden-fuer-europa.de\\\/wp-content\\\/uploads\\\/2024\\\/04\\\/Machen-was-zaehlt-5.png\",\"width\":1772,\"height\":1772,\"caption\":\"DIE GR\u00dcNEN Wiesbaden\"},\"image\":{\"@id\":\"https:\\\/\\\/gruene-wiesbaden.de\\\/#\\\/schema\\\/logo\\\/image\\\/\"},\"sameAs\":[\"https:\\\/\\\/www.facebook.com\\\/gruene.wi\",\"https:\\\/\\\/instagram.com\\\/gruene_wi\"]}]}<\/script>\n<!-- \/ Yoast SEO plugin. -->","yoast_head_json":{"title":"Impressum - B\u00dcNDNIS 90\/DIE GR\u00dcNEN Wiesbaden","description":"Hier findest du Informationen zu den verantwortlichen Personen f\u00fcr die Website sowie Kontaktm\u00f6glichkeiten.","robots":{"index":"index","follow":"follow","max-snippet":"max-snippet:-1","max-image-preview":"max-image-preview:large","max-video-preview":"max-video-preview:-1"},"canonical":"https:\/\/gruene-wiesbaden.de\/it\/impressum\/","og_locale":"it_IT","og_type":"article","og_title":"Impressum - B\u00dcNDNIS 90\/DIE GR\u00dcNEN Wiesbaden","og_description":"Hier findest du Informationen zu den verantwortlichen Personen f\u00fcr die Website sowie Kontaktm\u00f6glichkeiten.","og_url":"https:\/\/gruene-wiesbaden.de\/it\/impressum\/","og_site_name":"B\u00dcNDNIS 90\/DIE GR\u00dcNEN Wiesbaden","article_publisher":"https:\/\/www.facebook.com\/gruene.wi","article_modified_time":"2026-04-07T07:48:02+00:00","twitter_card":"summary_large_image","twitter_misc":{"Tempo di lettura stimato":"3 minutes"},"schema":{"@context":"https:\/\/schema.org","@graph":[{"@type":"WebPage","@id":"https:\/\/gruene-wiesbaden.de\/impressum\/","url":"https:\/\/gruene-wiesbaden.de\/impressum\/","name":"Impressum - B\u00dcNDNIS 90\/DIE GR\u00dcNEN Wiesbaden","isPartOf":{"@id":"https:\/\/gruene-wiesbaden.de\/#website"},"datePublished":"2024-04-06T10:03:53+00:00","dateModified":"2026-04-07T07:48:02+00:00","description":"Hier findest du Informationen zu den verantwortlichen Personen f\u00fcr die Website sowie Kontaktm\u00f6glichkeiten.","breadcrumb":{"@id":"https:\/\/gruene-wiesbaden.de\/impressum\/#breadcrumb"},"inLanguage":"it-IT","potentialAction":[{"@type":"ReadAction","target":["https:\/\/gruene-wiesbaden.de\/impressum\/"]}]},{"@type":"BreadcrumbList","@id":"https:\/\/gruene-wiesbaden.de\/impressum\/#breadcrumb","itemListElement":[{"@type":"ListItem","position":1,"name":"Startseite","item":"https:\/\/gruene-wiesbaden.de\/"},{"@type":"ListItem","position":2,"name":"Impressum"}]},{"@type":"WebSite","@id":"https:\/\/gruene-wiesbaden.de\/#website","url":"https:\/\/gruene-wiesbaden.de\/","name":"DIE GR\u00dcNEN Wiesbaden","description":"","publisher":{"@id":"https:\/\/gruene-wiesbaden.de\/#organization"},"potentialAction":[{"@type":"SearchAction","target":{"@type":"EntryPoint","urlTemplate":"https:\/\/gruene-wiesbaden.de\/?s={search_term_string}"},"query-input":{"@type":"PropertyValueSpecification","valueRequired":true,"valueName":"search_term_string"}}],"inLanguage":"it-IT"},{"@type":"Organization","@id":"https:\/\/gruene-wiesbaden.de\/#organization","name":"DIE GR\u00dcNEN Wiesbaden","url":"https:\/\/gruene-wiesbaden.de\/","logo":{"@type":"ImageObject","inLanguage":"it-IT","@id":"https:\/\/gruene-wiesbaden.de\/#\/schema\/logo\/image\/","url":"https:\/\/gruene-wiesbaden-fuer-europa.de\/wp-content\/uploads\/2024\/04\/Machen-was-zaehlt-5.png","contentUrl":"https:\/\/gruene-wiesbaden-fuer-europa.de\/wp-content\/uploads\/2024\/04\/Machen-was-zaehlt-5.png","width":1772,"height":1772,"caption":"DIE GR\u00dcNEN Wiesbaden"},"image":{"@id":"https:\/\/gruene-wiesbaden.de\/#\/schema\/logo\/image\/"},"sameAs":["https:\/\/www.facebook.com\/gruene.wi","https:\/\/instagram.com\/gruene_wi"]}]}},"_links":{"self":[{"href":"https:\/\/gruene-wiesbaden.de\/it\/wp-json\/wp\/v2\/pages\/50","targetHints":{"allow":["GET"]}}],"collection":[{"href":"https:\/\/gruene-wiesbaden.de\/it\/wp-json\/wp\/v2\/pages"}],"about":[{"href":"https:\/\/gruene-wiesbaden.de\/it\/wp-json\/wp\/v2\/types\/page"}],"author":[{"embeddable":true,"href":"https:\/\/gruene-wiesbaden.de\/it\/wp-json\/wp\/v2\/users\/1"}],"replies":[{"embeddable":true,"href":"https:\/\/gruene-wiesbaden.de\/it\/wp-json\/wp\/v2\/comments?post=50"}],"version-history":[{"count":18,"href":"https:\/\/gruene-wiesbaden.de\/it\/wp-json\/wp\/v2\/pages\/50\/revisions"}],"predecessor-version":[{"id":2252,"href":"https:\/\/gruene-wiesbaden.de\/it\/wp-json\/wp\/v2\/pages\/50\/revisions\/2252"}],"wp:attachment":[{"href":"https:\/\/gruene-wiesbaden.de\/it\/wp-json\/wp\/v2\/media?parent=50"}],"curies":[{"name":"wp","href":"https:\/\/api.w.org\/{rel}","templated":true}]}}