{"id":50,"date":"2024-04-06T10:03:53","date_gmt":"2024-04-06T10:03:53","guid":{"rendered":"https:\/\/gruene-wiesbaden-fuer-europa.de\/?page_id=50"},"modified":"2026-04-07T09:48:02","modified_gmt":"2026-04-07T07:48:02","slug":"impressum","status":"publish","type":"page","link":"https:\/\/gruene-wiesbaden.de\/hr\/impressum\/","title":{"rendered":"Izjava o odricanju od odgovornosti"},"content":{"rendered":"<section class=\"l-section wpb_row height_auto full_height valign_center with_slider\"><div class=\"l-section-slider\"><div class=\"w-slider style_none fit_cover nav_none count_1\"><div class=\"w-slider-h\"><div class=\"royalSlider\"><div class=\"rsContent\"><a class=\"rsImg\" data-rsw=\"3264\" data-rsh=\"2000\" href=\"https:\/\/gruene-wiesbaden.de\/wp-content\/uploads\/2025\/03\/youssef-naddam-iJ2IG8ckCpA-unsplash.png\"><span data-alt=\"\"><\/span><\/a><\/div><\/div><img decoding=\"async\" src=\"https:\/\/gruene-wiesbaden.de\/wp-content\/uploads\/2025\/03\/youssef-naddam-iJ2IG8ckCpA-unsplash.png\" width=\"3264\" height=\"2000\" alt loading=\"lazy\"><\/div><div class=\"w-slider-json\" onclick='return {&quot;autoScaleSlider&quot;:true,&quot;addActiveClass&quot;:true,&quot;loop&quot;:true,&quot;fadeInLoadedSlide&quot;:false,&quot;slidesSpacing&quot;:0,&quot;imageScalePadding&quot;:0,&quot;numImagesToPreload&quot;:2,&quot;arrowsNav&quot;:false,&quot;arrowsNavAutoHide&quot;:false,&quot;transitionType&quot;:&quot;move&quot;,&quot;transitionSpeed&quot;:1000,&quot;block&quot;:{&quot;moveEffect&quot;:&quot;none&quot;,&quot;speed&quot;:300},&quot;thumbs&quot;:{&quot;fitInViewport&quot;:false,&quot;firstMargin&quot;:false,&quot;spacing&quot;:4},&quot;controlNavigation&quot;:&quot;none&quot;,&quot;autoplay&quot;:{&quot;enabled&quot;:true,&quot;pauseOnHover&quot;:false,&quot;delay&quot;:3000},&quot;autoScaleSliderWidth&quot;:3264,&quot;autoScaleSliderHeight&quot;:2000}'><\/div><\/div><\/div><div class=\"l-section-h i-cf\"><div class=\"g-cols vc_row via_grid cols_1 laptops-cols_inherit tablets-cols_inherit mobiles-cols_1 valign_top type_default stacking_default\" style=\"--columns-gap:0rem;\"><div class=\"wpb_column vc_column_container\"><div class=\"vc_column-inner\"><div class=\"g-cols wpb_row via_grid cols_1 laptops-cols_inherit tablets-cols_inherit mobiles-cols_1 valign_top type_default stacking_default\" style=\"--columns-gap:3rem;\"><div class=\"wpb_column vc_column_container\"><div class=\"vc_column-inner\"><div class=\"wpb_text_column us_custom_2d6d43ab has_text_color background_inside_text\"><div class=\"wpb_wrapper\"><h1 style=\"text-align: center;\">IMPRINT<\/h1>\n<\/div><\/div><div class=\"w-separator size_large\"><\/div><div class=\"w-separator size_small\"><\/div><\/div><\/div><\/div><\/div><\/div><\/div><\/div><\/section><section class=\"l-section wpb_row height_medium\"><div class=\"l-section-overlay\" style=\"background:var(--color-alt-content-bg)\"><\/div><div class=\"l-section-h i-cf\"><div class=\"g-cols vc_row via_grid cols_1 laptops-cols_inherit tablets-cols_inherit mobiles-cols_1 valign_top type_default stacking_default\"><div class=\"wpb_column vc_column_container\"><div class=\"vc_column-inner\"><div class=\"g-cols wpb_row us_custom_564c68c1 has_text_color via_grid cols_1 laptops-cols_inherit tablets-cols_inherit mobiles-cols_1 valign_middle type_boxes stacking_default\" style=\"--columns-gap:3rem;\"><div class=\"wpb_column vc_column_container\"><div class=\"vc_column-inner\"><div class=\"wpb_text_column us_custom_564c68c1 has_text_color\"><div class=\"wpb_wrapper\"><h5>Operatori u smislu to\u010dke 5. podto\u010daka 1. i 2. (TMG):<\/h5>\n<p><strong>Udru\u017eenje okruga Wiesbaden<br \/>\nSavez 90\/Zeleni<\/strong><br \/>\nMainzer Stra\u00dfe 75<br \/>\n65189 Wiesbaden<br \/>\nTel: 0152 25 29 35 65<br \/>\nPo\u0161ta: <a href=\"mailto:kreisverband@gruene-wiesbaden.de\">kreisverband@gruene-wiesbaden.de<\/a><\/p>\n<p>Odbor ovla\u0161ten za zastupanje:<br \/>\nRebecca Thomas i Daniel Schmitt<\/p>\n<\/div><\/div><div class=\"w-separator size_large\"><\/div><div class=\"wpb_text_column us_custom_564c68c1 has_text_color\"><div class=\"wpb_wrapper\"><h5>Odgovorna osoba u smislu \u010dlanka 55. stavka 2. RStV-a:<\/h5>\n<p><b>Rebecca Thomas (supredsjednica okru\u017ene udruge)<\/b><br \/>\nMainzer Stra\u00dfe 75<br \/>\n65189 Wiesbaden<\/p>\n<p><strong>Radno vrijeme i kontakt:<\/strong><br \/>\n\u010cetvrtak 4-6 sati i po dogovoru<br \/>\nTel: 0152 25 29 35 65<br \/>\nPo\u0161ta: <a href=\"mailto:kreisverband@gruene-wiesbaden.de\">kreisverband@gruene-wiesbaden.de<\/a><\/p>\n<\/div><\/div><div class=\"w-separator size_large\"><\/div><div class=\"wpb_text_column\"><div class=\"wpb_wrapper\"><h5>autorska prava<\/h5>\n<p>Sadr\u017eaj i djela koja su stvorili operateri stranica na ovim stranicama podlije\u017eu njema\u010dkom zakonu o autorskim pravima. Umno\u017eavanje, obrada, distribucija i bilo kakvo iskori\u0161tavanje izvan granica autorskog prava zahtijeva pisanu suglasnost odgovaraju\u0107ih autora ili stvaratelja. Preuzimanja i kopije ove stranice dopu\u0161tene su samo za privatnu, nekomercijalnu uporabu. U mjeri u kojoj sadr\u017eaj na ovoj stranici nije stvorio operater, po\u0161tuju se autorska prava tre\u0107ih strana. Konkretno, sadr\u017eaj tre\u0107e strane ozna\u010den je kao takav. Ako ipak postanete svjesni kr\u0161enja autorskih prava, tra\u017eimo odgovaraju\u0107u obavijest. Nakon \u0161to postanemo svjesni zakonskih kr\u0161enja, odmah \u0107emo ukloniti takav sadr\u017eaj.<\/p>\n<h5>Odgovornost za sadr\u017eaj i poveznice na web-mjestima tre\u0107ih strana<\/h5>\n<p>Informacije koje prona\u0111ete na na\u0161oj web stranici pa\u017eljivo su sastavljene i provjerene prema va\u0161em najboljem znanju i uvjerenju. Me\u0111utim, ne daje se jamstvo za to\u010dnost, potpunost, a\u017eurnost ili kvalitetu i dostupnost dostavljenih informacija u bilo kojem trenutku.<br \/>\nOva internetska stranica tako\u0111er sadr\u017ei poveznice ili reference na internetske stranice tre\u0107ih strana. Ove poveznice ne smiju se smatrati pristankom na njihov sadr\u017eaj. Odgovaraju\u0107i pru\u017eatelji usluga ili operateri (autori) stranica odgovorni su za sadr\u017eaj vanjskih poveznica. Poveznice na druge internetske stranice samo omogu\u0107uju korisnicima pristup kori\u0161tenju sadr\u017eaja. U vrijeme povezivanja, vanjske poveznice su provjerene prema na\u0161em najboljem znanju i uvjerenju za mogu\u0107e pravne povrede. Stalni pregled sadr\u017eaja vanjskih poveznica bez konkretnih naznaka kr\u0161enja zakona nije mogu\u0107. U slu\u010daju poveznica na internetske stranice tre\u0107ih strana, koje su izvan odgovornosti izdava\u010da, obveza odgovornosti postojala bi samo ako je izdava\u010d saznao za nezakoniti sadr\u017eaj ili ako je tehni\u010dki mogu\u0107e i razumno sprije\u010diti upotrebu tog sadr\u017eaja. Ako smatrate da povezane vanjske stranice kr\u0161e primjenjive zakone ili na drugi na\u010din imaju neprimjeren sadr\u017eaj, obavijestite nas.<\/p>\n<h5>Prigovor na reklamne poruke e-po\u0161te<\/h5>\n<p>Ovime se izri\u010dito protivimo kori\u0161tenju kontaktnih podataka objavljenih u okviru obveze otiska za prijenos ne\u017eeljenih reklamnih i informativnih materijala. U slu\u010daju ne\u017eeljenog slanja reklamnih informacija, kao \u0161to je ne\u017eeljena e-po\u0161ta, operater ovih stranica zadr\u017eava pravo poduzimanja pravnih radnji.<\/p>\n<h5>Odgovornost za sadr\u017eaj \u2013 pravna valjanost izjave o ograni\u010denju odgovornosti<\/h5>\n<p><span>Unato\u010d pa\u017eljivoj kontroli sadr\u017eaja, ne preuzimamo nikakvu odgovornost za sadr\u017eaj vanjskih poveznica. Operateri povezanih stranica isklju\u010divo su odgovorni za njihov sadr\u017eaj.<\/span><\/p>\n<\/div><\/div><\/div><\/div><\/div><\/div><\/div><\/div><\/div><\/section>","protected":false},"excerpt":{"rendered":"Operatori IMPRESSUM-a u smislu to\u010dke 5. podto\u010daka 1. i 2. (TMG): Kreisverband Wiesbaden B\u00dcNDNIS 90\/DIE GR\u00dcNEN Mainzer Stra\u00dfe 75 65189 Wiesbaden Tel: 0152 25 29 35 65 Po\u0161ta: kreisverband@gruene-wiesbaden.de Ovla\u0161tena reprezentativna plo\u010da: Rebecca Thomas, Daniel Schmitt Odgovorna osoba u smislu \u010dlanka 55. stavka 2. RStV-a: Rebecca Thomas (supredsjedateljica okru\u017ene udruge) Mainzer Stra\u00dfe 75 65189 Wiesbaden Radno vrijeme i...","protected":false},"author":1,"featured_media":0,"parent":0,"menu_order":0,"comment_status":"closed","ping_status":"closed","template":"","meta":{"footnotes":""},"class_list":["post-50","page","type-page","status-publish","hentry"],"yoast_head":"<!-- This site is optimized with the Yoast SEO plugin v27.5 - https:\/\/yoast.com\/product\/yoast-seo-wordpress\/ -->\n<title>Impressum - B\u00dcNDNIS 90\/DIE GR\u00dcNEN Wiesbaden<\/title>\n<meta name=\"description\" content=\"Hier findest du Informationen zu den verantwortlichen Personen f\u00fcr die Website sowie Kontaktm\u00f6glichkeiten.\" \/>\n<meta name=\"robots\" content=\"index, follow, max-snippet:-1, max-image-preview:large, max-video-preview:-1\" \/>\n<link rel=\"canonical\" href=\"https:\/\/gruene-wiesbaden.de\/hr\/impressum\/\" \/>\n<meta property=\"og:locale\" content=\"hr_HR\" \/>\n<meta property=\"og:type\" content=\"article\" \/>\n<meta property=\"og:title\" content=\"Impressum - B\u00dcNDNIS 90\/DIE GR\u00dcNEN Wiesbaden\" \/>\n<meta property=\"og:description\" content=\"Hier findest du Informationen zu den verantwortlichen Personen f\u00fcr die Website sowie Kontaktm\u00f6glichkeiten.\" \/>\n<meta property=\"og:url\" content=\"https:\/\/gruene-wiesbaden.de\/hr\/impressum\/\" \/>\n<meta property=\"og:site_name\" content=\"B\u00dcNDNIS 90\/DIE GR\u00dcNEN Wiesbaden\" \/>\n<meta property=\"article:publisher\" content=\"https:\/\/www.facebook.com\/gruene.wi\" \/>\n<meta property=\"article:modified_time\" content=\"2026-04-07T07:48:02+00:00\" \/>\n<meta name=\"twitter:card\" content=\"summary_large_image\" \/>\n<meta name=\"twitter:label1\" content=\"Procijenjeno vrijeme \u010ditanja\" \/>\n\t<meta name=\"twitter:data1\" content=\"3 minutes\" \/>\n<script type=\"application\/ld+json\" class=\"yoast-schema-graph\">{\"@context\":\"https:\\\/\\\/schema.org\",\"@graph\":[{\"@type\":\"WebPage\",\"@id\":\"https:\\\/\\\/gruene-wiesbaden.de\\\/impressum\\\/\",\"url\":\"https:\\\/\\\/gruene-wiesbaden.de\\\/impressum\\\/\",\"name\":\"Impressum - B\u00dcNDNIS 90\\\/DIE GR\u00dcNEN Wiesbaden\",\"isPartOf\":{\"@id\":\"https:\\\/\\\/gruene-wiesbaden.de\\\/#website\"},\"datePublished\":\"2024-04-06T10:03:53+00:00\",\"dateModified\":\"2026-04-07T07:48:02+00:00\",\"description\":\"Hier findest du Informationen zu den verantwortlichen Personen f\u00fcr die Website sowie Kontaktm\u00f6glichkeiten.\",\"breadcrumb\":{\"@id\":\"https:\\\/\\\/gruene-wiesbaden.de\\\/impressum\\\/#breadcrumb\"},\"inLanguage\":\"hr\",\"potentialAction\":[{\"@type\":\"ReadAction\",\"target\":[\"https:\\\/\\\/gruene-wiesbaden.de\\\/impressum\\\/\"]}]},{\"@type\":\"BreadcrumbList\",\"@id\":\"https:\\\/\\\/gruene-wiesbaden.de\\\/impressum\\\/#breadcrumb\",\"itemListElement\":[{\"@type\":\"ListItem\",\"position\":1,\"name\":\"Startseite\",\"item\":\"https:\\\/\\\/gruene-wiesbaden.de\\\/\"},{\"@type\":\"ListItem\",\"position\":2,\"name\":\"Impressum\"}]},{\"@type\":\"WebSite\",\"@id\":\"https:\\\/\\\/gruene-wiesbaden.de\\\/#website\",\"url\":\"https:\\\/\\\/gruene-wiesbaden.de\\\/\",\"name\":\"DIE GR\u00dcNEN Wiesbaden\",\"description\":\"\",\"publisher\":{\"@id\":\"https:\\\/\\\/gruene-wiesbaden.de\\\/#organization\"},\"potentialAction\":[{\"@type\":\"SearchAction\",\"target\":{\"@type\":\"EntryPoint\",\"urlTemplate\":\"https:\\\/\\\/gruene-wiesbaden.de\\\/?s={search_term_string}\"},\"query-input\":{\"@type\":\"PropertyValueSpecification\",\"valueRequired\":true,\"valueName\":\"search_term_string\"}}],\"inLanguage\":\"hr\"},{\"@type\":\"Organization\",\"@id\":\"https:\\\/\\\/gruene-wiesbaden.de\\\/#organization\",\"name\":\"DIE GR\u00dcNEN Wiesbaden\",\"url\":\"https:\\\/\\\/gruene-wiesbaden.de\\\/\",\"logo\":{\"@type\":\"ImageObject\",\"inLanguage\":\"hr\",\"@id\":\"https:\\\/\\\/gruene-wiesbaden.de\\\/#\\\/schema\\\/logo\\\/image\\\/\",\"url\":\"https:\\\/\\\/gruene-wiesbaden-fuer-europa.de\\\/wp-content\\\/uploads\\\/2024\\\/04\\\/Machen-was-zaehlt-5.png\",\"contentUrl\":\"https:\\\/\\\/gruene-wiesbaden-fuer-europa.de\\\/wp-content\\\/uploads\\\/2024\\\/04\\\/Machen-was-zaehlt-5.png\",\"width\":1772,\"height\":1772,\"caption\":\"DIE GR\u00dcNEN Wiesbaden\"},\"image\":{\"@id\":\"https:\\\/\\\/gruene-wiesbaden.de\\\/#\\\/schema\\\/logo\\\/image\\\/\"},\"sameAs\":[\"https:\\\/\\\/www.facebook.com\\\/gruene.wi\",\"https:\\\/\\\/instagram.com\\\/gruene_wi\"]}]}<\/script>\n<!-- \/ Yoast SEO plugin. -->","yoast_head_json":{"title":"Impressum - B\u00dcNDNIS 90\/DIE GR\u00dcNEN Wiesbaden","description":"Hier findest du Informationen zu den verantwortlichen Personen f\u00fcr die Website sowie Kontaktm\u00f6glichkeiten.","robots":{"index":"index","follow":"follow","max-snippet":"max-snippet:-1","max-image-preview":"max-image-preview:large","max-video-preview":"max-video-preview:-1"},"canonical":"https:\/\/gruene-wiesbaden.de\/hr\/impressum\/","og_locale":"hr_HR","og_type":"article","og_title":"Impressum - B\u00dcNDNIS 90\/DIE GR\u00dcNEN Wiesbaden","og_description":"Hier findest du Informationen zu den verantwortlichen Personen f\u00fcr die Website sowie Kontaktm\u00f6glichkeiten.","og_url":"https:\/\/gruene-wiesbaden.de\/hr\/impressum\/","og_site_name":"B\u00dcNDNIS 90\/DIE GR\u00dcNEN Wiesbaden","article_publisher":"https:\/\/www.facebook.com\/gruene.wi","article_modified_time":"2026-04-07T07:48:02+00:00","twitter_card":"summary_large_image","twitter_misc":{"Procijenjeno vrijeme \u010ditanja":"3 minutes"},"schema":{"@context":"https:\/\/schema.org","@graph":[{"@type":"WebPage","@id":"https:\/\/gruene-wiesbaden.de\/impressum\/","url":"https:\/\/gruene-wiesbaden.de\/impressum\/","name":"Impressum - B\u00dcNDNIS 90\/DIE GR\u00dcNEN Wiesbaden","isPartOf":{"@id":"https:\/\/gruene-wiesbaden.de\/#website"},"datePublished":"2024-04-06T10:03:53+00:00","dateModified":"2026-04-07T07:48:02+00:00","description":"Hier findest du Informationen zu den verantwortlichen Personen f\u00fcr die Website sowie Kontaktm\u00f6glichkeiten.","breadcrumb":{"@id":"https:\/\/gruene-wiesbaden.de\/impressum\/#breadcrumb"},"inLanguage":"hr","potentialAction":[{"@type":"ReadAction","target":["https:\/\/gruene-wiesbaden.de\/impressum\/"]}]},{"@type":"BreadcrumbList","@id":"https:\/\/gruene-wiesbaden.de\/impressum\/#breadcrumb","itemListElement":[{"@type":"ListItem","position":1,"name":"Startseite","item":"https:\/\/gruene-wiesbaden.de\/"},{"@type":"ListItem","position":2,"name":"Impressum"}]},{"@type":"WebSite","@id":"https:\/\/gruene-wiesbaden.de\/#website","url":"https:\/\/gruene-wiesbaden.de\/","name":"DIE GR\u00dcNEN Wiesbaden","description":"","publisher":{"@id":"https:\/\/gruene-wiesbaden.de\/#organization"},"potentialAction":[{"@type":"SearchAction","target":{"@type":"EntryPoint","urlTemplate":"https:\/\/gruene-wiesbaden.de\/?s={search_term_string}"},"query-input":{"@type":"PropertyValueSpecification","valueRequired":true,"valueName":"search_term_string"}}],"inLanguage":"hr"},{"@type":"Organization","@id":"https:\/\/gruene-wiesbaden.de\/#organization","name":"DIE GR\u00dcNEN Wiesbaden","url":"https:\/\/gruene-wiesbaden.de\/","logo":{"@type":"ImageObject","inLanguage":"hr","@id":"https:\/\/gruene-wiesbaden.de\/#\/schema\/logo\/image\/","url":"https:\/\/gruene-wiesbaden-fuer-europa.de\/wp-content\/uploads\/2024\/04\/Machen-was-zaehlt-5.png","contentUrl":"https:\/\/gruene-wiesbaden-fuer-europa.de\/wp-content\/uploads\/2024\/04\/Machen-was-zaehlt-5.png","width":1772,"height":1772,"caption":"DIE GR\u00dcNEN Wiesbaden"},"image":{"@id":"https:\/\/gruene-wiesbaden.de\/#\/schema\/logo\/image\/"},"sameAs":["https:\/\/www.facebook.com\/gruene.wi","https:\/\/instagram.com\/gruene_wi"]}]}},"_links":{"self":[{"href":"https:\/\/gruene-wiesbaden.de\/hr\/wp-json\/wp\/v2\/pages\/50","targetHints":{"allow":["GET"]}}],"collection":[{"href":"https:\/\/gruene-wiesbaden.de\/hr\/wp-json\/wp\/v2\/pages"}],"about":[{"href":"https:\/\/gruene-wiesbaden.de\/hr\/wp-json\/wp\/v2\/types\/page"}],"author":[{"embeddable":true,"href":"https:\/\/gruene-wiesbaden.de\/hr\/wp-json\/wp\/v2\/users\/1"}],"replies":[{"embeddable":true,"href":"https:\/\/gruene-wiesbaden.de\/hr\/wp-json\/wp\/v2\/comments?post=50"}],"version-history":[{"count":18,"href":"https:\/\/gruene-wiesbaden.de\/hr\/wp-json\/wp\/v2\/pages\/50\/revisions"}],"predecessor-version":[{"id":2252,"href":"https:\/\/gruene-wiesbaden.de\/hr\/wp-json\/wp\/v2\/pages\/50\/revisions\/2252"}],"wp:attachment":[{"href":"https:\/\/gruene-wiesbaden.de\/hr\/wp-json\/wp\/v2\/media?parent=50"}],"curies":[{"name":"wp","href":"https:\/\/api.w.org\/{rel}","templated":true}]}}