{"id":2096,"date":"2026-02-12T09:23:22","date_gmt":"2026-02-12T07:23:22","guid":{"rendered":"https:\/\/gruene-wiesbaden.de\/?page_id=2096"},"modified":"2026-03-09T20:20:41","modified_gmt":"2026-03-09T18:20:41","slug":"digitalcitylights","status":"publish","type":"page","link":"https:\/\/gruene-wiesbaden.de\/hr\/digitalcitylights\/","title":{"rendered":"Najava transparentnosti Walldecaux DigitalCitylights"},"content":{"rendered":"<section class=\"l-section wpb_row us_custom_057801f8 height_medium with_img\"><div class=\"l-section-img\" role=\"img\" data-img-width=\"1920\" data-img-height=\"768\" style=\"background-image: url(https:\/\/gruene-wiesbaden.de\/wp-content\/uploads\/2025\/11\/neuer-Verlauf-gruene-wiesbaden.de_-e1767650502847.png);background-repeat: no-repeat;\"><\/div><div class=\"l-section-h i-cf\"><div class=\"g-cols vc_row via_grid cols_1 laptops-cols_inherit tablets-cols_inherit mobiles-cols_1 valign_top type_default stacking_default\"><div class=\"wpb_column vc_column_container\"><div class=\"vc_column-inner\"><div class=\"g-cols wpb_row via_grid cols_1 laptops-cols_inherit tablets-cols_inherit mobiles-cols_1 valign_top type_boxes stacking_default\" style=\"--columns-gap:3rem;\"><div class=\"wpb_column vc_column_container us_custom_24a85f83 has_text_color\"><div class=\"vc_column-inner\"><div class=\"wpb_text_column\"><div class=\"wpb_wrapper\"><h1 style=\"text-align: center;\"><strong>Obavijest o transparentnosti u skladu s \u010dlankom 11. Uredbe (EU) 2024\/900 o transparentnosti i ciljanju u politi\u010dkom ogla\u0161avanju (Uredba o TTIP-u)<\/strong><\/h1>\n<\/div><\/div><div class=\"wpb_text_column\"><div class=\"wpb_wrapper\"><h3 style=\"text-align: center;\">Digitalni gradski svjetlosni plakati by Walldecaux<\/h3>\n<\/div><\/div><div class=\"wpb_text_column\"><div class=\"wpb_wrapper\"><h3 style=\"text-align: center;\">Status: 12.02.2026<\/h3>\n<\/div><\/div><div class=\"w-separator size_small\"><\/div><\/div><\/div><\/div><div class=\"g-cols wpb_row via_grid cols_1 laptops-cols_inherit tablets-cols_inherit mobiles-cols_1 valign_middle type_boxes stacking_default\" style=\"--columns-gap:2rem;\"><div class=\"wpb_column vc_column_container\"><div class=\"vc_column-overlay\" style=\"background:var(--color-content-bg)\"><\/div><div class=\"vc_column-inner\"><div class=\"wpb_text_column us_custom_6df4bc3a has_text_color\"><div class=\"wpb_wrapper\"><ol>\n<li style=\"font-weight: 400;\"><strong> Sponzor politi\u010dkog oglasa<\/strong><\/li>\n<\/ol>\n<p style=\"font-weight: 400;\">Savez 90\/Zeleni \u2013 Udru\u017eenje okruga Wiesbaden<br \/>\nAdresa: Mainzer Stra\u00dfe 75, 65189 Wiesbaden<br \/>\nE-po\u0161ta: kreisverband@gruene-wiesbaden.de<br \/>\nkoje zastupaju: Rebecca Thomas i Daniel Schmitt, glavni izvr\u0161ni direktor<\/p>\n<ol start=\"2\">\n<li style=\"font-weight: 400;\"><strong> Agencija za pla\u0107anja (vidjeti sponzora)<\/strong><\/li>\n<\/ol>\n<ol start=\"3\">\n<li style=\"font-weight: 400;\"><strong> Razdoblje objave<\/strong><\/li>\n<\/ol>\n<div><span>Politi\u010dki oglas bit \u0107e objavljen ili diseminiran u razdoblju od 24. velja\u010de 2026. do 16. o\u017eujka 2026.<\/span><\/div>\n<\/div><\/div><div class=\"w-separator size_small\"><\/div><div class=\"wpb_text_column us_custom_6df4bc3a has_text_color\"><div class=\"wpb_wrapper\"><ol start=\"4\">\n<li style=\"font-weight: 400;\"><strong>Informacije o financiranju<\/strong><\/li>\n<\/ol>\n<p style=\"font-weight: 400;\">Ukupna vrijednost uspje\u0161nosti ogla\u0161avanja: 14 771,32 EUR<br \/>\nIzvor sredstava: Vlastita sredstva od \u010dlanarina B\u00dcNDNIS 90\/DIE GR\u00dcNEN \u2013 Kreisverband Wiesbaden<br \/>\nPodrijetlo sredstava: unutar Europske unije<br \/>\nMetoda izra\u010duna: na temelju iznosa ra\u010duna pru\u017eatelja usluga; dizajn je preuzeo zaposlenik okru\u017ene udruge u okviru svojeg uobi\u010dajenog rada.<\/p>\n<ol start=\"5\">\n<li style=\"font-weight: 400;\"><strong> Razlog \/ politi\u010dki kontekst<\/strong><\/li>\n<\/ol>\n<p style=\"font-weight: 400;\">Ovaj je oglas povezan s op\u0107inskim izborima u Hessianu 2026.<br \/>\nSlu\u017ebene informacije o glasovanju:<br \/>\nRegionalni slu\u017ebenik za vra\u0107anje u Hessenu:<span>\u00a0<\/span><a href=\"https:\/\/wahlen.hessen.de\/kommunalwahlen\">https:\/\/wahlen.hessen.de\/kommunalwahlen<\/a><em><br \/>\n<\/em>Ministarstvo unutarnjih poslova Hessena:<span><em>\u00a0<\/em><\/span><a href=\"https:\/\/innen.hessen.de\/kommunales\/aufsicht\">https:\/\/innen.hessen.de\/kommunales\/aufsicht<\/a><\/p>\n<ol start=\"6\">\n<li style=\"font-weight: 400;\"><strong> Pojedinosti o ogla\u0161iva\u010du<\/strong><\/li>\n<\/ol>\n<p style=\"font-weight: 400;\">Sjedi\u0161te tvrtke Wall GmbH<br \/>\nAdresa: Heidestra\u00dfe 38, 10557 Berlin<br \/>\nE-po\u0161ta: info@walldecaux.de<br \/>\nTelefonski broj: +49 30 33899-0<br \/>\nWeb-mjesto: www.walldecaux.de<br \/>\nVrsta usluge: Digitalni gradski svjetlosni plakat DDN 2026<\/p>\n<ol start=\"7\">\n<li style=\"font-weight: 400;\"><strong> Pojedinosti o objavi<\/strong><\/li>\n<\/ol>\n<p style=\"font-weight: 400;\">Srednja vrijednost: Digitalni gradski svjetlosni plakat DDN 2026, Walldecaux<br \/>\nMjesto\/regija distribucije: podru\u010dje grada Wiesbadena<\/p>\n<ol start=\"8\">\n<li style=\"font-weight: 400;\"><strong> Informacije o ciljanju i obradi podataka<\/strong><\/li>\n<\/ol>\n<p style=\"font-weight: 400;\">Nema kori\u0161tenja osobnih podataka.<\/p>\n<ol start=\"9\">\n<li style=\"font-weight: 400;\"><strong> Prethodne publikacije\/ispravci<\/strong><\/li>\n<\/ol>\n<p style=\"font-weight: 400;\">Nema prija\u0161njih publikacija ili ispravaka.<\/p>\n<ol start=\"10\">\n<li style=\"font-weight: 400;\"><strong> Osoba za kontakt za pitanja transparentnosti<\/strong><\/li>\n<\/ol>\n<p style=\"font-weight: 400;\">Naziv: Ramona Achhammer<br \/>\nE-po\u0161ta: kreisverband@gruene-wiesbaden.de<br \/>\nOdgovoran za sadr\u017eaj i ispravnost:<br \/>\nSavez 90\/Zeleni \u2013 Udru\u017eenje okruga Wiesbaden<\/p>\n<p style=\"font-weight: 400;\">Datum: 12.02.2026<\/p>\n<\/div><\/div><\/div><\/div><\/div><div class=\"w-separator size_medium\"><\/div><\/div><\/div><\/div><\/div><\/section>","protected":false},"excerpt":{"rendered":"Obavijest o transparentnosti u skladu s \u010dlankom 11. Uredbe (EU) 2024\/900 o transparentnosti i ciljanju u politi\u010dkom ogla\u0161avanju (Uredba o TTIP-u) na digitalnim gradskim svjetlosnim plakatima Walldecaux koje upotrebljavamo Stand: 12.02.2026 Sponzor politi\u010dkog oglasa B\u00dcNDNIS 90\/DIE GR\u00dcNEN \u2013 Kreisverband Wiesbaden Adresa: Mainzer Stra\u00dfe 75, 65189 Wiesbaden E-po\u0161ta: kreisverband@gruene-wiesbaden.de Zastupnik: Rebecca Thomas i Daniel Schmitt...","protected":false},"author":1,"featured_media":0,"parent":0,"menu_order":0,"comment_status":"closed","ping_status":"closed","template":"","meta":{"footnotes":""},"class_list":["post-2096","page","type-page","status-publish","hentry"],"yoast_head":"<!-- This site is optimized with the Yoast SEO plugin v27.4 - https:\/\/yoast.com\/product\/yoast-seo-wordpress\/ -->\n<title>Transparenzbekanntmachung Walldecaux DigitalCitylights - B\u00dcNDNIS 90\/DIE GR\u00dcNEN Wiesbaden<\/title>\n<meta name=\"robots\" content=\"index, follow, max-snippet:-1, max-image-preview:large, max-video-preview:-1\" \/>\n<link rel=\"canonical\" href=\"https:\/\/gruene-wiesbaden.de\/hr\/digitalcitylights\/\" \/>\n<meta property=\"og:locale\" content=\"hr_HR\" \/>\n<meta property=\"og:type\" content=\"article\" \/>\n<meta property=\"og:title\" content=\"Transparenzbekanntmachung Walldecaux DigitalCitylights - B\u00dcNDNIS 90\/DIE GR\u00dcNEN Wiesbaden\" \/>\n<meta property=\"og:url\" content=\"https:\/\/gruene-wiesbaden.de\/hr\/digitalcitylights\/\" \/>\n<meta property=\"og:site_name\" content=\"B\u00dcNDNIS 90\/DIE GR\u00dcNEN Wiesbaden\" \/>\n<meta property=\"article:publisher\" content=\"https:\/\/www.facebook.com\/gruene.wi\" \/>\n<meta property=\"article:modified_time\" content=\"2026-03-09T18:20:41+00:00\" \/>\n<meta name=\"twitter:card\" content=\"summary_large_image\" \/>\n<meta name=\"twitter:label1\" content=\"Procijenjeno vrijeme \u010ditanja\" \/>\n\t<meta name=\"twitter:data1\" content=\"2 minutes\" \/>\n<script type=\"application\/ld+json\" class=\"yoast-schema-graph\">{\"@context\":\"https:\\\/\\\/schema.org\",\"@graph\":[{\"@type\":\"WebPage\",\"@id\":\"https:\\\/\\\/gruene-wiesbaden.de\\\/digitalcitylights\\\/\",\"url\":\"https:\\\/\\\/gruene-wiesbaden.de\\\/digitalcitylights\\\/\",\"name\":\"Transparenzbekanntmachung Walldecaux DigitalCitylights - B\u00dcNDNIS 90\\\/DIE GR\u00dcNEN Wiesbaden\",\"isPartOf\":{\"@id\":\"https:\\\/\\\/gruene-wiesbaden.de\\\/#website\"},\"datePublished\":\"2026-02-12T07:23:22+00:00\",\"dateModified\":\"2026-03-09T18:20:41+00:00\",\"breadcrumb\":{\"@id\":\"https:\\\/\\\/gruene-wiesbaden.de\\\/digitalcitylights\\\/#breadcrumb\"},\"inLanguage\":\"hr\",\"potentialAction\":[{\"@type\":\"ReadAction\",\"target\":[\"https:\\\/\\\/gruene-wiesbaden.de\\\/digitalcitylights\\\/\"]}]},{\"@type\":\"BreadcrumbList\",\"@id\":\"https:\\\/\\\/gruene-wiesbaden.de\\\/digitalcitylights\\\/#breadcrumb\",\"itemListElement\":[{\"@type\":\"ListItem\",\"position\":1,\"name\":\"Startseite\",\"item\":\"https:\\\/\\\/gruene-wiesbaden.de\\\/\"},{\"@type\":\"ListItem\",\"position\":2,\"name\":\"Transparenzbekanntmachung Walldecaux DigitalCitylights\"}]},{\"@type\":\"WebSite\",\"@id\":\"https:\\\/\\\/gruene-wiesbaden.de\\\/#website\",\"url\":\"https:\\\/\\\/gruene-wiesbaden.de\\\/\",\"name\":\"DIE GR\u00dcNEN Wiesbaden\",\"description\":\"\",\"publisher\":{\"@id\":\"https:\\\/\\\/gruene-wiesbaden.de\\\/#organization\"},\"potentialAction\":[{\"@type\":\"SearchAction\",\"target\":{\"@type\":\"EntryPoint\",\"urlTemplate\":\"https:\\\/\\\/gruene-wiesbaden.de\\\/?s={search_term_string}\"},\"query-input\":{\"@type\":\"PropertyValueSpecification\",\"valueRequired\":true,\"valueName\":\"search_term_string\"}}],\"inLanguage\":\"hr\"},{\"@type\":\"Organization\",\"@id\":\"https:\\\/\\\/gruene-wiesbaden.de\\\/#organization\",\"name\":\"DIE GR\u00dcNEN Wiesbaden\",\"url\":\"https:\\\/\\\/gruene-wiesbaden.de\\\/\",\"logo\":{\"@type\":\"ImageObject\",\"inLanguage\":\"hr\",\"@id\":\"https:\\\/\\\/gruene-wiesbaden.de\\\/#\\\/schema\\\/logo\\\/image\\\/\",\"url\":\"https:\\\/\\\/gruene-wiesbaden-fuer-europa.de\\\/wp-content\\\/uploads\\\/2024\\\/04\\\/Machen-was-zaehlt-5.png\",\"contentUrl\":\"https:\\\/\\\/gruene-wiesbaden-fuer-europa.de\\\/wp-content\\\/uploads\\\/2024\\\/04\\\/Machen-was-zaehlt-5.png\",\"width\":1772,\"height\":1772,\"caption\":\"DIE GR\u00dcNEN Wiesbaden\"},\"image\":{\"@id\":\"https:\\\/\\\/gruene-wiesbaden.de\\\/#\\\/schema\\\/logo\\\/image\\\/\"},\"sameAs\":[\"https:\\\/\\\/www.facebook.com\\\/gruene.wi\",\"https:\\\/\\\/instagram.com\\\/gruene_wi\"]}]}<\/script>\n<!-- \/ Yoast SEO plugin. -->","yoast_head_json":{"title":"Transparenzbekanntmachung Walldecaux DigitalCitylights - B\u00dcNDNIS 90\/DIE GR\u00dcNEN Wiesbaden","robots":{"index":"index","follow":"follow","max-snippet":"max-snippet:-1","max-image-preview":"max-image-preview:large","max-video-preview":"max-video-preview:-1"},"canonical":"https:\/\/gruene-wiesbaden.de\/hr\/digitalcitylights\/","og_locale":"hr_HR","og_type":"article","og_title":"Transparenzbekanntmachung Walldecaux DigitalCitylights - B\u00dcNDNIS 90\/DIE GR\u00dcNEN Wiesbaden","og_url":"https:\/\/gruene-wiesbaden.de\/hr\/digitalcitylights\/","og_site_name":"B\u00dcNDNIS 90\/DIE GR\u00dcNEN Wiesbaden","article_publisher":"https:\/\/www.facebook.com\/gruene.wi","article_modified_time":"2026-03-09T18:20:41+00:00","twitter_card":"summary_large_image","twitter_misc":{"Procijenjeno vrijeme \u010ditanja":"2 minutes"},"schema":{"@context":"https:\/\/schema.org","@graph":[{"@type":"WebPage","@id":"https:\/\/gruene-wiesbaden.de\/digitalcitylights\/","url":"https:\/\/gruene-wiesbaden.de\/digitalcitylights\/","name":"Transparenzbekanntmachung Walldecaux DigitalCitylights - B\u00dcNDNIS 90\/DIE GR\u00dcNEN Wiesbaden","isPartOf":{"@id":"https:\/\/gruene-wiesbaden.de\/#website"},"datePublished":"2026-02-12T07:23:22+00:00","dateModified":"2026-03-09T18:20:41+00:00","breadcrumb":{"@id":"https:\/\/gruene-wiesbaden.de\/digitalcitylights\/#breadcrumb"},"inLanguage":"hr","potentialAction":[{"@type":"ReadAction","target":["https:\/\/gruene-wiesbaden.de\/digitalcitylights\/"]}]},{"@type":"BreadcrumbList","@id":"https:\/\/gruene-wiesbaden.de\/digitalcitylights\/#breadcrumb","itemListElement":[{"@type":"ListItem","position":1,"name":"Startseite","item":"https:\/\/gruene-wiesbaden.de\/"},{"@type":"ListItem","position":2,"name":"Transparenzbekanntmachung Walldecaux DigitalCitylights"}]},{"@type":"WebSite","@id":"https:\/\/gruene-wiesbaden.de\/#website","url":"https:\/\/gruene-wiesbaden.de\/","name":"DIE GR\u00dcNEN Wiesbaden","description":"","publisher":{"@id":"https:\/\/gruene-wiesbaden.de\/#organization"},"potentialAction":[{"@type":"SearchAction","target":{"@type":"EntryPoint","urlTemplate":"https:\/\/gruene-wiesbaden.de\/?s={search_term_string}"},"query-input":{"@type":"PropertyValueSpecification","valueRequired":true,"valueName":"search_term_string"}}],"inLanguage":"hr"},{"@type":"Organization","@id":"https:\/\/gruene-wiesbaden.de\/#organization","name":"DIE GR\u00dcNEN Wiesbaden","url":"https:\/\/gruene-wiesbaden.de\/","logo":{"@type":"ImageObject","inLanguage":"hr","@id":"https:\/\/gruene-wiesbaden.de\/#\/schema\/logo\/image\/","url":"https:\/\/gruene-wiesbaden-fuer-europa.de\/wp-content\/uploads\/2024\/04\/Machen-was-zaehlt-5.png","contentUrl":"https:\/\/gruene-wiesbaden-fuer-europa.de\/wp-content\/uploads\/2024\/04\/Machen-was-zaehlt-5.png","width":1772,"height":1772,"caption":"DIE GR\u00dcNEN Wiesbaden"},"image":{"@id":"https:\/\/gruene-wiesbaden.de\/#\/schema\/logo\/image\/"},"sameAs":["https:\/\/www.facebook.com\/gruene.wi","https:\/\/instagram.com\/gruene_wi"]}]}},"_links":{"self":[{"href":"https:\/\/gruene-wiesbaden.de\/hr\/wp-json\/wp\/v2\/pages\/2096","targetHints":{"allow":["GET"]}}],"collection":[{"href":"https:\/\/gruene-wiesbaden.de\/hr\/wp-json\/wp\/v2\/pages"}],"about":[{"href":"https:\/\/gruene-wiesbaden.de\/hr\/wp-json\/wp\/v2\/types\/page"}],"author":[{"embeddable":true,"href":"https:\/\/gruene-wiesbaden.de\/hr\/wp-json\/wp\/v2\/users\/1"}],"replies":[{"embeddable":true,"href":"https:\/\/gruene-wiesbaden.de\/hr\/wp-json\/wp\/v2\/comments?post=2096"}],"version-history":[{"count":8,"href":"https:\/\/gruene-wiesbaden.de\/hr\/wp-json\/wp\/v2\/pages\/2096\/revisions"}],"predecessor-version":[{"id":2161,"href":"https:\/\/gruene-wiesbaden.de\/hr\/wp-json\/wp\/v2\/pages\/2096\/revisions\/2161"}],"wp:attachment":[{"href":"https:\/\/gruene-wiesbaden.de\/hr\/wp-json\/wp\/v2\/media?parent=2096"}],"curies":[{"name":"wp","href":"https:\/\/api.w.org\/{rel}","templated":true}]}}