{"id":566,"date":"2025-03-21T10:48:11","date_gmt":"2025-03-21T10:48:11","guid":{"rendered":"http:\/\/gruene-wiesbaden.de.w0207e8f.kasserver.com\/?page_id=566"},"modified":"2026-04-07T13:35:40","modified_gmt":"2026-04-07T11:35:40","slug":"kreisgeschaeftsstelle","status":"publish","type":"page","link":"https:\/\/gruene-wiesbaden.de\/el\/kreisgeschaeftsstelle\/","title":{"rendered":"\u0395\u03c0\u03b1\u03c1\u03c7\u03b9\u03b1\u03ba\u03cc \u03b3\u03c1\u03b1\u03c6\u03b5\u03af\u03bf"},"content":{"rendered":"<section class=\"l-section wpb_row height_auto full_height valign_center with_slider\"><div class=\"l-section-slider\"><div class=\"w-slider style_none fit_cover nav_none count_1\"><div class=\"w-slider-h\"><div class=\"royalSlider\"><div class=\"rsContent\"><a class=\"rsImg\" data-rsw=\"3264\" data-rsh=\"2000\" href=\"https:\/\/gruene-wiesbaden.de\/wp-content\/uploads\/2025\/03\/youssef-naddam-iJ2IG8ckCpA-unsplash.png\"><span data-alt=\"\"><\/span><\/a><\/div><\/div><img decoding=\"async\" src=\"https:\/\/gruene-wiesbaden.de\/wp-content\/uploads\/2025\/03\/youssef-naddam-iJ2IG8ckCpA-unsplash.png\" width=\"3264\" height=\"2000\" alt loading=\"lazy\"><\/div><div class=\"w-slider-json\" onclick='return {&quot;autoScaleSlider&quot;:true,&quot;addActiveClass&quot;:true,&quot;loop&quot;:true,&quot;fadeInLoadedSlide&quot;:false,&quot;slidesSpacing&quot;:0,&quot;imageScalePadding&quot;:0,&quot;numImagesToPreload&quot;:2,&quot;arrowsNav&quot;:false,&quot;arrowsNavAutoHide&quot;:false,&quot;transitionType&quot;:&quot;move&quot;,&quot;transitionSpeed&quot;:1000,&quot;block&quot;:{&quot;moveEffect&quot;:&quot;none&quot;,&quot;speed&quot;:300},&quot;thumbs&quot;:{&quot;fitInViewport&quot;:false,&quot;firstMargin&quot;:false,&quot;spacing&quot;:4},&quot;controlNavigation&quot;:&quot;none&quot;,&quot;autoplay&quot;:{&quot;enabled&quot;:true,&quot;pauseOnHover&quot;:false,&quot;delay&quot;:3000},&quot;autoScaleSliderWidth&quot;:3264,&quot;autoScaleSliderHeight&quot;:2000}'><\/div><\/div><\/div><div class=\"l-section-overlay\" style=\"background:rgba(0,0,0,0.15)\"><\/div><div class=\"l-section-h i-cf\"><div class=\"g-cols vc_row via_grid cols_1 laptops-cols_inherit tablets-cols_inherit mobiles-cols_1 valign_top type_default stacking_default\" style=\"--columns-gap:0rem;\"><div class=\"wpb_column vc_column_container\"><div class=\"vc_column-inner\"><div class=\"g-cols wpb_row us_custom_fe17fac6 has_text_color via_grid cols_1 laptops-cols_inherit tablets-cols_inherit mobiles-cols_1 valign_top type_default stacking_default\" style=\"--columns-gap:3rem;\"><div class=\"wpb_column vc_column_container\"><div class=\"vc_column-inner\"><div class=\"w-separator size_large\"><\/div><div class=\"w-separator size_small\"><\/div><div class=\"w-separator size_small\"><\/div><div class=\"wpb_text_column us_custom_2d6d43ab has_text_color background_inside_text\"><div class=\"wpb_wrapper\"><h1 style=\"text-align: center;\">\u0395\u03a0\u0399\u039a\u039f\u0399\u039d\u03a9\u039d\u0397\u03a3\u03a4\u0395 \u039c\u0391\u0396\u0399 \u039c\u0391\u03a3<\/h1>\n<\/div><\/div><\/div><\/div><\/div><\/div><\/div><\/div><\/div><\/section><section class=\"l-section wpb_row height_medium\"><div class=\"l-section-overlay\" style=\"background:var(--color-header-middle-bg)\"><\/div><div class=\"l-section-h i-cf\"><div class=\"g-cols vc_row via_grid cols_1 laptops-cols_inherit tablets-cols_inherit mobiles-cols_1 valign_top type_default stacking_default\"><div class=\"wpb_column vc_column_container\"><div class=\"vc_column-inner\"><div class=\"g-cols wpb_row via_grid cols_1 laptops-cols_inherit tablets-cols_inherit mobiles-cols_1 valign_top type_default stacking_default\" style=\"--columns-gap:3rem;\"><div class=\"wpb_column vc_column_container\"><div class=\"vc_column-inner\"><div class=\"wpb_text_column us_custom_564c68c1 has_text_color\"><div class=\"wpb_wrapper\"><h3>\u03a4\u03bf \u03c0\u03c1\u03ce\u03c4\u03bf \u03c3\u03b7\u03bc\u03b5\u03af\u03bf \u03b5\u03c0\u03b1\u03c6\u03ae\u03c2 \u03c3\u03c4\u03b7\u03bd \u03c0\u03b5\u03c1\u03b9\u03c6\u03b5\u03c1\u03b5\u03b9\u03b1\u03ba\u03ae \u03bc\u03b1\u03c2 \u03ad\u03bd\u03c9\u03c3\u03b7<\/h3>\n<p>\u03a4\u03bf \u03c0\u03b5\u03c1\u03b9\u03c6\u03b5\u03c1\u03b5\u03b9\u03b1\u03ba\u03cc \u03b3\u03c1\u03b1\u03c6\u03b5\u03af\u03bf (KGS) \u03b5\u03af\u03bd\u03b1\u03b9 \u03b7 \u03bf\u03c1\u03b3\u03b1\u03bd\u03c9\u03c4\u03b9\u03ba\u03ae \u03ad\u03b4\u03c1\u03b1 \u03c4\u03bf\u03c5 Wiesbadener GR\u00dcNEN. \u0395\u03b4\u03ce \u03b8\u03b1 \u03b2\u03c1\u03b5\u03af\u03c4\u03b5 \u03b5\u03c0\u03b1\u03c6\u03ad\u03c2 \u03b3\u03b9\u03b1 \u03b3\u03b5\u03bd\u03b9\u03ba\u03ac \u03b8\u03ad\u03bc\u03b1\u03c4\u03b1, \u03c5\u03bb\u03b9\u03ba\u03cc \u03ba\u03b1\u03b9 \u03b1\u03c0\u03b1\u03bd\u03c4\u03ae\u03c3\u03b5\u03b9\u03c2 \u03c3\u03b5 \u03b5\u03c1\u03c9\u03c4\u03ae\u03c3\u03b5\u03b9\u03c2 \u03c3\u03c7\u03b5\u03c4\u03b9\u03ba\u03ac \u03bc\u03b5 \u03c4\u03b7 \u03b4\u03bf\u03bc\u03ae, \u03c4\u03b7\u03bd \u03bf\u03c1\u03b3\u03ac\u03bd\u03c9\u03c3\u03b7 \u03ba\u03b1\u03b9 \u03c4\u03b9\u03c2 \u03b5\u03ba\u03b4\u03b7\u03bb\u03ce\u03c3\u03b5\u03b9\u03c2.<\/p>\n<p>\u039c\u03b7 \u03b4\u03b9\u03c3\u03c4\u03ac\u03c3\u03b5\u03c4\u03b5 \u03bd\u03b1 \u03b3\u03c5\u03c1\u03af\u03c3\u03b5\u03c4\u03b5 \u03bc\u03b5 \u03c4\u03b9\u03c2 \u03c5\u03c0\u03bf\u03b8\u03ad\u03c3\u03b5\u03b9\u03c2 \u03c3\u03b1\u03c2 \u03b5\u03b4\u03ce. \u0388\u03c7\u03bf\u03c5\u03bc\u03b5 \u03c0\u03ac\u03bd\u03c4\u03b1 \u03ad\u03bd\u03b1 \u03b1\u03bd\u03bf\u03b9\u03c7\u03c4\u03cc \u03b1\u03c5\u03c4\u03af \u03b3\u03b9\u03b1 \u03ba\u03ac\u03b8\u03b5 \u03b5\u03af\u03b4\u03bf\u03c5\u03c2 \u03b5\u03c1\u03c9\u03c4\u03ae\u03c3\u03b5\u03b9\u03c2, \u03c0\u03c1\u03bf\u03c4\u03ac\u03c3\u03b5\u03b9\u03c2 \u03ba\u03b1\u03b9 \u03b5\u03c0\u03bf\u03b9\u03ba\u03bf\u03b4\u03bf\u03bc\u03b7\u03c4\u03b9\u03ba\u03ae \u03ba\u03c1\u03b9\u03c4\u03b9\u03ba\u03ae. \u03a3\u03c4\u03cc\u03c7\u03bf\u03c2 \u03bc\u03b1\u03c2 \u03b5\u03af\u03bd\u03b1\u03b9 \u03bd\u03b1 \u03b1\u03c0\u03b1\u03bd\u03c4\u03ae\u03c3\u03bf\u03c5\u03bc\u03b5 \u03c3\u03b5 \u03cc\u03bb\u03b5\u03c2 \u03c4\u03b9\u03c2 \u03b5\u03c1\u03c9\u03c4\u03ae\u03c3\u03b5\u03b9\u03c2 \u03b3\u03c1\u03ae\u03b3\u03bf\u03c1\u03b1 \u03ba\u03b1\u03b9 \u03b1\u03c0\u03bf\u03c4\u03b5\u03bb\u03b5\u03c3\u03bc\u03b1\u03c4\u03b9\u03ba\u03ac. \u0397 \u03bf\u03bc\u03ac\u03b4\u03b1 \u03c4\u03b7\u03c2 KGS \u03b8\u03b1 \u03c7\u03b1\u03c1\u03b5\u03af \u03bd\u03b1 \u03c3\u03b1\u03c2 \u03b2\u03bf\u03b7\u03b8\u03ae\u03c3\u03b5\u03b9 \u03ae \u03bd\u03b1 \u03c3\u03b1\u03c2 \u03c0\u03b1\u03c1\u03b1\u03c0\u03ad\u03bc\u03c8\u03b5\u03b9 \u03c3\u03c4\u03b1 \u03ba\u03b1\u03c4\u03ac\u03bb\u03bb\u03b7\u03bb\u03b1 \u03ac\u03c4\u03bf\u03bc\u03b1.<\/p>\n<p>\u0391\u03bd \u03b8\u03ad\u03bb\u03b5\u03c4\u03b5 \u03bd\u03b1 \u03ad\u03c1\u03b8\u03b5\u03c4\u03b5 \u03b1\u03c5\u03c4\u03bf\u03c0\u03c1\u03bf\u03c3\u03ce\u03c0\u03c9\u03c2, \u03c0\u03b1\u03c1\u03b1\u03ba\u03b1\u03bb\u03bf\u03cd\u03bc\u03b5 \u03b5\u03b3\u03b3\u03c1\u03b1\u03c6\u03b5\u03af\u03c4\u03b5 \u03c4\u03b7\u03bb\u03b5\u03c6\u03c9\u03bd\u03b9\u03ba\u03ac \u03ae \u03bc\u03ad\u03c3\u03c9 e-mail, \u03ba\u03b1\u03b8\u03ce\u03c2 \u03b4\u03b5\u03bd \u03b5\u03af\u03bc\u03b1\u03c3\u03c4\u03b5 \u03c0\u03ac\u03bd\u03c4\u03b1 \u03c3\u03c4\u03bf \u03b3\u03c1\u03b1\u03c6\u03b5\u03af\u03bf \u03c3\u03c4\u03bf \u03c7\u03ce\u03c1\u03bf \u03c4\u03bf\u03c5 \u03be\u03b5\u03bd\u03bf\u03b4\u03bf\u03c7\u03b5\u03af\u03bf\u03c5.<\/p>\n<p>\u03a3\u03c5\u03bc\u03bc\u03b1\u03c7\u03af\u03b1 90\/\u039f\u03b9 \u03a0\u03c1\u03ac\u03c3\u03b9\u03bd\u03bf\u03b9<br \/>\n\u0388\u03bd\u03c9\u03c3\u03b7 \u03c0\u03b5\u03c1\u03b9\u03c6\u03ad\u03c1\u03b5\u03b9\u03b1\u03c2 \u0392\u03b9\u03c3\u03bc\u03c0\u03ac\u03bd\u03c4\u03b5\u03bd<br \/>\nMainzer Stra\u00dfe 75<br \/>\n65189 \u0392\u03b9\u03c3\u03bc\u03c0\u03ac\u03bd\u03c4\u03b5\u03bd<\/p>\n<p>\u03a4\u03b7\u03bb\u03ad\u03c6\u03c9\u03bd\u03bf: 0152 25 29 35 65<br \/>\n\u0397\u03bb\u03b5\u03ba\u03c4\u03c1\u03bf\u03bd\u03b9\u03ba\u03ae \u03b4\u03b9\u03b5\u03cd\u03b8\u03c5\u03bd\u03c3\u03b7: kreisverband@gruene-wiesbaden.de<\/p>\n<\/div><\/div><\/div><\/div><\/div><\/div><\/div><\/div><\/div><\/section>","protected":false},"excerpt":{"rendered":"\u03a4\u03bf \u03c0\u03c1\u03ce\u03c4\u03bf \u03c3\u03b7\u03bc\u03b5\u03af\u03bf \u03b5\u03c0\u03b1\u03c6\u03ae\u03c2 \u03c3\u03c4\u03b7\u03bd \u03c0\u03b5\u03c1\u03b9\u03c6\u03b5\u03c1\u03b5\u03b9\u03b1\u03ba\u03ae \u03bc\u03b1\u03c2 \u03ad\u03bd\u03c9\u03c3\u03b7 \u03a4\u03bf \u03c0\u03b5\u03c1\u03b9\u03c6\u03b5\u03c1\u03b5\u03b9\u03b1\u03ba\u03cc \u03b3\u03c1\u03b1\u03c6\u03b5\u03af\u03bf (KGS) \u03b5\u03af\u03bd\u03b1\u03b9 \u03b7 \u03bf\u03c1\u03b3\u03b1\u03bd\u03c9\u03c4\u03b9\u03ba\u03ae \u03ad\u03b4\u03c1\u03b1 \u03c4\u03c9\u03bd \u03a0\u03c1\u03b1\u03c3\u03af\u03bd\u03c9\u03bd \u03c4\u03bf\u03c5 \u0392\u03b9\u03c3\u03bc\u03c0\u03ac\u03bd\u03c4\u03b5\u03bd. \u0395\u03b4\u03ce \u03b8\u03b1 \u03b2\u03c1\u03b5\u03af\u03c4\u03b5 \u03b5\u03c0\u03b1\u03c6\u03ad\u03c2 \u03b3\u03b9\u03b1 \u03b3\u03b5\u03bd\u03b9\u03ba\u03ac \u03b8\u03ad\u03bc\u03b1\u03c4\u03b1, \u03c5\u03bb\u03b9\u03ba\u03cc \u03ba\u03b1\u03b9 \u03b1\u03c0\u03b1\u03bd\u03c4\u03ae\u03c3\u03b5\u03b9\u03c2 \u03c3\u03b5 \u03b5\u03c1\u03c9\u03c4\u03ae\u03c3\u03b5\u03b9\u03c2 \u03c3\u03c7\u03b5\u03c4\u03b9\u03ba\u03ac \u03bc\u03b5 \u03c4\u03b7 \u03b4\u03bf\u03bc\u03ae, \u03c4\u03b7\u03bd \u03bf\u03c1\u03b3\u03ac\u03bd\u03c9\u03c3\u03b7 \u03ba\u03b1\u03b9 \u03c4\u03b9\u03c2 \u03b5\u03ba\u03b4\u03b7\u03bb\u03ce\u03c3\u03b5\u03b9\u03c2. \u039c\u03b7 \u03b4\u03b9\u03c3\u03c4\u03ac\u03c3\u03b5\u03c4\u03b5 \u03bd\u03b1 \u03b3\u03c5\u03c1\u03af\u03c3\u03b5\u03c4\u03b5 \u03bc\u03b5 \u03c4\u03b9\u03c2 \u03c5\u03c0\u03bf\u03b8\u03ad\u03c3\u03b5\u03b9\u03c2 \u03c3\u03b1\u03c2 \u03b5\u03b4\u03ce. \u0393\u03b9\u03b1 \u03ba\u03ac\u03b8\u03b5 \u03b5\u03af\u03b4\u03bf\u03c5\u03c2 \u03b5\u03c1\u03c9\u03c4\u03ae\u03c3\u03b5\u03b9\u03c2, \u03c0\u03c1\u03bf\u03c4\u03ac\u03c3\u03b5\u03b9\u03c2 \u03ba\u03b1\u03b9 \u03b5\u03c0\u03bf\u03b9\u03ba\u03bf\u03b4\u03bf\u03bc\u03b7\u03c4\u03b9\u03ba\u03ae \u03ba\u03c1\u03b9\u03c4\u03b9\u03ba\u03ae, \u03ad\u03c7\u03bf\u03c5\u03bc\u03b5...","protected":false},"author":1,"featured_media":0,"parent":0,"menu_order":0,"comment_status":"closed","ping_status":"closed","template":"","meta":{"footnotes":""},"class_list":["post-566","page","type-page","status-publish","hentry"],"yoast_head":"<!-- This site is optimized with the Yoast SEO plugin v27.5 - https:\/\/yoast.com\/product\/yoast-seo-wordpress\/ -->\n<title>Kreisgesch\u00e4ftsstelle - B\u00dcNDNIS 90\/DIE GR\u00dcNEN Wiesbaden<\/title>\n<meta name=\"description\" content=\"Hier findest du Informationen zu Kontaktm\u00f6glichkeiten mit der Kreisgesch\u00e4ftsstelle des Kreisverbandes von B\u00dcNDNIS 90\/ DIE GR\u00dcNEN Wiesbaden.\" \/>\n<meta name=\"robots\" content=\"index, follow, max-snippet:-1, max-image-preview:large, max-video-preview:-1\" \/>\n<link rel=\"canonical\" href=\"https:\/\/gruene-wiesbaden.de\/el\/kreisgeschaeftsstelle\/\" \/>\n<meta property=\"og:locale\" content=\"el_GR\" \/>\n<meta property=\"og:type\" content=\"article\" \/>\n<meta property=\"og:title\" content=\"Kreisgesch\u00e4ftsstelle - B\u00dcNDNIS 90\/DIE GR\u00dcNEN Wiesbaden\" \/>\n<meta property=\"og:description\" content=\"Hier findest du Informationen zu Kontaktm\u00f6glichkeiten mit der Kreisgesch\u00e4ftsstelle des Kreisverbandes von B\u00dcNDNIS 90\/ DIE GR\u00dcNEN Wiesbaden.\" \/>\n<meta property=\"og:url\" content=\"https:\/\/gruene-wiesbaden.de\/el\/kreisgeschaeftsstelle\/\" \/>\n<meta property=\"og:site_name\" content=\"B\u00dcNDNIS 90\/DIE GR\u00dcNEN Wiesbaden\" \/>\n<meta property=\"article:publisher\" content=\"https:\/\/www.facebook.com\/gruene.wi\" \/>\n<meta property=\"article:modified_time\" content=\"2026-04-07T11:35:40+00:00\" \/>\n<meta name=\"twitter:card\" content=\"summary_large_image\" \/>\n<meta name=\"twitter:label1\" content=\"\u0395\u03ba\u03c4\u03b9\u03bc\u03ce\u03bc\u03b5\u03bd\u03bf\u03c2 \u03c7\u03c1\u03cc\u03bd\u03bf\u03c2 \u03b1\u03bd\u03ac\u03b3\u03bd\u03c9\u03c3\u03b7\u03c2\" \/>\n\t<meta name=\"twitter:data1\" content=\"1 minute\" \/>\n<script type=\"application\/ld+json\" class=\"yoast-schema-graph\">{\"@context\":\"https:\\\/\\\/schema.org\",\"@graph\":[{\"@type\":\"WebPage\",\"@id\":\"https:\\\/\\\/gruene-wiesbaden.de\\\/kreisgeschaeftsstelle\\\/\",\"url\":\"https:\\\/\\\/gruene-wiesbaden.de\\\/kreisgeschaeftsstelle\\\/\",\"name\":\"Kreisgesch\u00e4ftsstelle - B\u00dcNDNIS 90\\\/DIE GR\u00dcNEN Wiesbaden\",\"isPartOf\":{\"@id\":\"https:\\\/\\\/gruene-wiesbaden.de\\\/#website\"},\"datePublished\":\"2025-03-21T10:48:11+00:00\",\"dateModified\":\"2026-04-07T11:35:40+00:00\",\"description\":\"Hier findest du Informationen zu Kontaktm\u00f6glichkeiten mit der Kreisgesch\u00e4ftsstelle des Kreisverbandes von B\u00dcNDNIS 90\\\/ DIE GR\u00dcNEN Wiesbaden.\",\"breadcrumb\":{\"@id\":\"https:\\\/\\\/gruene-wiesbaden.de\\\/kreisgeschaeftsstelle\\\/#breadcrumb\"},\"inLanguage\":\"el\",\"potentialAction\":[{\"@type\":\"ReadAction\",\"target\":[\"https:\\\/\\\/gruene-wiesbaden.de\\\/kreisgeschaeftsstelle\\\/\"]}]},{\"@type\":\"BreadcrumbList\",\"@id\":\"https:\\\/\\\/gruene-wiesbaden.de\\\/kreisgeschaeftsstelle\\\/#breadcrumb\",\"itemListElement\":[{\"@type\":\"ListItem\",\"position\":1,\"name\":\"Startseite\",\"item\":\"https:\\\/\\\/gruene-wiesbaden.de\\\/\"},{\"@type\":\"ListItem\",\"position\":2,\"name\":\"Kreisgesch\u00e4ftsstelle\"}]},{\"@type\":\"WebSite\",\"@id\":\"https:\\\/\\\/gruene-wiesbaden.de\\\/#website\",\"url\":\"https:\\\/\\\/gruene-wiesbaden.de\\\/\",\"name\":\"DIE GR\u00dcNEN Wiesbaden\",\"description\":\"\",\"publisher\":{\"@id\":\"https:\\\/\\\/gruene-wiesbaden.de\\\/#organization\"},\"potentialAction\":[{\"@type\":\"SearchAction\",\"target\":{\"@type\":\"EntryPoint\",\"urlTemplate\":\"https:\\\/\\\/gruene-wiesbaden.de\\\/?s={search_term_string}\"},\"query-input\":{\"@type\":\"PropertyValueSpecification\",\"valueRequired\":true,\"valueName\":\"search_term_string\"}}],\"inLanguage\":\"el\"},{\"@type\":\"Organization\",\"@id\":\"https:\\\/\\\/gruene-wiesbaden.de\\\/#organization\",\"name\":\"DIE GR\u00dcNEN Wiesbaden\",\"url\":\"https:\\\/\\\/gruene-wiesbaden.de\\\/\",\"logo\":{\"@type\":\"ImageObject\",\"inLanguage\":\"el\",\"@id\":\"https:\\\/\\\/gruene-wiesbaden.de\\\/#\\\/schema\\\/logo\\\/image\\\/\",\"url\":\"https:\\\/\\\/gruene-wiesbaden-fuer-europa.de\\\/wp-content\\\/uploads\\\/2024\\\/04\\\/Machen-was-zaehlt-5.png\",\"contentUrl\":\"https:\\\/\\\/gruene-wiesbaden-fuer-europa.de\\\/wp-content\\\/uploads\\\/2024\\\/04\\\/Machen-was-zaehlt-5.png\",\"width\":1772,\"height\":1772,\"caption\":\"DIE GR\u00dcNEN Wiesbaden\"},\"image\":{\"@id\":\"https:\\\/\\\/gruene-wiesbaden.de\\\/#\\\/schema\\\/logo\\\/image\\\/\"},\"sameAs\":[\"https:\\\/\\\/www.facebook.com\\\/gruene.wi\",\"https:\\\/\\\/instagram.com\\\/gruene_wi\"]}]}<\/script>\n<!-- \/ Yoast SEO plugin. -->","yoast_head_json":{"title":"Kreisgesch\u00e4ftsstelle - B\u00dcNDNIS 90\/DIE GR\u00dcNEN Wiesbaden","description":"Hier findest du Informationen zu Kontaktm\u00f6glichkeiten mit der Kreisgesch\u00e4ftsstelle des Kreisverbandes von B\u00dcNDNIS 90\/ DIE GR\u00dcNEN Wiesbaden.","robots":{"index":"index","follow":"follow","max-snippet":"max-snippet:-1","max-image-preview":"max-image-preview:large","max-video-preview":"max-video-preview:-1"},"canonical":"https:\/\/gruene-wiesbaden.de\/el\/kreisgeschaeftsstelle\/","og_locale":"el_GR","og_type":"article","og_title":"Kreisgesch\u00e4ftsstelle - B\u00dcNDNIS 90\/DIE GR\u00dcNEN Wiesbaden","og_description":"Hier findest du Informationen zu Kontaktm\u00f6glichkeiten mit der Kreisgesch\u00e4ftsstelle des Kreisverbandes von B\u00dcNDNIS 90\/ DIE GR\u00dcNEN Wiesbaden.","og_url":"https:\/\/gruene-wiesbaden.de\/el\/kreisgeschaeftsstelle\/","og_site_name":"B\u00dcNDNIS 90\/DIE GR\u00dcNEN Wiesbaden","article_publisher":"https:\/\/www.facebook.com\/gruene.wi","article_modified_time":"2026-04-07T11:35:40+00:00","twitter_card":"summary_large_image","twitter_misc":{"\u0395\u03ba\u03c4\u03b9\u03bc\u03ce\u03bc\u03b5\u03bd\u03bf\u03c2 \u03c7\u03c1\u03cc\u03bd\u03bf\u03c2 \u03b1\u03bd\u03ac\u03b3\u03bd\u03c9\u03c3\u03b7\u03c2":"1 minute"},"schema":{"@context":"https:\/\/schema.org","@graph":[{"@type":"WebPage","@id":"https:\/\/gruene-wiesbaden.de\/kreisgeschaeftsstelle\/","url":"https:\/\/gruene-wiesbaden.de\/kreisgeschaeftsstelle\/","name":"Kreisgesch\u00e4ftsstelle - B\u00dcNDNIS 90\/DIE GR\u00dcNEN Wiesbaden","isPartOf":{"@id":"https:\/\/gruene-wiesbaden.de\/#website"},"datePublished":"2025-03-21T10:48:11+00:00","dateModified":"2026-04-07T11:35:40+00:00","description":"Hier findest du Informationen zu Kontaktm\u00f6glichkeiten mit der Kreisgesch\u00e4ftsstelle des Kreisverbandes von B\u00dcNDNIS 90\/ DIE GR\u00dcNEN Wiesbaden.","breadcrumb":{"@id":"https:\/\/gruene-wiesbaden.de\/kreisgeschaeftsstelle\/#breadcrumb"},"inLanguage":"el","potentialAction":[{"@type":"ReadAction","target":["https:\/\/gruene-wiesbaden.de\/kreisgeschaeftsstelle\/"]}]},{"@type":"BreadcrumbList","@id":"https:\/\/gruene-wiesbaden.de\/kreisgeschaeftsstelle\/#breadcrumb","itemListElement":[{"@type":"ListItem","position":1,"name":"Startseite","item":"https:\/\/gruene-wiesbaden.de\/"},{"@type":"ListItem","position":2,"name":"Kreisgesch\u00e4ftsstelle"}]},{"@type":"WebSite","@id":"https:\/\/gruene-wiesbaden.de\/#website","url":"https:\/\/gruene-wiesbaden.de\/","name":"DIE GR\u00dcNEN Wiesbaden","description":"","publisher":{"@id":"https:\/\/gruene-wiesbaden.de\/#organization"},"potentialAction":[{"@type":"SearchAction","target":{"@type":"EntryPoint","urlTemplate":"https:\/\/gruene-wiesbaden.de\/?s={search_term_string}"},"query-input":{"@type":"PropertyValueSpecification","valueRequired":true,"valueName":"search_term_string"}}],"inLanguage":"el"},{"@type":"Organization","@id":"https:\/\/gruene-wiesbaden.de\/#organization","name":"DIE GR\u00dcNEN Wiesbaden","url":"https:\/\/gruene-wiesbaden.de\/","logo":{"@type":"ImageObject","inLanguage":"el","@id":"https:\/\/gruene-wiesbaden.de\/#\/schema\/logo\/image\/","url":"https:\/\/gruene-wiesbaden-fuer-europa.de\/wp-content\/uploads\/2024\/04\/Machen-was-zaehlt-5.png","contentUrl":"https:\/\/gruene-wiesbaden-fuer-europa.de\/wp-content\/uploads\/2024\/04\/Machen-was-zaehlt-5.png","width":1772,"height":1772,"caption":"DIE GR\u00dcNEN Wiesbaden"},"image":{"@id":"https:\/\/gruene-wiesbaden.de\/#\/schema\/logo\/image\/"},"sameAs":["https:\/\/www.facebook.com\/gruene.wi","https:\/\/instagram.com\/gruene_wi"]}]}},"_links":{"self":[{"href":"https:\/\/gruene-wiesbaden.de\/el\/wp-json\/wp\/v2\/pages\/566","targetHints":{"allow":["GET"]}}],"collection":[{"href":"https:\/\/gruene-wiesbaden.de\/el\/wp-json\/wp\/v2\/pages"}],"about":[{"href":"https:\/\/gruene-wiesbaden.de\/el\/wp-json\/wp\/v2\/types\/page"}],"author":[{"embeddable":true,"href":"https:\/\/gruene-wiesbaden.de\/el\/wp-json\/wp\/v2\/users\/1"}],"replies":[{"embeddable":true,"href":"https:\/\/gruene-wiesbaden.de\/el\/wp-json\/wp\/v2\/comments?post=566"}],"version-history":[{"count":24,"href":"https:\/\/gruene-wiesbaden.de\/el\/wp-json\/wp\/v2\/pages\/566\/revisions"}],"predecessor-version":[{"id":2301,"href":"https:\/\/gruene-wiesbaden.de\/el\/wp-json\/wp\/v2\/pages\/566\/revisions\/2301"}],"wp:attachment":[{"href":"https:\/\/gruene-wiesbaden.de\/el\/wp-json\/wp\/v2\/media?parent=566"}],"curies":[{"name":"wp","href":"https:\/\/api.w.org\/{rel}","templated":true}]}}