{"id":2096,"date":"2026-02-12T09:23:22","date_gmt":"2026-02-12T07:23:22","guid":{"rendered":"https:\/\/gruene-wiesbaden.de\/?page_id=2096"},"modified":"2026-03-09T20:20:41","modified_gmt":"2026-03-09T18:20:41","slug":"digitalcitylights","status":"publish","type":"page","link":"https:\/\/gruene-wiesbaden.de\/de\/digitalcitylights\/","title":{"rendered":"Transparenzbekanntmachung Walldecaux DigitalCitylights"},"content":{"rendered":"<section class=\"l-section wpb_row us_custom_057801f8 height_medium with_img\"><div class=\"l-section-img\" role=\"img\" data-img-width=\"1920\" data-img-height=\"768\" style=\"background-image: url(https:\/\/gruene-wiesbaden.de\/wp-content\/uploads\/2025\/11\/neuer-Verlauf-gruene-wiesbaden.de_-e1767650502847.png);background-repeat: no-repeat;\"><\/div><div class=\"l-section-h i-cf\"><div class=\"g-cols vc_row via_grid cols_1 laptops-cols_inherit tablets-cols_inherit mobiles-cols_1 valign_top type_default stacking_default\"><div class=\"wpb_column vc_column_container\"><div class=\"vc_column-inner\"><div class=\"g-cols wpb_row via_grid cols_1 laptops-cols_inherit tablets-cols_inherit mobiles-cols_1 valign_top type_boxes stacking_default\" style=\"--columns-gap:3rem;\"><div class=\"wpb_column vc_column_container us_custom_24a85f83 has_text_color\"><div class=\"vc_column-inner\"><div class=\"wpb_text_column\"><div class=\"wpb_wrapper\"><h1 style=\"text-align: center;\"><strong>Transparenzbekanntmachung gem\u00e4\u00df Artikel 11 der Verordnung (EU) 2024\/900 \u00fcber die Transparenz und das Targeting politischer Werbung (TTPA-VO)<\/strong><\/h1>\n<\/div><\/div><div class=\"wpb_text_column\"><div class=\"wpb_wrapper\"><h3 style=\"text-align: center;\">zu dem von uns genutzten Digitalen City Light Postern von Walldecaux<\/h3>\n<\/div><\/div><div class=\"wpb_text_column\"><div class=\"wpb_wrapper\"><h3 style=\"text-align: center;\">Stand: 12.02.2026<\/h3>\n<\/div><\/div><div class=\"w-separator size_small\"><\/div><\/div><\/div><\/div><div class=\"g-cols wpb_row via_grid cols_1 laptops-cols_inherit tablets-cols_inherit mobiles-cols_1 valign_middle type_boxes stacking_default\" style=\"--columns-gap:2rem;\"><div class=\"wpb_column vc_column_container\"><div class=\"vc_column-overlay\" style=\"background:var(--color-content-bg)\"><\/div><div class=\"vc_column-inner\"><div class=\"wpb_text_column us_custom_6df4bc3a has_text_color\"><div class=\"wpb_wrapper\"><ol>\n<li style=\"font-weight: 400;\"><strong> Sponsor der politischen Anzeige<\/strong><\/li>\n<\/ol>\n<p style=\"font-weight: 400;\">B\u00dcNDNIS 90\/DIE GR\u00dcNEN \u2013 Kreisverband Wiesbaden<br \/>\nAnschrift: Mainzer Stra\u00dfe 75, 65189 Wiesbaden<br \/>\nE-Mail: kreisverband@gruene-wiesbaden.de<br \/>\nVertreten durch: Rebecca Thomas und Daniel Schmitt, Vorstandsvorsitzende<\/p>\n<ol start=\"2\">\n<li style=\"font-weight: 400;\"><strong> Zahlende Stelle (siehe Sponsor)<\/strong><\/li>\n<\/ol>\n<ol start=\"3\">\n<li style=\"font-weight: 400;\"><strong> Zeitraum der Ver\u00f6ffentlichung<\/strong><\/li>\n<\/ol>\n<div><span>Die politische Anzeige wird im Zeitraum vom 24.02.2026 bis 16.03.2026 ver\u00f6ffentlicht oder verbreitet.<\/span><\/div>\n<\/div><\/div><div class=\"w-separator size_small\"><\/div><div class=\"wpb_text_column us_custom_6df4bc3a has_text_color\"><div class=\"wpb_wrapper\"><ol start=\"4\">\n<li style=\"font-weight: 400;\"><strong>Angaben zur Finanzierung<\/strong><\/li>\n<\/ol>\n<p style=\"font-weight: 400;\">Gesamtwert der Werbeleistung: 14.771,32 Euro<br \/>\nQuelle der Mittel: Eigenmittel aus Mitgliedsbeitr\u00e4gen von B\u00dcNDNIS 90\/DIE GR\u00dcNEN \u2013 Kreisverband Wiesbaden<br \/>\nUrsprung der Mittel: innerhalb der Europ\u00e4ischen Union<br \/>\nMethode der Berechnung: auf Grundlage der Rechnungsbetr\u00e4ge des Dienstleisters; die Gestaltung wurde von einer Mitarbeiterin des Kreisverbandes im Rahmen ihrer \u00fcblichen T\u00e4tigkeit \u00fcbernommen.<\/p>\n<ol start=\"5\">\n<li style=\"font-weight: 400;\"><strong> Anlass \/ Politischer Zusammenhang<\/strong><\/li>\n<\/ol>\n<p style=\"font-weight: 400;\">Diese Anzeige steht im Zusammenhang mit der hessischen Kommunalwahl 2026.<br \/>\nOffizielle Informationen zur Wahlteilnahme:<br \/>\nLandeswahlleiter in Hessen:<span>\u00a0<\/span><a href=\"https:\/\/wahlen.hessen.de\/kommunalwahlen\">https:\/\/wahlen.hessen.de\/kommunalwahlen<\/a><em><br \/>\n<\/em>Innenministerium Hessen:<span><em>\u00a0<\/em><\/span><a href=\"https:\/\/innen.hessen.de\/kommunales\/aufsicht\">https:\/\/innen.hessen.de\/kommunales\/aufsicht<\/a><\/p>\n<ol start=\"6\">\n<li style=\"font-weight: 400;\"><strong> Angaben zum Werbeanbieter<\/strong><\/li>\n<\/ol>\n<p style=\"font-weight: 400;\">Wall GmbH Unternehmenszentrale<br \/>\nAnschrift: Heidestra\u00dfe 38, 10557 Berlin<br \/>\nE-Mail: info@walldecaux.de<br \/>\nTelefon: +49 30 33899-0<br \/>\nWebsite: www.walldecaux.de<br \/>\nArt der Dienstleistung: Digitale City Light Poster DDN 2026<\/p>\n<ol start=\"7\">\n<li style=\"font-weight: 400;\"><strong> Angaben zur Ver\u00f6ffentlichung<\/strong><\/li>\n<\/ol>\n<p style=\"font-weight: 400;\">Medium: Digitale City Light Poster DDN 2026, Walldecaux<br \/>\nOrt \/ Region der Verbreitung: Stadtgebiet Wiesbaden<\/p>\n<ol start=\"8\">\n<li style=\"font-weight: 400;\"><strong> Hinweise zu Targeting und Datenverarbeitung<\/strong><\/li>\n<\/ol>\n<p style=\"font-weight: 400;\">Keine Nutzung personenbezogener Daten.<\/p>\n<ol start=\"9\">\n<li style=\"font-weight: 400;\"><strong> Fr\u00fchere Ver\u00f6ffentlichungen \/ Korrekturen<\/strong><\/li>\n<\/ol>\n<p style=\"font-weight: 400;\">Es liegen keine fr\u00fcheren Ver\u00f6ffentlichungen oder Korrekturen vor.<\/p>\n<ol start=\"10\">\n<li style=\"font-weight: 400;\"><strong> Ansprechpartner*in f\u00fcr Transparenzfragen<\/strong><\/li>\n<\/ol>\n<p style=\"font-weight: 400;\">Name: Ramona Achhammer<br \/>\nE-Mail: kreisverband@gruene-wiesbaden.de<br \/>\nVerantwortlich f\u00fcr Inhalt und Richtigkeit:<br \/>\nB\u00dcNDNIS 90\/DIE GR\u00dcNEN \u2013 Kreisverband Wiesbaden<\/p>\n<p style=\"font-weight: 400;\">Datum: 12.02.2026<\/p>\n<\/div><\/div><\/div><\/div><\/div><div class=\"w-separator size_medium\"><\/div><\/div><\/div><\/div><\/div><\/section>\n","protected":false},"excerpt":{"rendered":"Transparenzbekanntmachung gem\u00e4\u00df Artikel 11 der Verordnung (EU) 2024\/900 \u00fcber die Transparenz und das Targeting politischer Werbung (TTPA-VO) zu dem von uns genutzten Digitalen City Light Postern von Walldecaux Stand: 12.02.2026 Sponsor der politischen Anzeige B\u00dcNDNIS 90\/DIE GR\u00dcNEN \u2013 Kreisverband Wiesbaden Anschrift: Mainzer Stra\u00dfe 75, 65189 Wiesbaden E-Mail: kreisverband@gruene-wiesbaden.de Vertreten durch: Rebecca Thomas und Daniel Schmitt,...","protected":false},"author":1,"featured_media":0,"parent":0,"menu_order":0,"comment_status":"closed","ping_status":"closed","template":"","meta":{"footnotes":""},"class_list":["post-2096","page","type-page","status-publish","hentry"],"yoast_head":"<!-- This site is optimized with the Yoast SEO plugin v27.4 - https:\/\/yoast.com\/product\/yoast-seo-wordpress\/ -->\n<title>Transparenzbekanntmachung Walldecaux DigitalCitylights - B\u00dcNDNIS 90\/DIE GR\u00dcNEN Wiesbaden<\/title>\n<meta name=\"robots\" content=\"index, follow, max-snippet:-1, max-image-preview:large, max-video-preview:-1\" \/>\n<link rel=\"canonical\" href=\"https:\/\/gruene-wiesbaden.de\/de\/digitalcitylights\/\" \/>\n<meta property=\"og:locale\" content=\"de_DE\" \/>\n<meta property=\"og:type\" content=\"article\" \/>\n<meta property=\"og:title\" content=\"Transparenzbekanntmachung Walldecaux DigitalCitylights - B\u00dcNDNIS 90\/DIE GR\u00dcNEN Wiesbaden\" \/>\n<meta property=\"og:url\" content=\"https:\/\/gruene-wiesbaden.de\/de\/digitalcitylights\/\" \/>\n<meta property=\"og:site_name\" content=\"B\u00dcNDNIS 90\/DIE GR\u00dcNEN Wiesbaden\" \/>\n<meta property=\"article:publisher\" content=\"https:\/\/www.facebook.com\/gruene.wi\" \/>\n<meta property=\"article:modified_time\" content=\"2026-03-09T18:20:41+00:00\" \/>\n<meta name=\"twitter:card\" content=\"summary_large_image\" \/>\n<meta name=\"twitter:label1\" content=\"Gesch\u00e4tzte Lesezeit\" \/>\n\t<meta name=\"twitter:data1\" content=\"2\u00a0Minuten\" \/>\n<script type=\"application\/ld+json\" class=\"yoast-schema-graph\">{\"@context\":\"https:\\\/\\\/schema.org\",\"@graph\":[{\"@type\":\"WebPage\",\"@id\":\"https:\\\/\\\/gruene-wiesbaden.de\\\/digitalcitylights\\\/\",\"url\":\"https:\\\/\\\/gruene-wiesbaden.de\\\/digitalcitylights\\\/\",\"name\":\"Transparenzbekanntmachung Walldecaux DigitalCitylights - B\u00dcNDNIS 90\\\/DIE GR\u00dcNEN Wiesbaden\",\"isPartOf\":{\"@id\":\"https:\\\/\\\/gruene-wiesbaden.de\\\/#website\"},\"datePublished\":\"2026-02-12T07:23:22+00:00\",\"dateModified\":\"2026-03-09T18:20:41+00:00\",\"breadcrumb\":{\"@id\":\"https:\\\/\\\/gruene-wiesbaden.de\\\/digitalcitylights\\\/#breadcrumb\"},\"inLanguage\":\"de\",\"potentialAction\":[{\"@type\":\"ReadAction\",\"target\":[\"https:\\\/\\\/gruene-wiesbaden.de\\\/digitalcitylights\\\/\"]}]},{\"@type\":\"BreadcrumbList\",\"@id\":\"https:\\\/\\\/gruene-wiesbaden.de\\\/digitalcitylights\\\/#breadcrumb\",\"itemListElement\":[{\"@type\":\"ListItem\",\"position\":1,\"name\":\"Startseite\",\"item\":\"https:\\\/\\\/gruene-wiesbaden.de\\\/\"},{\"@type\":\"ListItem\",\"position\":2,\"name\":\"Transparenzbekanntmachung Walldecaux DigitalCitylights\"}]},{\"@type\":\"WebSite\",\"@id\":\"https:\\\/\\\/gruene-wiesbaden.de\\\/#website\",\"url\":\"https:\\\/\\\/gruene-wiesbaden.de\\\/\",\"name\":\"DIE GR\u00dcNEN Wiesbaden\",\"description\":\"\",\"publisher\":{\"@id\":\"https:\\\/\\\/gruene-wiesbaden.de\\\/#organization\"},\"potentialAction\":[{\"@type\":\"SearchAction\",\"target\":{\"@type\":\"EntryPoint\",\"urlTemplate\":\"https:\\\/\\\/gruene-wiesbaden.de\\\/?s={search_term_string}\"},\"query-input\":{\"@type\":\"PropertyValueSpecification\",\"valueRequired\":true,\"valueName\":\"search_term_string\"}}],\"inLanguage\":\"de\"},{\"@type\":\"Organization\",\"@id\":\"https:\\\/\\\/gruene-wiesbaden.de\\\/#organization\",\"name\":\"DIE GR\u00dcNEN Wiesbaden\",\"url\":\"https:\\\/\\\/gruene-wiesbaden.de\\\/\",\"logo\":{\"@type\":\"ImageObject\",\"inLanguage\":\"de\",\"@id\":\"https:\\\/\\\/gruene-wiesbaden.de\\\/#\\\/schema\\\/logo\\\/image\\\/\",\"url\":\"https:\\\/\\\/gruene-wiesbaden-fuer-europa.de\\\/wp-content\\\/uploads\\\/2024\\\/04\\\/Machen-was-zaehlt-5.png\",\"contentUrl\":\"https:\\\/\\\/gruene-wiesbaden-fuer-europa.de\\\/wp-content\\\/uploads\\\/2024\\\/04\\\/Machen-was-zaehlt-5.png\",\"width\":1772,\"height\":1772,\"caption\":\"DIE GR\u00dcNEN Wiesbaden\"},\"image\":{\"@id\":\"https:\\\/\\\/gruene-wiesbaden.de\\\/#\\\/schema\\\/logo\\\/image\\\/\"},\"sameAs\":[\"https:\\\/\\\/www.facebook.com\\\/gruene.wi\",\"https:\\\/\\\/instagram.com\\\/gruene_wi\"]}]}<\/script>\n<!-- \/ Yoast SEO plugin. -->","yoast_head_json":{"title":"Transparenzbekanntmachung Walldecaux DigitalCitylights - B\u00dcNDNIS 90\/DIE GR\u00dcNEN Wiesbaden","robots":{"index":"index","follow":"follow","max-snippet":"max-snippet:-1","max-image-preview":"max-image-preview:large","max-video-preview":"max-video-preview:-1"},"canonical":"https:\/\/gruene-wiesbaden.de\/de\/digitalcitylights\/","og_locale":"de_DE","og_type":"article","og_title":"Transparenzbekanntmachung Walldecaux DigitalCitylights - B\u00dcNDNIS 90\/DIE GR\u00dcNEN Wiesbaden","og_url":"https:\/\/gruene-wiesbaden.de\/de\/digitalcitylights\/","og_site_name":"B\u00dcNDNIS 90\/DIE GR\u00dcNEN Wiesbaden","article_publisher":"https:\/\/www.facebook.com\/gruene.wi","article_modified_time":"2026-03-09T18:20:41+00:00","twitter_card":"summary_large_image","twitter_misc":{"Gesch\u00e4tzte Lesezeit":"2\u00a0Minuten"},"schema":{"@context":"https:\/\/schema.org","@graph":[{"@type":"WebPage","@id":"https:\/\/gruene-wiesbaden.de\/digitalcitylights\/","url":"https:\/\/gruene-wiesbaden.de\/digitalcitylights\/","name":"Transparenzbekanntmachung Walldecaux DigitalCitylights - B\u00dcNDNIS 90\/DIE GR\u00dcNEN Wiesbaden","isPartOf":{"@id":"https:\/\/gruene-wiesbaden.de\/#website"},"datePublished":"2026-02-12T07:23:22+00:00","dateModified":"2026-03-09T18:20:41+00:00","breadcrumb":{"@id":"https:\/\/gruene-wiesbaden.de\/digitalcitylights\/#breadcrumb"},"inLanguage":"de","potentialAction":[{"@type":"ReadAction","target":["https:\/\/gruene-wiesbaden.de\/digitalcitylights\/"]}]},{"@type":"BreadcrumbList","@id":"https:\/\/gruene-wiesbaden.de\/digitalcitylights\/#breadcrumb","itemListElement":[{"@type":"ListItem","position":1,"name":"Startseite","item":"https:\/\/gruene-wiesbaden.de\/"},{"@type":"ListItem","position":2,"name":"Transparenzbekanntmachung Walldecaux DigitalCitylights"}]},{"@type":"WebSite","@id":"https:\/\/gruene-wiesbaden.de\/#website","url":"https:\/\/gruene-wiesbaden.de\/","name":"DIE GR\u00dcNEN Wiesbaden","description":"","publisher":{"@id":"https:\/\/gruene-wiesbaden.de\/#organization"},"potentialAction":[{"@type":"SearchAction","target":{"@type":"EntryPoint","urlTemplate":"https:\/\/gruene-wiesbaden.de\/?s={search_term_string}"},"query-input":{"@type":"PropertyValueSpecification","valueRequired":true,"valueName":"search_term_string"}}],"inLanguage":"de"},{"@type":"Organization","@id":"https:\/\/gruene-wiesbaden.de\/#organization","name":"DIE GR\u00dcNEN Wiesbaden","url":"https:\/\/gruene-wiesbaden.de\/","logo":{"@type":"ImageObject","inLanguage":"de","@id":"https:\/\/gruene-wiesbaden.de\/#\/schema\/logo\/image\/","url":"https:\/\/gruene-wiesbaden-fuer-europa.de\/wp-content\/uploads\/2024\/04\/Machen-was-zaehlt-5.png","contentUrl":"https:\/\/gruene-wiesbaden-fuer-europa.de\/wp-content\/uploads\/2024\/04\/Machen-was-zaehlt-5.png","width":1772,"height":1772,"caption":"DIE GR\u00dcNEN Wiesbaden"},"image":{"@id":"https:\/\/gruene-wiesbaden.de\/#\/schema\/logo\/image\/"},"sameAs":["https:\/\/www.facebook.com\/gruene.wi","https:\/\/instagram.com\/gruene_wi"]}]}},"_links":{"self":[{"href":"https:\/\/gruene-wiesbaden.de\/de\/wp-json\/wp\/v2\/pages\/2096","targetHints":{"allow":["GET"]}}],"collection":[{"href":"https:\/\/gruene-wiesbaden.de\/de\/wp-json\/wp\/v2\/pages"}],"about":[{"href":"https:\/\/gruene-wiesbaden.de\/de\/wp-json\/wp\/v2\/types\/page"}],"author":[{"embeddable":true,"href":"https:\/\/gruene-wiesbaden.de\/de\/wp-json\/wp\/v2\/users\/1"}],"replies":[{"embeddable":true,"href":"https:\/\/gruene-wiesbaden.de\/de\/wp-json\/wp\/v2\/comments?post=2096"}],"version-history":[{"count":8,"href":"https:\/\/gruene-wiesbaden.de\/de\/wp-json\/wp\/v2\/pages\/2096\/revisions"}],"predecessor-version":[{"id":2161,"href":"https:\/\/gruene-wiesbaden.de\/de\/wp-json\/wp\/v2\/pages\/2096\/revisions\/2161"}],"wp:attachment":[{"href":"https:\/\/gruene-wiesbaden.de\/de\/wp-json\/wp\/v2\/media?parent=2096"}],"curies":[{"name":"wp","href":"https:\/\/api.w.org\/{rel}","templated":true}]}}