{"id":50,"date":"2024-04-06T10:03:53","date_gmt":"2024-04-06T10:03:53","guid":{"rendered":"https:\/\/gruene-wiesbaden-fuer-europa.de\/?page_id=50"},"modified":"2026-04-07T09:48:02","modified_gmt":"2026-04-07T07:48:02","slug":"impressum","status":"publish","type":"page","link":"https:\/\/gruene-wiesbaden.de\/cs\/impressum\/","title":{"rendered":"Prohl\u00e1\u0161en\u00ed o vylou\u010den\u00ed odpov\u011bdnosti"},"content":{"rendered":"<section class=\"l-section wpb_row height_auto full_height valign_center with_slider\"><div class=\"l-section-slider\"><div class=\"w-slider style_none fit_cover nav_none count_1\"><div class=\"w-slider-h\"><div class=\"royalSlider\"><div class=\"rsContent\"><a class=\"rsImg\" data-rsw=\"3264\" data-rsh=\"2000\" href=\"https:\/\/gruene-wiesbaden.de\/wp-content\/uploads\/2025\/03\/youssef-naddam-iJ2IG8ckCpA-unsplash.png\"><span data-alt=\"\"><\/span><\/a><\/div><\/div><img decoding=\"async\" src=\"https:\/\/gruene-wiesbaden.de\/wp-content\/uploads\/2025\/03\/youssef-naddam-iJ2IG8ckCpA-unsplash.png\" width=\"3264\" height=\"2000\" alt loading=\"lazy\"><\/div><div class=\"w-slider-json\" onclick='return {&quot;autoScaleSlider&quot;:true,&quot;addActiveClass&quot;:true,&quot;loop&quot;:true,&quot;fadeInLoadedSlide&quot;:false,&quot;slidesSpacing&quot;:0,&quot;imageScalePadding&quot;:0,&quot;numImagesToPreload&quot;:2,&quot;arrowsNav&quot;:false,&quot;arrowsNavAutoHide&quot;:false,&quot;transitionType&quot;:&quot;move&quot;,&quot;transitionSpeed&quot;:1000,&quot;block&quot;:{&quot;moveEffect&quot;:&quot;none&quot;,&quot;speed&quot;:300},&quot;thumbs&quot;:{&quot;fitInViewport&quot;:false,&quot;firstMargin&quot;:false,&quot;spacing&quot;:4},&quot;controlNavigation&quot;:&quot;none&quot;,&quot;autoplay&quot;:{&quot;enabled&quot;:true,&quot;pauseOnHover&quot;:false,&quot;delay&quot;:3000},&quot;autoScaleSliderWidth&quot;:3264,&quot;autoScaleSliderHeight&quot;:2000}'><\/div><\/div><\/div><div class=\"l-section-h i-cf\"><div class=\"g-cols vc_row via_grid cols_1 laptops-cols_inherit tablets-cols_inherit mobiles-cols_1 valign_top type_default stacking_default\" style=\"--columns-gap:0rem;\"><div class=\"wpb_column vc_column_container\"><div class=\"vc_column-inner\"><div class=\"g-cols wpb_row via_grid cols_1 laptops-cols_inherit tablets-cols_inherit mobiles-cols_1 valign_top type_default stacking_default\" style=\"--columns-gap:3rem;\"><div class=\"wpb_column vc_column_container\"><div class=\"vc_column-inner\"><div class=\"wpb_text_column us_custom_2d6d43ab has_text_color background_inside_text\"><div class=\"wpb_wrapper\"><h1 style=\"text-align: center;\">IMPRINT<\/h1>\n<\/div><\/div><div class=\"w-separator size_large\"><\/div><div class=\"w-separator size_small\"><\/div><\/div><\/div><\/div><\/div><\/div><\/div><\/div><\/section><section class=\"l-section wpb_row height_medium\"><div class=\"l-section-overlay\" style=\"background:var(--color-alt-content-bg)\"><\/div><div class=\"l-section-h i-cf\"><div class=\"g-cols vc_row via_grid cols_1 laptops-cols_inherit tablets-cols_inherit mobiles-cols_1 valign_top type_default stacking_default\"><div class=\"wpb_column vc_column_container\"><div class=\"vc_column-inner\"><div class=\"g-cols wpb_row us_custom_564c68c1 has_text_color via_grid cols_1 laptops-cols_inherit tablets-cols_inherit mobiles-cols_1 valign_middle type_boxes stacking_default\" style=\"--columns-gap:3rem;\"><div class=\"wpb_column vc_column_container\"><div class=\"vc_column-inner\"><div class=\"wpb_text_column us_custom_564c68c1 has_text_color\"><div class=\"wpb_wrapper\"><h5>Provozovatel\u00e9 ve smyslu \u00a7 5 bod\u016f 1 a 2 (TMG):<\/h5>\n<p><strong>Okresn\u00ed sdru\u017een\u00ed Wiesbaden<br \/>\nAliance 90 \/ Zelen\u00ed<\/strong><br \/>\nMainzer Stra\u00dfe 75<br \/>\n65189 Wiesbaden<br \/>\nTel. \u010d.: 0152 25 29 35 65<br \/>\nPo\u0161tovn\u00ed z\u00e1silka: <a href=\"mailto:kreisverband@gruene-wiesbaden.de\">kreisverband@gruene-wiesbaden.de<\/a><\/p>\n<p>Spr\u00e1vn\u00ed rada opr\u00e1vn\u011bn\u00e1 zastupovat:<br \/>\nRebecca Thomasov\u00e1 a Daniel Schmitt<\/p>\n<\/div><\/div><div class=\"w-separator size_large\"><\/div><div class=\"wpb_text_column us_custom_564c68c1 has_text_color\"><div class=\"wpb_wrapper\"><h5>Odpov\u011bdn\u00e1 osoba ve smyslu \u00a7 55 odst. 2 RStV:<\/h5>\n<p><b>Rebecca Thomas (spolup\u0159edsedkyn\u011b okresn\u00edho sdru\u017een\u00ed)<\/b><br \/>\nMainzer Stra\u00dfe 75<br \/>\n65189 Wiesbaden<\/p>\n<p><strong>Otev\u00edrac\u00ed doba a kontakt:<\/strong><br \/>\n\u010ctvrtek 16-18 hod. a dle domluvy<br \/>\nTel. \u010d.: 0152 25 29 35 65<br \/>\nPo\u0161tovn\u00ed z\u00e1silka: <a href=\"mailto:kreisverband@gruene-wiesbaden.de\">kreisverband@gruene-wiesbaden.de<\/a><\/p>\n<\/div><\/div><div class=\"w-separator size_large\"><\/div><div class=\"wpb_text_column\"><div class=\"wpb_wrapper\"><h5>autorsk\u00e1 pr\u00e1va<\/h5>\n<p>Obsah a d\u00edla vytvo\u0159en\u00e1 provozovateli str\u00e1nek na t\u011bchto str\u00e1nk\u00e1ch podl\u00e9haj\u00ed n\u011bmeck\u00e9mu autorsk\u00e9mu pr\u00e1vu. Rozmno\u017eov\u00e1n\u00ed, zpracov\u00e1n\u00ed, distribuce a jak\u00fdkoli druh vyu\u017eit\u00ed mimo hranice autorsk\u00e9ho pr\u00e1va vy\u017eaduje p\u00edsemn\u00fd souhlas p\u0159\u00edslu\u0161n\u00fdch autor\u016f nebo tv\u016frc\u016f. Stahov\u00e1n\u00ed a kop\u00edrov\u00e1n\u00ed t\u011bchto str\u00e1nek je povoleno pouze pro soukrom\u00e9, nekomer\u010dn\u00ed pou\u017eit\u00ed. Pokud obsah na t\u00e9to str\u00e1nce nebyl vytvo\u0159en provozovatelem, jsou dodr\u017eov\u00e1na autorsk\u00e1 pr\u00e1va t\u0159et\u00edch stran. Zejm\u00e9na obsah t\u0159et\u00edch stran je jako takov\u00fd ozna\u010den. Pokud se p\u0159esto dozv\u00edte o poru\u0161en\u00ed autorsk\u00fdch pr\u00e1v, \u017e\u00e1d\u00e1me v\u00e1s o p\u0159\u00edslu\u0161n\u00e9 upozorn\u011bn\u00ed. Jakmile se dozv\u00edme o poru\u0161en\u00ed pr\u00e1vn\u00edch p\u0159edpis\u016f, okam\u017eit\u011b takov\u00fd obsah odstran\u00edme.<\/p>\n<h5>Odpov\u011bdnost za obsah a odkazy na webov\u00fdch str\u00e1nk\u00e1ch t\u0159et\u00edch stran<\/h5>\n<p>Informace, kter\u00e9 najdete na na\u0161ich webov\u00fdch str\u00e1nk\u00e1ch, byly pe\u010dliv\u011b sestaveny a zkontrolov\u00e1ny podle va\u0161eho nejlep\u0161\u00edho v\u011bdom\u00ed a sv\u011bdom\u00ed. Neposkytuje se v\u0161ak \u017e\u00e1dn\u00e1 z\u00e1ruka za spr\u00e1vnost, \u00faplnost, aktu\u00e1lnost nebo kvalitu a dostupnost poskytnut\u00fdch informac\u00ed.<br \/>\nTato webov\u00e1 str\u00e1nka tak\u00e9 obsahuje odkazy nebo reference na webov\u00e9 str\u00e1nky t\u0159et\u00edch stran. Tyto odkazy nelze ch\u00e1pat jako souhlas s jejich obsahem. Za obsah extern\u00edch odkaz\u016f odpov\u00eddaj\u00ed p\u0159\u00edslu\u0161n\u00ed poskytovatel\u00e9 nebo provozovatel\u00e9 (auto\u0159i) str\u00e1nek. Odkazy na jin\u00e9 webov\u00e9 str\u00e1nky pouze poskytuj\u00ed u\u017eivatel\u016fm p\u0159\u00edstup k pou\u017e\u00edv\u00e1n\u00ed obsahu. V dob\u011b propojen\u00ed byly extern\u00ed odkazy podle na\u0161eho nejlep\u0161\u00edho v\u011bdom\u00ed a sv\u011bdom\u00ed zkontrolov\u00e1ny z hlediska mo\u017en\u00e9ho poru\u0161en\u00ed pr\u00e1vn\u00edch p\u0159edpis\u016f. Neust\u00e1l\u00fd p\u0159ezkum obsahu extern\u00edch odkaz\u016f bez konkr\u00e9tn\u00edch n\u00e1znak\u016f poru\u0161en\u00ed z\u00e1kona nen\u00ed mo\u017en\u00fd. V p\u0159\u00edpad\u011b odkaz\u016f na webov\u00e9 str\u00e1nky t\u0159et\u00edch stran, kter\u00e9 jsou mimo odpov\u011bdnost vydavatele, by povinnost odpov\u011bdnosti existovala pouze tehdy, pokud by se vydavatel dozv\u011bd\u011bl o nez\u00e1konn\u00e9m obsahu nebo pokud by bylo technicky mo\u017en\u00e9 a p\u0159im\u011b\u0159en\u00e9 zabr\u00e1nit pou\u017eit\u00ed tohoto obsahu. Pokud se domn\u00edv\u00e1te, \u017ee odkazovan\u00e9 extern\u00ed str\u00e1nky poru\u0161uj\u00ed platn\u00e9 z\u00e1kony nebo maj\u00ed jinak nevhodn\u00fd obsah, dejte n\u00e1m pros\u00edm v\u011bd\u011bt.<\/p>\n<h5>N\u00e1mitka proti reklamn\u00edm e-mail\u016fm<\/h5>\n<p>T\u00edmto v\u00fdslovn\u011b odm\u00edt\u00e1me pou\u017eit\u00ed kontaktn\u00edch \u00fadaj\u016f zve\u0159ejn\u011bn\u00fdch v r\u00e1mci povinnosti ti\u0161t\u011bn\u00ed pro p\u0159enos nevy\u017e\u00e1dan\u00fdch reklamn\u00edch a informa\u010dn\u00edch materi\u00e1l\u016f. V p\u0159\u00edpad\u011b nevy\u017e\u00e1dan\u00e9ho zas\u00edl\u00e1n\u00ed reklamn\u00edch informac\u00ed, jako jsou spamov\u00e9 e-maily, si provozovatel t\u011bchto str\u00e1nek vyhrazuje pr\u00e1vo podniknout pr\u00e1vn\u00ed kroky.<\/p>\n<h5>Odpov\u011bdnost za obsah \u2013 Pr\u00e1vn\u00ed platnost prohl\u00e1\u0161en\u00ed o vylou\u010den\u00ed odpov\u011bdnosti<\/h5>\n<p><span>I p\u0159es pe\u010dlivou kontrolu obsahu nep\u0159eb\u00edr\u00e1me \u017e\u00e1dnou odpov\u011bdnost za obsah extern\u00edch odkaz\u016f. Provozovatel\u00e9 odkazovan\u00fdch str\u00e1nek jsou v\u00fdhradn\u011b zodpov\u011bdn\u00ed za jejich obsah.<\/span><\/p>\n<\/div><\/div><\/div><\/div><\/div><\/div><\/div><\/div><\/div><\/section>","protected":false},"excerpt":{"rendered":"Provozovatel\u00e9 spole\u010dnosti IMPRESSUM ve smyslu \u00a7 5 bod\u016f 1 a 2 (TMG): Kreisverband Wiesbaden B\u00dcNDNIS 90\/DIE GR\u00dcNEN Mainzer Stra\u00dfe 75 65189 Wiesbaden Tel.: 0152 25 29 35 65 Po\u0161ta: kreisverband@gruene-wiesbaden.de Autorizovan\u00e1 zastupitelsk\u00e1 rada: Rebecca Thomas, Daniel Schmitt Odpov\u011bdn\u00e1 osoba ve smyslu \u00a7 55 odst. 2 RStV: Rebecca Thomas (spolup\u0159edsedkyn\u011b okresn\u00edho sdru\u017een\u00ed) Mainzer Stra\u00dfe 75 65189 Wiesbaden Otev\u00edrac\u00ed doba a...","protected":false},"author":1,"featured_media":0,"parent":0,"menu_order":0,"comment_status":"closed","ping_status":"closed","template":"","meta":{"footnotes":""},"class_list":["post-50","page","type-page","status-publish","hentry"],"yoast_head":"<!-- This site is optimized with the Yoast SEO plugin v27.5 - https:\/\/yoast.com\/product\/yoast-seo-wordpress\/ -->\n<title>Impressum - B\u00dcNDNIS 90\/DIE GR\u00dcNEN Wiesbaden<\/title>\n<meta name=\"description\" content=\"Hier findest du Informationen zu den verantwortlichen Personen f\u00fcr die Website sowie Kontaktm\u00f6glichkeiten.\" \/>\n<meta name=\"robots\" content=\"index, follow, max-snippet:-1, max-image-preview:large, max-video-preview:-1\" \/>\n<link rel=\"canonical\" href=\"https:\/\/gruene-wiesbaden.de\/cs\/impressum\/\" \/>\n<meta property=\"og:locale\" content=\"cs_CZ\" \/>\n<meta property=\"og:type\" content=\"article\" \/>\n<meta property=\"og:title\" content=\"Impressum - B\u00dcNDNIS 90\/DIE GR\u00dcNEN Wiesbaden\" \/>\n<meta property=\"og:description\" content=\"Hier findest du Informationen zu den verantwortlichen Personen f\u00fcr die Website sowie Kontaktm\u00f6glichkeiten.\" \/>\n<meta property=\"og:url\" content=\"https:\/\/gruene-wiesbaden.de\/cs\/impressum\/\" \/>\n<meta property=\"og:site_name\" content=\"B\u00dcNDNIS 90\/DIE GR\u00dcNEN Wiesbaden\" \/>\n<meta property=\"article:publisher\" content=\"https:\/\/www.facebook.com\/gruene.wi\" \/>\n<meta property=\"article:modified_time\" content=\"2026-04-07T07:48:02+00:00\" \/>\n<meta name=\"twitter:card\" content=\"summary_large_image\" \/>\n<meta name=\"twitter:label1\" content=\"Odhadovan\u00e1 doba \u010dten\u00ed\" \/>\n\t<meta name=\"twitter:data1\" content=\"3 minutes\" \/>\n<script type=\"application\/ld+json\" class=\"yoast-schema-graph\">{\"@context\":\"https:\\\/\\\/schema.org\",\"@graph\":[{\"@type\":\"WebPage\",\"@id\":\"https:\\\/\\\/gruene-wiesbaden.de\\\/impressum\\\/\",\"url\":\"https:\\\/\\\/gruene-wiesbaden.de\\\/impressum\\\/\",\"name\":\"Impressum - B\u00dcNDNIS 90\\\/DIE GR\u00dcNEN Wiesbaden\",\"isPartOf\":{\"@id\":\"https:\\\/\\\/gruene-wiesbaden.de\\\/#website\"},\"datePublished\":\"2024-04-06T10:03:53+00:00\",\"dateModified\":\"2026-04-07T07:48:02+00:00\",\"description\":\"Hier findest du Informationen zu den verantwortlichen Personen f\u00fcr die Website sowie Kontaktm\u00f6glichkeiten.\",\"breadcrumb\":{\"@id\":\"https:\\\/\\\/gruene-wiesbaden.de\\\/impressum\\\/#breadcrumb\"},\"inLanguage\":\"cs-CZ\",\"potentialAction\":[{\"@type\":\"ReadAction\",\"target\":[\"https:\\\/\\\/gruene-wiesbaden.de\\\/impressum\\\/\"]}]},{\"@type\":\"BreadcrumbList\",\"@id\":\"https:\\\/\\\/gruene-wiesbaden.de\\\/impressum\\\/#breadcrumb\",\"itemListElement\":[{\"@type\":\"ListItem\",\"position\":1,\"name\":\"Startseite\",\"item\":\"https:\\\/\\\/gruene-wiesbaden.de\\\/\"},{\"@type\":\"ListItem\",\"position\":2,\"name\":\"Impressum\"}]},{\"@type\":\"WebSite\",\"@id\":\"https:\\\/\\\/gruene-wiesbaden.de\\\/#website\",\"url\":\"https:\\\/\\\/gruene-wiesbaden.de\\\/\",\"name\":\"DIE GR\u00dcNEN Wiesbaden\",\"description\":\"\",\"publisher\":{\"@id\":\"https:\\\/\\\/gruene-wiesbaden.de\\\/#organization\"},\"potentialAction\":[{\"@type\":\"SearchAction\",\"target\":{\"@type\":\"EntryPoint\",\"urlTemplate\":\"https:\\\/\\\/gruene-wiesbaden.de\\\/?s={search_term_string}\"},\"query-input\":{\"@type\":\"PropertyValueSpecification\",\"valueRequired\":true,\"valueName\":\"search_term_string\"}}],\"inLanguage\":\"cs-CZ\"},{\"@type\":\"Organization\",\"@id\":\"https:\\\/\\\/gruene-wiesbaden.de\\\/#organization\",\"name\":\"DIE GR\u00dcNEN Wiesbaden\",\"url\":\"https:\\\/\\\/gruene-wiesbaden.de\\\/\",\"logo\":{\"@type\":\"ImageObject\",\"inLanguage\":\"cs-CZ\",\"@id\":\"https:\\\/\\\/gruene-wiesbaden.de\\\/#\\\/schema\\\/logo\\\/image\\\/\",\"url\":\"https:\\\/\\\/gruene-wiesbaden-fuer-europa.de\\\/wp-content\\\/uploads\\\/2024\\\/04\\\/Machen-was-zaehlt-5.png\",\"contentUrl\":\"https:\\\/\\\/gruene-wiesbaden-fuer-europa.de\\\/wp-content\\\/uploads\\\/2024\\\/04\\\/Machen-was-zaehlt-5.png\",\"width\":1772,\"height\":1772,\"caption\":\"DIE GR\u00dcNEN Wiesbaden\"},\"image\":{\"@id\":\"https:\\\/\\\/gruene-wiesbaden.de\\\/#\\\/schema\\\/logo\\\/image\\\/\"},\"sameAs\":[\"https:\\\/\\\/www.facebook.com\\\/gruene.wi\",\"https:\\\/\\\/instagram.com\\\/gruene_wi\"]}]}<\/script>\n<!-- \/ Yoast SEO plugin. -->","yoast_head_json":{"title":"Impressum - B\u00dcNDNIS 90\/DIE GR\u00dcNEN Wiesbaden","description":"Hier findest du Informationen zu den verantwortlichen Personen f\u00fcr die Website sowie Kontaktm\u00f6glichkeiten.","robots":{"index":"index","follow":"follow","max-snippet":"max-snippet:-1","max-image-preview":"max-image-preview:large","max-video-preview":"max-video-preview:-1"},"canonical":"https:\/\/gruene-wiesbaden.de\/cs\/impressum\/","og_locale":"cs_CZ","og_type":"article","og_title":"Impressum - B\u00dcNDNIS 90\/DIE GR\u00dcNEN Wiesbaden","og_description":"Hier findest du Informationen zu den verantwortlichen Personen f\u00fcr die Website sowie Kontaktm\u00f6glichkeiten.","og_url":"https:\/\/gruene-wiesbaden.de\/cs\/impressum\/","og_site_name":"B\u00dcNDNIS 90\/DIE GR\u00dcNEN Wiesbaden","article_publisher":"https:\/\/www.facebook.com\/gruene.wi","article_modified_time":"2026-04-07T07:48:02+00:00","twitter_card":"summary_large_image","twitter_misc":{"Odhadovan\u00e1 doba \u010dten\u00ed":"3 minutes"},"schema":{"@context":"https:\/\/schema.org","@graph":[{"@type":"WebPage","@id":"https:\/\/gruene-wiesbaden.de\/impressum\/","url":"https:\/\/gruene-wiesbaden.de\/impressum\/","name":"Impressum - B\u00dcNDNIS 90\/DIE GR\u00dcNEN Wiesbaden","isPartOf":{"@id":"https:\/\/gruene-wiesbaden.de\/#website"},"datePublished":"2024-04-06T10:03:53+00:00","dateModified":"2026-04-07T07:48:02+00:00","description":"Hier findest du Informationen zu den verantwortlichen Personen f\u00fcr die Website sowie Kontaktm\u00f6glichkeiten.","breadcrumb":{"@id":"https:\/\/gruene-wiesbaden.de\/impressum\/#breadcrumb"},"inLanguage":"cs-CZ","potentialAction":[{"@type":"ReadAction","target":["https:\/\/gruene-wiesbaden.de\/impressum\/"]}]},{"@type":"BreadcrumbList","@id":"https:\/\/gruene-wiesbaden.de\/impressum\/#breadcrumb","itemListElement":[{"@type":"ListItem","position":1,"name":"Startseite","item":"https:\/\/gruene-wiesbaden.de\/"},{"@type":"ListItem","position":2,"name":"Impressum"}]},{"@type":"WebSite","@id":"https:\/\/gruene-wiesbaden.de\/#website","url":"https:\/\/gruene-wiesbaden.de\/","name":"DIE GR\u00dcNEN Wiesbaden","description":"","publisher":{"@id":"https:\/\/gruene-wiesbaden.de\/#organization"},"potentialAction":[{"@type":"SearchAction","target":{"@type":"EntryPoint","urlTemplate":"https:\/\/gruene-wiesbaden.de\/?s={search_term_string}"},"query-input":{"@type":"PropertyValueSpecification","valueRequired":true,"valueName":"search_term_string"}}],"inLanguage":"cs-CZ"},{"@type":"Organization","@id":"https:\/\/gruene-wiesbaden.de\/#organization","name":"DIE GR\u00dcNEN Wiesbaden","url":"https:\/\/gruene-wiesbaden.de\/","logo":{"@type":"ImageObject","inLanguage":"cs-CZ","@id":"https:\/\/gruene-wiesbaden.de\/#\/schema\/logo\/image\/","url":"https:\/\/gruene-wiesbaden-fuer-europa.de\/wp-content\/uploads\/2024\/04\/Machen-was-zaehlt-5.png","contentUrl":"https:\/\/gruene-wiesbaden-fuer-europa.de\/wp-content\/uploads\/2024\/04\/Machen-was-zaehlt-5.png","width":1772,"height":1772,"caption":"DIE GR\u00dcNEN Wiesbaden"},"image":{"@id":"https:\/\/gruene-wiesbaden.de\/#\/schema\/logo\/image\/"},"sameAs":["https:\/\/www.facebook.com\/gruene.wi","https:\/\/instagram.com\/gruene_wi"]}]}},"_links":{"self":[{"href":"https:\/\/gruene-wiesbaden.de\/cs\/wp-json\/wp\/v2\/pages\/50","targetHints":{"allow":["GET"]}}],"collection":[{"href":"https:\/\/gruene-wiesbaden.de\/cs\/wp-json\/wp\/v2\/pages"}],"about":[{"href":"https:\/\/gruene-wiesbaden.de\/cs\/wp-json\/wp\/v2\/types\/page"}],"author":[{"embeddable":true,"href":"https:\/\/gruene-wiesbaden.de\/cs\/wp-json\/wp\/v2\/users\/1"}],"replies":[{"embeddable":true,"href":"https:\/\/gruene-wiesbaden.de\/cs\/wp-json\/wp\/v2\/comments?post=50"}],"version-history":[{"count":18,"href":"https:\/\/gruene-wiesbaden.de\/cs\/wp-json\/wp\/v2\/pages\/50\/revisions"}],"predecessor-version":[{"id":2252,"href":"https:\/\/gruene-wiesbaden.de\/cs\/wp-json\/wp\/v2\/pages\/50\/revisions\/2252"}],"wp:attachment":[{"href":"https:\/\/gruene-wiesbaden.de\/cs\/wp-json\/wp\/v2\/media?parent=50"}],"curies":[{"name":"wp","href":"https:\/\/api.w.org\/{rel}","templated":true}]}}