{"id":2096,"date":"2026-02-12T09:23:22","date_gmt":"2026-02-12T07:23:22","guid":{"rendered":"https:\/\/gruene-wiesbaden.de\/?page_id=2096"},"modified":"2026-03-09T20:20:41","modified_gmt":"2026-03-09T18:20:41","slug":"digitalcitylights","status":"publish","type":"page","link":"https:\/\/gruene-wiesbaden.de\/cs\/digitalcitylights\/","title":{"rendered":"Ozn\u00e1men\u00ed o transparentnosti Walldecaux DigitalCitylights"},"content":{"rendered":"<section class=\"l-section wpb_row us_custom_057801f8 height_medium with_img\"><div class=\"l-section-img\" role=\"img\" data-img-width=\"1920\" data-img-height=\"768\" style=\"background-image: url(https:\/\/gruene-wiesbaden.de\/wp-content\/uploads\/2025\/11\/neuer-Verlauf-gruene-wiesbaden.de_-e1767650502847.png);background-repeat: no-repeat;\"><\/div><div class=\"l-section-h i-cf\"><div class=\"g-cols vc_row via_grid cols_1 laptops-cols_inherit tablets-cols_inherit mobiles-cols_1 valign_top type_default stacking_default\"><div class=\"wpb_column vc_column_container\"><div class=\"vc_column-inner\"><div class=\"g-cols wpb_row via_grid cols_1 laptops-cols_inherit tablets-cols_inherit mobiles-cols_1 valign_top type_boxes stacking_default\" style=\"--columns-gap:3rem;\"><div class=\"wpb_column vc_column_container us_custom_24a85f83 has_text_color\"><div class=\"vc_column-inner\"><div class=\"wpb_text_column\"><div class=\"wpb_wrapper\"><h1 style=\"text-align: center;\"><strong>Ozn\u00e1men\u00ed o transparentnosti podle \u010dl\u00e1nku 11 na\u0159\u00edzen\u00ed (EU) 2024\/900 o transparentnosti a c\u00edlen\u00ed politick\u00e9 reklamy (na\u0159\u00edzen\u00ed TTPA)<\/strong><\/h1>\n<\/div><\/div><div class=\"wpb_text_column\"><div class=\"wpb_wrapper\"><h3 style=\"text-align: center;\">Plak\u00e1ty Digital City Light od firmy Walldecaux<\/h3>\n<\/div><\/div><div class=\"wpb_text_column\"><div class=\"wpb_wrapper\"><h3 style=\"text-align: center;\">Stav: 12.02.2026<\/h3>\n<\/div><\/div><div class=\"w-separator size_small\"><\/div><\/div><\/div><\/div><div class=\"g-cols wpb_row via_grid cols_1 laptops-cols_inherit tablets-cols_inherit mobiles-cols_1 valign_middle type_boxes stacking_default\" style=\"--columns-gap:2rem;\"><div class=\"wpb_column vc_column_container\"><div class=\"vc_column-overlay\" style=\"background:var(--color-content-bg)\"><\/div><div class=\"vc_column-inner\"><div class=\"wpb_text_column us_custom_6df4bc3a has_text_color\"><div class=\"wpb_wrapper\"><ol>\n<li style=\"font-weight: 400;\"><strong> Sponzor politick\u00e9 reklamy<\/strong><\/li>\n<\/ol>\n<p style=\"font-weight: 400;\">Alliance 90\/The Greens \u2013 Wiesbaden County Association<br \/>\nAdresa: Mainzer Stra\u00dfe 75, 65189 Wiesbaden<br \/>\nE-mailov\u00e1 adresa: kreisverband@gruene-wiesbaden.de<br \/>\nZastoupen\u00e1: Rebecca Thomas a Daniel Schmitt, gener\u00e1ln\u00ed \u0159editel<\/p>\n<ol start=\"2\">\n<li style=\"font-weight: 400;\"><strong> Platebn\u00ed agentura (viz sponzor)<\/strong><\/li>\n<\/ol>\n<ol start=\"3\">\n<li style=\"font-weight: 400;\"><strong> Doba zve\u0159ejn\u011bn\u00ed<\/strong><\/li>\n<\/ol>\n<div><span>Politick\u00e1 reklama bude zve\u0159ejn\u011bna nebo \u0161\u00ed\u0159ena v obdob\u00ed od 24.2.2026 do 16.3.2026.<\/span><\/div>\n<\/div><\/div><div class=\"w-separator size_small\"><\/div><div class=\"wpb_text_column us_custom_6df4bc3a has_text_color\"><div class=\"wpb_wrapper\"><ol start=\"4\">\n<li style=\"font-weight: 400;\"><strong>Informace o financov\u00e1n\u00ed<\/strong><\/li>\n<\/ol>\n<p style=\"font-weight: 400;\">Celkov\u00e1 hodnota reklamn\u00edho v\u00fdkonu: 14 771,32 EUR<br \/>\nZdroje finan\u010dn\u00edch prost\u0159edk\u016f: Vlastn\u00ed zdroje z \u010dlensk\u00fdch p\u0159\u00edsp\u011bvk\u016f B\u00dcNDNIS 90\/DIE GR\u00dcNEN \u2013 Kreisverband Wiesbaden<br \/>\nP\u016fvod finan\u010dn\u00edch prost\u0159edk\u016f: v r\u00e1mci Evropsk\u00e9 unie<br \/>\nMetoda v\u00fdpo\u010dtu: na z\u00e1klad\u011b fakturovan\u00fdch \u010d\u00e1stek poskytovatele slu\u017eeb; n\u00e1vrh p\u0159evzala v r\u00e1mci sv\u00e9 obvykl\u00e9 pr\u00e1ce zam\u011bstnankyn\u011b okresn\u00edho sdru\u017een\u00ed.<\/p>\n<ol start=\"5\">\n<li style=\"font-weight: 400;\"><strong> D\u016fvod \/ politick\u00fd kontext<\/strong><\/li>\n<\/ol>\n<p style=\"font-weight: 400;\">Tato reklama souvis\u00ed s hesensk\u00fdmi komun\u00e1ln\u00edmi volbami 2026.<br \/>\nOfici\u00e1ln\u00ed informace o hlasov\u00e1n\u00ed:<br \/>\nRegion\u00e1ln\u00ed vracej\u00edc\u00ed se \u00fa\u0159edn\u00edk v Hesensku:<span>\u00a0<\/span><a href=\"https:\/\/wahlen.hessen.de\/kommunalwahlen\">https:\/\/wahlen.hessen.de\/kommunalwahlen<\/a><em><br \/>\n<\/em>Ministerstvo vnitra Hesenska:<span><em>\u00a0<\/em><\/span><a href=\"https:\/\/innen.hessen.de\/kommunales\/aufsicht\">https:\/\/innen.hessen.de\/kommunales\/aufsicht<\/a><\/p>\n<ol start=\"6\">\n<li style=\"font-weight: 400;\"><strong> \u00dadaje o inzerentovi<\/strong><\/li>\n<\/ol>\n<p style=\"font-weight: 400;\">S\u00eddlo spole\u010dnosti Wall GmbH<br \/>\nAdresa: Heidestra\u00dfe 38, 10557 Berl\u00edn<br \/>\nE-mailov\u00e1 adresa: info@walldecaux.de<br \/>\nTelefonn\u00ed \u010d\u00edslo: +49 30 33899-0<br \/>\nInternetov\u00e9 str\u00e1nky: www.walldecaux.de<br \/>\nDruh slu\u017eby: Digit\u00e1ln\u00ed m\u011bstsk\u00fd sv\u011bteln\u00fd plak\u00e1t DDN 2026<\/p>\n<ol start=\"7\">\n<li style=\"font-weight: 400;\"><strong> \u00dadaje o zve\u0159ejn\u011bn\u00ed<\/strong><\/li>\n<\/ol>\n<p style=\"font-weight: 400;\">St\u0159edn\u00ed: Digit\u00e1ln\u00ed m\u011bstsk\u00fd sv\u011bteln\u00fd plak\u00e1t DDN 2026, Walldecaux<br \/>\nM\u00edsto \/ oblast distribuce: Oblast m\u011bsta Wiesbaden<\/p>\n<ol start=\"8\">\n<li style=\"font-weight: 400;\"><strong> Informace o c\u00edlen\u00ed a zpracov\u00e1n\u00ed \u00fadaj\u016f<\/strong><\/li>\n<\/ol>\n<p style=\"font-weight: 400;\">\u017d\u00e1dn\u00e9 pou\u017eit\u00ed osobn\u00edch \u00fadaj\u016f.<\/p>\n<ol start=\"9\">\n<li style=\"font-weight: 400;\"><strong> P\u0159edchoz\u00ed publikace \/ opravy<\/strong><\/li>\n<\/ol>\n<p style=\"font-weight: 400;\">Neexistuj\u00ed \u017e\u00e1dn\u00e9 p\u0159edchoz\u00ed publikace nebo opravy.<\/p>\n<ol start=\"10\">\n<li style=\"font-weight: 400;\"><strong> Kontaktn\u00ed osoba pro ot\u00e1zky transparentnosti<\/strong><\/li>\n<\/ol>\n<p style=\"font-weight: 400;\">Jm\u00e9no: Ramona Achhammerov\u00e1<br \/>\nE-mailov\u00e1 adresa: kreisverband@gruene-wiesbaden.de<br \/>\nOdpov\u011bdnost za obsah a spr\u00e1vnost:<br \/>\nAlliance 90\/The Greens \u2013 Wiesbaden County Association<\/p>\n<p style=\"font-weight: 400;\">Datum: 12.02.2026<\/p>\n<\/div><\/div><\/div><\/div><\/div><div class=\"w-separator size_medium\"><\/div><\/div><\/div><\/div><\/div><\/section>","protected":false},"excerpt":{"rendered":"Ozn\u00e1men\u00ed o transparentnosti podle \u010dl\u00e1nku 11 na\u0159\u00edzen\u00ed (EU) 2024\/900 o transparentnosti a c\u00edlen\u00ed politick\u00e9 reklamy (na\u0159\u00edzen\u00ed TTPA) na digit\u00e1ln\u00edch m\u011bstsk\u00fdch sv\u011bteln\u00fdch plak\u00e1tech Walldecaux, kter\u00e9 pou\u017e\u00edv\u00e1me St\u00e1nek: 12.02.2026 Sponzor politick\u00e9 reklamy B\u00dcNDNIS 90\/DIE GR\u00dcNEN \u2013 Kreisverband Wiesbaden Adresa: Mainzer Stra\u00dfe 75, 65189 Wiesbaden, N\u011bmecko kreisverband@gruene-wiesbaden.de Zastoupen: Rebecca Thomasov\u00e1 a Daniel Schmitt...","protected":false},"author":1,"featured_media":0,"parent":0,"menu_order":0,"comment_status":"closed","ping_status":"closed","template":"","meta":{"footnotes":""},"class_list":["post-2096","page","type-page","status-publish","hentry"],"yoast_head":"<!-- This site is optimized with the Yoast SEO plugin v27.4 - https:\/\/yoast.com\/product\/yoast-seo-wordpress\/ -->\n<title>Transparenzbekanntmachung Walldecaux DigitalCitylights - B\u00dcNDNIS 90\/DIE GR\u00dcNEN Wiesbaden<\/title>\n<meta name=\"robots\" content=\"index, follow, max-snippet:-1, max-image-preview:large, max-video-preview:-1\" \/>\n<link rel=\"canonical\" href=\"https:\/\/gruene-wiesbaden.de\/cs\/digitalcitylights\/\" \/>\n<meta property=\"og:locale\" content=\"cs_CZ\" \/>\n<meta property=\"og:type\" content=\"article\" \/>\n<meta property=\"og:title\" content=\"Transparenzbekanntmachung Walldecaux DigitalCitylights - B\u00dcNDNIS 90\/DIE GR\u00dcNEN Wiesbaden\" \/>\n<meta property=\"og:url\" content=\"https:\/\/gruene-wiesbaden.de\/cs\/digitalcitylights\/\" \/>\n<meta property=\"og:site_name\" content=\"B\u00dcNDNIS 90\/DIE GR\u00dcNEN Wiesbaden\" \/>\n<meta property=\"article:publisher\" content=\"https:\/\/www.facebook.com\/gruene.wi\" \/>\n<meta property=\"article:modified_time\" content=\"2026-03-09T18:20:41+00:00\" \/>\n<meta name=\"twitter:card\" content=\"summary_large_image\" \/>\n<meta name=\"twitter:label1\" content=\"Odhadovan\u00e1 doba \u010dten\u00ed\" \/>\n\t<meta name=\"twitter:data1\" content=\"2 minutes\" \/>\n<script type=\"application\/ld+json\" class=\"yoast-schema-graph\">{\"@context\":\"https:\\\/\\\/schema.org\",\"@graph\":[{\"@type\":\"WebPage\",\"@id\":\"https:\\\/\\\/gruene-wiesbaden.de\\\/digitalcitylights\\\/\",\"url\":\"https:\\\/\\\/gruene-wiesbaden.de\\\/digitalcitylights\\\/\",\"name\":\"Transparenzbekanntmachung Walldecaux DigitalCitylights - B\u00dcNDNIS 90\\\/DIE GR\u00dcNEN Wiesbaden\",\"isPartOf\":{\"@id\":\"https:\\\/\\\/gruene-wiesbaden.de\\\/#website\"},\"datePublished\":\"2026-02-12T07:23:22+00:00\",\"dateModified\":\"2026-03-09T18:20:41+00:00\",\"breadcrumb\":{\"@id\":\"https:\\\/\\\/gruene-wiesbaden.de\\\/digitalcitylights\\\/#breadcrumb\"},\"inLanguage\":\"cs-CZ\",\"potentialAction\":[{\"@type\":\"ReadAction\",\"target\":[\"https:\\\/\\\/gruene-wiesbaden.de\\\/digitalcitylights\\\/\"]}]},{\"@type\":\"BreadcrumbList\",\"@id\":\"https:\\\/\\\/gruene-wiesbaden.de\\\/digitalcitylights\\\/#breadcrumb\",\"itemListElement\":[{\"@type\":\"ListItem\",\"position\":1,\"name\":\"Startseite\",\"item\":\"https:\\\/\\\/gruene-wiesbaden.de\\\/\"},{\"@type\":\"ListItem\",\"position\":2,\"name\":\"Transparenzbekanntmachung Walldecaux DigitalCitylights\"}]},{\"@type\":\"WebSite\",\"@id\":\"https:\\\/\\\/gruene-wiesbaden.de\\\/#website\",\"url\":\"https:\\\/\\\/gruene-wiesbaden.de\\\/\",\"name\":\"DIE GR\u00dcNEN Wiesbaden\",\"description\":\"\",\"publisher\":{\"@id\":\"https:\\\/\\\/gruene-wiesbaden.de\\\/#organization\"},\"potentialAction\":[{\"@type\":\"SearchAction\",\"target\":{\"@type\":\"EntryPoint\",\"urlTemplate\":\"https:\\\/\\\/gruene-wiesbaden.de\\\/?s={search_term_string}\"},\"query-input\":{\"@type\":\"PropertyValueSpecification\",\"valueRequired\":true,\"valueName\":\"search_term_string\"}}],\"inLanguage\":\"cs-CZ\"},{\"@type\":\"Organization\",\"@id\":\"https:\\\/\\\/gruene-wiesbaden.de\\\/#organization\",\"name\":\"DIE GR\u00dcNEN Wiesbaden\",\"url\":\"https:\\\/\\\/gruene-wiesbaden.de\\\/\",\"logo\":{\"@type\":\"ImageObject\",\"inLanguage\":\"cs-CZ\",\"@id\":\"https:\\\/\\\/gruene-wiesbaden.de\\\/#\\\/schema\\\/logo\\\/image\\\/\",\"url\":\"https:\\\/\\\/gruene-wiesbaden-fuer-europa.de\\\/wp-content\\\/uploads\\\/2024\\\/04\\\/Machen-was-zaehlt-5.png\",\"contentUrl\":\"https:\\\/\\\/gruene-wiesbaden-fuer-europa.de\\\/wp-content\\\/uploads\\\/2024\\\/04\\\/Machen-was-zaehlt-5.png\",\"width\":1772,\"height\":1772,\"caption\":\"DIE GR\u00dcNEN Wiesbaden\"},\"image\":{\"@id\":\"https:\\\/\\\/gruene-wiesbaden.de\\\/#\\\/schema\\\/logo\\\/image\\\/\"},\"sameAs\":[\"https:\\\/\\\/www.facebook.com\\\/gruene.wi\",\"https:\\\/\\\/instagram.com\\\/gruene_wi\"]}]}<\/script>\n<!-- \/ Yoast SEO plugin. -->","yoast_head_json":{"title":"Transparenzbekanntmachung Walldecaux DigitalCitylights - B\u00dcNDNIS 90\/DIE GR\u00dcNEN Wiesbaden","robots":{"index":"index","follow":"follow","max-snippet":"max-snippet:-1","max-image-preview":"max-image-preview:large","max-video-preview":"max-video-preview:-1"},"canonical":"https:\/\/gruene-wiesbaden.de\/cs\/digitalcitylights\/","og_locale":"cs_CZ","og_type":"article","og_title":"Transparenzbekanntmachung Walldecaux DigitalCitylights - B\u00dcNDNIS 90\/DIE GR\u00dcNEN Wiesbaden","og_url":"https:\/\/gruene-wiesbaden.de\/cs\/digitalcitylights\/","og_site_name":"B\u00dcNDNIS 90\/DIE GR\u00dcNEN Wiesbaden","article_publisher":"https:\/\/www.facebook.com\/gruene.wi","article_modified_time":"2026-03-09T18:20:41+00:00","twitter_card":"summary_large_image","twitter_misc":{"Odhadovan\u00e1 doba \u010dten\u00ed":"2 minutes"},"schema":{"@context":"https:\/\/schema.org","@graph":[{"@type":"WebPage","@id":"https:\/\/gruene-wiesbaden.de\/digitalcitylights\/","url":"https:\/\/gruene-wiesbaden.de\/digitalcitylights\/","name":"Transparenzbekanntmachung Walldecaux DigitalCitylights - B\u00dcNDNIS 90\/DIE GR\u00dcNEN Wiesbaden","isPartOf":{"@id":"https:\/\/gruene-wiesbaden.de\/#website"},"datePublished":"2026-02-12T07:23:22+00:00","dateModified":"2026-03-09T18:20:41+00:00","breadcrumb":{"@id":"https:\/\/gruene-wiesbaden.de\/digitalcitylights\/#breadcrumb"},"inLanguage":"cs-CZ","potentialAction":[{"@type":"ReadAction","target":["https:\/\/gruene-wiesbaden.de\/digitalcitylights\/"]}]},{"@type":"BreadcrumbList","@id":"https:\/\/gruene-wiesbaden.de\/digitalcitylights\/#breadcrumb","itemListElement":[{"@type":"ListItem","position":1,"name":"Startseite","item":"https:\/\/gruene-wiesbaden.de\/"},{"@type":"ListItem","position":2,"name":"Transparenzbekanntmachung Walldecaux DigitalCitylights"}]},{"@type":"WebSite","@id":"https:\/\/gruene-wiesbaden.de\/#website","url":"https:\/\/gruene-wiesbaden.de\/","name":"DIE GR\u00dcNEN Wiesbaden","description":"","publisher":{"@id":"https:\/\/gruene-wiesbaden.de\/#organization"},"potentialAction":[{"@type":"SearchAction","target":{"@type":"EntryPoint","urlTemplate":"https:\/\/gruene-wiesbaden.de\/?s={search_term_string}"},"query-input":{"@type":"PropertyValueSpecification","valueRequired":true,"valueName":"search_term_string"}}],"inLanguage":"cs-CZ"},{"@type":"Organization","@id":"https:\/\/gruene-wiesbaden.de\/#organization","name":"DIE GR\u00dcNEN Wiesbaden","url":"https:\/\/gruene-wiesbaden.de\/","logo":{"@type":"ImageObject","inLanguage":"cs-CZ","@id":"https:\/\/gruene-wiesbaden.de\/#\/schema\/logo\/image\/","url":"https:\/\/gruene-wiesbaden-fuer-europa.de\/wp-content\/uploads\/2024\/04\/Machen-was-zaehlt-5.png","contentUrl":"https:\/\/gruene-wiesbaden-fuer-europa.de\/wp-content\/uploads\/2024\/04\/Machen-was-zaehlt-5.png","width":1772,"height":1772,"caption":"DIE GR\u00dcNEN Wiesbaden"},"image":{"@id":"https:\/\/gruene-wiesbaden.de\/#\/schema\/logo\/image\/"},"sameAs":["https:\/\/www.facebook.com\/gruene.wi","https:\/\/instagram.com\/gruene_wi"]}]}},"_links":{"self":[{"href":"https:\/\/gruene-wiesbaden.de\/cs\/wp-json\/wp\/v2\/pages\/2096","targetHints":{"allow":["GET"]}}],"collection":[{"href":"https:\/\/gruene-wiesbaden.de\/cs\/wp-json\/wp\/v2\/pages"}],"about":[{"href":"https:\/\/gruene-wiesbaden.de\/cs\/wp-json\/wp\/v2\/types\/page"}],"author":[{"embeddable":true,"href":"https:\/\/gruene-wiesbaden.de\/cs\/wp-json\/wp\/v2\/users\/1"}],"replies":[{"embeddable":true,"href":"https:\/\/gruene-wiesbaden.de\/cs\/wp-json\/wp\/v2\/comments?post=2096"}],"version-history":[{"count":8,"href":"https:\/\/gruene-wiesbaden.de\/cs\/wp-json\/wp\/v2\/pages\/2096\/revisions"}],"predecessor-version":[{"id":2161,"href":"https:\/\/gruene-wiesbaden.de\/cs\/wp-json\/wp\/v2\/pages\/2096\/revisions\/2161"}],"wp:attachment":[{"href":"https:\/\/gruene-wiesbaden.de\/cs\/wp-json\/wp\/v2\/media?parent=2096"}],"curies":[{"name":"wp","href":"https:\/\/api.w.org\/{rel}","templated":true}]}}