{"id":50,"date":"2024-04-06T10:03:53","date_gmt":"2024-04-06T10:03:53","guid":{"rendered":"https:\/\/gruene-wiesbaden-fuer-europa.de\/?page_id=50"},"modified":"2026-04-07T09:48:02","modified_gmt":"2026-04-07T07:48:02","slug":"impressum","status":"publish","type":"page","link":"https:\/\/gruene-wiesbaden.de\/ar\/impressum\/","title":{"rendered":"\u0625\u062e\u0644\u0627\u0621 \u0627\u0644\u0645\u0633\u0624\u0648\u0644\u064a\u0629"},"content":{"rendered":"<section class=\"l-section wpb_row height_auto full_height valign_center with_slider\"><div class=\"l-section-slider\"><div class=\"w-slider style_none fit_cover nav_none count_1\"><div class=\"w-slider-h\"><div class=\"royalSlider\"><div class=\"rsContent\"><a class=\"rsImg\" data-rsw=\"3264\" data-rsh=\"2000\" href=\"https:\/\/gruene-wiesbaden.de\/wp-content\/uploads\/2025\/03\/youssef-naddam-iJ2IG8ckCpA-unsplash.png\"><span data-alt=\"\"><\/span><\/a><\/div><\/div><img decoding=\"async\" src=\"https:\/\/gruene-wiesbaden.de\/wp-content\/uploads\/2025\/03\/youssef-naddam-iJ2IG8ckCpA-unsplash.png\" width=\"3264\" height=\"2000\" alt loading=\"lazy\"><\/div><div class=\"w-slider-json\" onclick='return {&quot;autoScaleSlider&quot;:true,&quot;addActiveClass&quot;:true,&quot;loop&quot;:true,&quot;fadeInLoadedSlide&quot;:false,&quot;slidesSpacing&quot;:0,&quot;imageScalePadding&quot;:0,&quot;numImagesToPreload&quot;:2,&quot;arrowsNav&quot;:false,&quot;arrowsNavAutoHide&quot;:false,&quot;transitionType&quot;:&quot;move&quot;,&quot;transitionSpeed&quot;:1000,&quot;block&quot;:{&quot;moveEffect&quot;:&quot;none&quot;,&quot;speed&quot;:300},&quot;thumbs&quot;:{&quot;fitInViewport&quot;:false,&quot;firstMargin&quot;:false,&quot;spacing&quot;:4},&quot;controlNavigation&quot;:&quot;none&quot;,&quot;autoplay&quot;:{&quot;enabled&quot;:true,&quot;pauseOnHover&quot;:false,&quot;delay&quot;:3000},&quot;autoScaleSliderWidth&quot;:3264,&quot;autoScaleSliderHeight&quot;:2000}'><\/div><\/div><\/div><div class=\"l-section-h i-cf\"><div class=\"g-cols vc_row via_grid cols_1 laptops-cols_inherit tablets-cols_inherit mobiles-cols_1 valign_top type_default stacking_default\" style=\"--columns-gap:0rem;\"><div class=\"wpb_column vc_column_container\"><div class=\"vc_column-inner\"><div class=\"g-cols wpb_row via_grid cols_1 laptops-cols_inherit tablets-cols_inherit mobiles-cols_1 valign_top type_default stacking_default\" style=\"--columns-gap:3rem;\"><div class=\"wpb_column vc_column_container\"><div class=\"vc_column-inner\"><div class=\"wpb_text_column us_custom_2d6d43ab has_text_color background_inside_text\"><div class=\"wpb_wrapper\"><h1 style=\"text-align: center;\">\u0642\u0627\u0644\u0628: \u0628\u0635\u0645\u0629<\/h1>\n<\/div><\/div><div class=\"w-separator size_large\"><\/div><div class=\"w-separator size_small\"><\/div><\/div><\/div><\/div><\/div><\/div><\/div><\/div><\/section><section class=\"l-section wpb_row height_medium\"><div class=\"l-section-overlay\" style=\"background:var(--color-alt-content-bg)\"><\/div><div class=\"l-section-h i-cf\"><div class=\"g-cols vc_row via_grid cols_1 laptops-cols_inherit tablets-cols_inherit mobiles-cols_1 valign_top type_default stacking_default\"><div class=\"wpb_column vc_column_container\"><div class=\"vc_column-inner\"><div class=\"g-cols wpb_row us_custom_564c68c1 has_text_color via_grid cols_1 laptops-cols_inherit tablets-cols_inherit mobiles-cols_1 valign_middle type_boxes stacking_default\" style=\"--columns-gap:3rem;\"><div class=\"wpb_column vc_column_container\"><div class=\"vc_column-inner\"><div class=\"wpb_text_column us_custom_564c68c1 has_text_color\"><div class=\"wpb_wrapper\"><h5>\u0627\u0644\u0645\u0634\u063a\u0644\u0648\u0646 \u0628\u0627\u0644\u0645\u0639\u0646\u0649 \u0627\u0644\u0648\u0627\u0631\u062f \u0641\u064a \u0627\u0644\u0628\u0646\u062f\u064a\u0646 1 \u06482 \u0645\u0646 \u0627\u0644\u0645\u0627\u062f\u0629 5 (TMG):<\/h5>\n<p><strong>\u062c\u0645\u0639\u064a\u0629 \u0645\u0642\u0627\u0637\u0639\u0629 \u0641\u064a\u0633\u0628\u0627\u062f\u0646<br \/>\n\u0627\u0644\u062a\u062d\u0627\u0644\u0641 90\/The Greens<\/strong><br \/>\n\u0645\u0627\u064a\u0646\u0632\u0631 \u0634\u062a\u0631\u0627\u0633 75<br \/>\n65189 \u0641\u064a\u0633\u0628\u0627\u062f\u0646<br \/>\n\u202b - \u0647\u0644 \u0623\u0646\u062a \u0628\u062e\u064a\u0631\u061f 0152 25 29 35 65<br \/>\n\u202b - \u0628\u0631\u064a\u062f \u0625\u0644\u0643\u062a\u0631\u0648\u0646\u064a\u202c \u202b <a href=\"mailto:kreisverband@gruene-wiesbaden.de\">kreisverband@gruene-wiesbaden.de<\/a><\/p>\n<p>\u0645\u062c\u0644\u0633 \u0627\u0644\u0625\u062f\u0627\u0631\u0629 \u0627\u0644\u0645\u062e\u0648\u0644 \u0628\u062a\u0645\u062b\u064a\u0644:<br \/>\n\u0631\u064a\u0628\u064a\u0643\u0627 \u062a\u0648\u0645\u0627\u0633 \u0648\u062f\u0627\u0646\u064a\u0627\u0644 \u0634\u0645\u064a\u062a<\/p>\n<\/div><\/div><div class=\"w-separator size_large\"><\/div><div class=\"wpb_text_column us_custom_564c68c1 has_text_color\"><div class=\"wpb_wrapper\"><h5>\u0627\u0644\u0634\u062e\u0635 \u0627\u0644\u0645\u0633\u0624\u0648\u0644 \u0628\u0627\u0644\u0645\u0639\u0646\u0649 \u0627\u0644\u0648\u0627\u0631\u062f \u0641\u064a \u0627\u0644\u0641\u0642\u0631\u0629 55 (2) RSTV:<\/h5>\n<p><b>\u0631\u064a\u0628\u064a\u0643\u0627 \u062a\u0648\u0645\u0627\u0633 (\u0627\u0644\u0631\u0626\u064a\u0633 \u0627\u0644\u0645\u0634\u0627\u0631\u0643 \u0644\u062c\u0645\u0639\u064a\u0629 \u0627\u0644\u0645\u0642\u0627\u0637\u0639\u0629)<\/b><br \/>\n\u0645\u0627\u064a\u0646\u0632\u0631 \u0634\u062a\u0631\u0627\u0633 75<br \/>\n65189 \u0641\u064a\u0633\u0628\u0627\u062f\u0646<\/p>\n<p><strong>\u0633\u0627\u0639\u0627\u062a \u0627\u0644\u0639\u0645\u0644 \u0648\u0627\u0644\u0627\u062a\u0635\u0627\u0644:<\/strong><br \/>\n\u0627\u0644\u062e\u0645\u064a\u0633 4-6 \u0645\u0633\u0627\u0621\u064b \u0648\u0628\u0627\u0644\u062a\u0639\u064a\u064a\u0646<br \/>\n\u202b - \u0647\u0644 \u0623\u0646\u062a \u0628\u062e\u064a\u0631\u061f 0152 25 29 35 65<br \/>\n\u202b - \u0628\u0631\u064a\u062f \u0625\u0644\u0643\u062a\u0631\u0648\u0646\u064a\u202c \u202b <a href=\"mailto:kreisverband@gruene-wiesbaden.de\">kreisverband@gruene-wiesbaden.de<\/a><\/p>\n<\/div><\/div><div class=\"w-separator size_large\"><\/div><div class=\"wpb_text_column\"><div class=\"wpb_wrapper\"><h5>\u062d\u0642\u0648\u0642 \u0627\u0644\u0637\u0628\u0639 \u0648\u0627\u0644\u0646\u0634\u0631<\/h5>\n<p>\u064a\u062e\u0636\u0639 \u0627\u0644\u0645\u062d\u062a\u0648\u0649 \u0648\u0627\u0644\u0623\u0639\u0645\u0627\u0644 \u0627\u0644\u062a\u064a \u0623\u0646\u0634\u0623\u0647\u0627 \u0645\u0634\u063a\u0644\u0648 \u0627\u0644\u0645\u0648\u0642\u0639 \u0639\u0644\u0649 \u0647\u0630\u0647 \u0627\u0644\u0635\u0641\u062d\u0627\u062a \u0644\u0642\u0627\u0646\u0648\u0646 \u062d\u0642\u0648\u0642 \u0627\u0644\u0646\u0634\u0631 \u0627\u0644\u0623\u0644\u0645\u0627\u0646\u064a. \u064a\u062a\u0637\u0644\u0628 \u0627\u0644\u0627\u0633\u062a\u0646\u0633\u0627\u062e \u0648\u0627\u0644\u0645\u0639\u0627\u0644\u062c\u0629 \u0648\u0627\u0644\u062a\u0648\u0632\u064a\u0639 \u0648\u0623\u064a \u0646\u0648\u0639 \u0645\u0646 \u0627\u0644\u0627\u0633\u062a\u063a\u0644\u0627\u0644 \u062e\u0627\u0631\u062c \u062d\u062f\u0648\u062f \u0642\u0627\u0646\u0648\u0646 \u062d\u0642\u0648\u0642 \u0627\u0644\u062a\u0623\u0644\u064a\u0641 \u0648\u0627\u0644\u0646\u0634\u0631 \u0645\u0648\u0627\u0641\u0642\u0629 \u062e\u0637\u064a\u0629 \u0645\u0646 \u0627\u0644\u0645\u0624\u0644\u0641\u064a\u0646 \u0623\u0648 \u0627\u0644\u0645\u0628\u062f\u0639\u064a\u0646 \u0627\u0644\u0645\u0639\u0646\u064a\u064a\u0646. \u064a\u064f\u0633\u0645\u062d \u0628\u062a\u0646\u0632\u064a\u0644 \u0648\u0646\u0633\u062e \u0647\u0630\u0627 \u0627\u0644\u0645\u0648\u0642\u0639 \u0644\u0644\u0627\u0633\u062a\u062e\u062f\u0627\u0645 \u0627\u0644\u062e\u0627\u0635 \u0648\u063a\u064a\u0631 \u0627\u0644\u062a\u062c\u0627\u0631\u064a \u0641\u0642\u0637. \u0637\u0627\u0644\u0645\u0627 \u0644\u0645 \u064a\u062a\u0645 \u0625\u0646\u0634\u0627\u0621 \u0627\u0644\u0645\u062d\u062a\u0648\u0649 \u0639\u0644\u0649 \u0647\u0630\u0647 \u0627\u0644\u0635\u0641\u062d\u0629 \u0645\u0646 \u0642\u0628\u0644 \u0627\u0644\u0645\u0634\u063a\u0644 \u060c \u064a\u062a\u0645 \u0645\u0644\u0627\u062d\u0638\u0629 \u062d\u0642\u0648\u0642 \u0627\u0644\u0637\u0628\u0639 \u0648\u0627\u0644\u0646\u0634\u0631 \u0644\u0623\u0637\u0631\u0627\u0641 \u062b\u0627\u0644\u062b\u0629. \u0639\u0644\u0649 \u0648\u062c\u0647 \u0627\u0644\u062e\u0635\u0648\u0635 \u060c \u064a\u062a\u0645 \u0648\u0636\u0639 \u0639\u0644\u0627\u0645\u0629 \u0639\u0644\u0649 \u0645\u062d\u062a\u0648\u0649 \u0627\u0644\u0637\u0631\u0641 \u0627\u0644\u062b\u0627\u0644\u062b \u0639\u0644\u0649 \u0647\u0630\u0627 \u0627\u0644\u0646\u062d\u0648. \u0625\u0630\u0627 \u0623\u0635\u0628\u062d\u062a \u0639\u0644\u0649 \u0639\u0644\u0645 \u0628\u0627\u0646\u062a\u0647\u0627\u0643 \u062d\u0642\u0648\u0642 \u0627\u0644\u0637\u0628\u0639 \u0648\u0627\u0644\u0646\u0634\u0631 \u060c \u0641\u0625\u0646\u0646\u0627 \u0646\u0637\u0644\u0628 \u0625\u0634\u0639\u0627\u0631\u064b\u0627 \u0645\u0645\u0627\u062b\u0644\u064b\u0627. \u0639\u0646\u062f \u0639\u0644\u0645\u0646\u0627 \u0628\u0627\u0644\u0627\u0646\u062a\u0647\u0627\u0643\u0627\u062a \u0627\u0644\u0642\u0627\u0646\u0648\u0646\u064a\u0629 \u060c \u0633\u0646\u0642\u0648\u0645 \u0628\u0625\u0632\u0627\u0644\u0629 \u0647\u0630\u0627 \u0627\u0644\u0645\u062d\u062a\u0648\u0649 \u0639\u0644\u0649 \u0627\u0644\u0641\u0648\u0631.<\/p>\n<h5>\u0627\u0644\u0645\u0633\u0624\u0648\u0644\u064a\u0629 \u0639\u0646 \u0627\u0644\u0645\u062d\u062a\u0648\u0649 \u0648\u0627\u0644\u0631\u0648\u0627\u0628\u0637 \u0639\u0644\u0649 \u0645\u0648\u0627\u0642\u0639 \u0627\u0644\u0637\u0631\u0641 \u0627\u0644\u062b\u0627\u0644\u062b<\/h5>\n<p>\u062a\u0645 \u062a\u062c\u0645\u064a\u0639 \u0627\u0644\u0645\u0639\u0644\u0648\u0645\u0627\u062a \u0627\u0644\u062a\u064a \u062a\u062c\u062f\u0647\u0627 \u0639\u0644\u0649 \u0645\u0648\u0642\u0639\u0646\u0627 \u0627\u0644\u0625\u0644\u0643\u062a\u0631\u0648\u0646\u064a \u0628\u0639\u0646\u0627\u064a\u0629 \u0648\u0627\u0644\u062a\u062d\u0642\u0642 \u0645\u0646\u0647\u0627 \u062d\u0633\u0628 \u0645\u0639\u0631\u0641\u062a\u0643 \u0648\u0627\u0639\u062a\u0642\u0627\u062f\u0643. \u0648\u0645\u0639 \u0630\u0644\u0643 \u060c \u0644\u0627 \u064a\u062a\u0645 \u062a\u0642\u062f\u064a\u0645 \u0623\u064a \u0636\u0645\u0627\u0646 \u0644\u0635\u062d\u0629 \u0627\u0644\u0645\u0639\u0644\u0648\u0645\u0627\u062a \u0627\u0644\u0645\u0642\u062f\u0645\u0629 \u0623\u0648 \u0627\u0643\u062a\u0645\u0627\u0644\u0647\u0627 \u0623\u0648 \u062a\u062d\u062f\u064a\u062b\u0647\u0627 \u0623\u0648 \u062c\u0648\u062f\u062a\u0647\u0627 \u0648\u062a\u0648\u0627\u0641\u0631\u0647\u0627 \u0641\u064a \u0623\u064a \u0648\u0642\u062a.<br \/>\n\u064a\u062d\u062a\u0648\u064a \u0647\u0630\u0627 \u0627\u0644\u0645\u0648\u0642\u0639 \u0623\u064a\u0636\u064b\u0627 \u0639\u0644\u0649 \u0631\u0648\u0627\u0628\u0637 \u0623\u0648 \u0625\u0634\u0627\u0631\u0627\u062a \u0625\u0644\u0649 \u0645\u0648\u0627\u0642\u0639 \u0648\u064a\u0628 \u062a\u0627\u0628\u0639\u0629 \u0644\u062c\u0647\u0627\u062a \u062e\u0627\u0631\u062c\u064a\u0629. \u0644\u0627 \u064a\u0646\u0628\u063a\u064a \u0641\u0647\u0645 \u0647\u0630\u0647 \u0627\u0644\u0631\u0648\u0627\u0628\u0637 \u0639\u0644\u0649 \u0623\u0646\u0647\u0627 \u0645\u0648\u0627\u0641\u0642\u0629 \u0639\u0644\u0649 \u0645\u062d\u062a\u0648\u064a\u0627\u062a\u0647\u0627. \u064a\u062a\u062d\u0645\u0644 \u0645\u0642\u062f\u0645\u0648 \u0627\u0644\u0635\u0641\u062d\u0627\u062a \u0623\u0648 \u0645\u0634\u063a\u0644\u0648\u0647\u0627 (\u0627\u0644\u0645\u0624\u0644\u0641\u0648\u0646) \u0627\u0644\u0645\u0639\u0646\u064a\u0648\u0646 \u0645\u0633\u0624\u0648\u0644\u064a\u0629 \u0645\u062d\u062a\u0648\u064a\u0627\u062a \u0627\u0644\u0631\u0648\u0627\u0628\u0637 \u0627\u0644\u062e\u0627\u0631\u062c\u064a\u0629. \u0627\u0644\u0631\u0648\u0627\u0628\u0637 \u0625\u0644\u0649 \u0645\u0648\u0627\u0642\u0639 \u0623\u062e\u0631\u0649 \u062a\u0648\u0641\u0631 \u0644\u0644\u0645\u0633\u062a\u062e\u062f\u0645\u064a\u0646 \u0641\u0642\u0637 \u0627\u0644\u0648\u0635\u0648\u0644 \u0625\u0644\u0649 \u0627\u0633\u062a\u062e\u062f\u0627\u0645 \u0627\u0644\u0645\u062d\u062a\u0648\u0649. \u0641\u064a \u0648\u0642\u062a \u0627\u0644\u0631\u0628\u0637 \u060c \u062a\u0645 \u0627\u0644\u062a\u062d\u0642\u0642 \u0645\u0646 \u0627\u0644\u0631\u0648\u0627\u0628\u0637 \u0627\u0644\u062e\u0627\u0631\u062c\u064a\u0629 \u0644\u0623\u0641\u0636\u0644 \u0645\u0639\u0631\u0641\u062a\u0646\u0627 \u0648\u0625\u064a\u0645\u0627\u0646\u0646\u0627 \u0628\u0627\u0644\u0627\u0646\u062a\u0647\u0627\u0643\u0627\u062a \u0627\u0644\u0642\u0627\u0646\u0648\u0646\u064a\u0629 \u0627\u0644\u0645\u062d\u062a\u0645\u0644\u0629. \u0648\u0644\u0627 \u064a\u0645\u0643\u0646 \u0625\u062c\u0631\u0627\u0621 \u0645\u0631\u0627\u062c\u0639\u0629 \u0645\u0633\u062a\u0645\u0631\u0629 \u0644\u0645\u062d\u062a\u0648\u0649 \u0627\u0644\u0631\u0648\u0627\u0628\u0637 \u0627\u0644\u062e\u0627\u0631\u062c\u064a\u0629 \u062f\u0648\u0646 \u0648\u062c\u0648\u062f \u0645\u0624\u0634\u0631\u0627\u062a \u0645\u0644\u0645\u0648\u0633\u0629 \u0639\u0644\u0649 \u062d\u062f\u0648\u062b \u0627\u0646\u062a\u0647\u0627\u0643 \u0644\u0644\u0642\u0627\u0646\u0648\u0646. \u0641\u064a \u062d\u0627\u0644\u0629 \u0627\u0644\u0631\u0648\u0627\u0628\u0637 \u0625\u0644\u0649 \u0645\u0648\u0627\u0642\u0639 \u0627\u0644\u0648\u064a\u0628 \u0627\u0644\u062e\u0627\u0635\u0629 \u0628\u0623\u0637\u0631\u0627\u0641 \u062b\u0627\u0644\u062b\u0629 \u060c \u0648\u0627\u0644\u062a\u064a \u062a\u0642\u0639 \u062e\u0627\u0631\u062c \u0645\u0633\u0624\u0648\u0644\u064a\u0629 \u0627\u0644\u0646\u0627\u0634\u0631 \u060c \u0644\u0646 \u064a\u0643\u0648\u0646 \u0647\u0646\u0627\u0643 \u0627\u0644\u062a\u0632\u0627\u0645 \u0628\u0627\u0644\u0645\u0633\u0624\u0648\u0644\u064a\u0629 \u0625\u0644\u0627 \u0625\u0630\u0627 \u0623\u0635\u0628\u062d \u0627\u0644\u0646\u0627\u0634\u0631 \u0639\u0644\u0649 \u0639\u0644\u0645 \u0628\u0627\u0644\u0645\u062d\u062a\u0648\u0649 \u063a\u064a\u0631 \u0627\u0644\u0642\u0627\u0646\u0648\u0646\u064a \u0623\u0648 \u0625\u0630\u0627 \u0643\u0627\u0646 \u0645\u0646 \u0627\u0644\u0645\u0645\u0643\u0646 \u062a\u0642\u0646\u064a\u064b\u0627 \u0648\u0645\u0639\u0642\u0648\u0644 \u0645\u0646\u0639 \u0627\u0633\u062a\u062e\u062f\u0627\u0645 \u0647\u0630\u0627 \u0627\u0644\u0645\u062d\u062a\u0648\u0649. \u0625\u0630\u0627 \u0643\u0646\u062a \u062a\u0639\u062a\u0642\u062f \u0623\u0646 \u0627\u0644\u0645\u0648\u0627\u0642\u0639 \u0627\u0644\u062e\u0627\u0631\u062c\u064a\u0629 \u0627\u0644\u0645\u0631\u062a\u0628\u0637\u0629 \u062a\u0646\u062a\u0647\u0643 \u0627\u0644\u0642\u0627\u0646\u0648\u0646 \u0627\u0644\u0645\u0639\u0645\u0648\u0644 \u0628\u0647 \u0623\u0648 \u062a\u062d\u062a\u0648\u064a \u0639\u0644\u0649 \u0645\u062d\u062a\u0648\u0649 \u063a\u064a\u0631 \u0645\u0646\u0627\u0633\u0628 \u060c \u0641\u064a\u0631\u062c\u0649 \u0625\u0639\u0644\u0627\u0645\u0646\u0627 \u0628\u0630\u0644\u0643.<\/p>\n<h5>\u0627\u0639\u062a\u0631\u0627\u0636 \u0639\u0644\u0649 \u0631\u0633\u0627\u0626\u0644 \u0627\u0644\u0628\u0631\u064a\u062f \u0627\u0644\u0625\u0644\u0643\u062a\u0631\u0648\u0646\u064a \u0627\u0644\u0625\u0639\u0644\u0627\u0646\u064a\u0629<\/h5>\n<p>\u0646\u062d\u0646 \u0646\u0639\u062a\u0631\u0636 \u0635\u0631\u0627\u062d\u0629 \u0639\u0644\u0649 \u0627\u0633\u062a\u062e\u062f\u0627\u0645 \u0628\u064a\u0627\u0646\u0627\u062a \u0627\u0644\u0627\u062a\u0635\u0627\u0644 \u0627\u0644\u0645\u0646\u0634\u0648\u0631\u0629 \u0641\u064a \u0646\u0637\u0627\u0642 \u0627\u0644\u062a\u0632\u0627\u0645 \u0627\u0644\u0628\u0635\u0645\u0629 \u0644\u0646\u0642\u0644 \u0627\u0644\u0645\u0648\u0627\u062f \u0627\u0644\u0625\u0639\u0644\u0627\u0646\u064a\u0629 \u0648\u0627\u0644\u0645\u0639\u0644\u0648\u0645\u0627\u062a\u064a\u0629 \u063a\u064a\u0631 \u0627\u0644\u0645\u0631\u063a\u0648\u0628 \u0641\u064a\u0647\u0627. \u0641\u064a \u062d\u0627\u0644\u0629 \u0625\u0631\u0633\u0627\u0644 \u0645\u0639\u0644\u0648\u0645\u0627\u062a \u0625\u0639\u0644\u0627\u0646\u064a\u0629 \u063a\u064a\u0631 \u0645\u0631\u063a\u0648\u0628 \u0641\u064a\u0647\u0627 \u060c \u0645\u062b\u0644 \u0631\u0633\u0627\u0626\u0644 \u0627\u0644\u0628\u0631\u064a\u062f \u0627\u0644\u0625\u0644\u0643\u062a\u0631\u0648\u0646\u064a \u063a\u064a\u0631 \u0627\u0644\u0645\u0631\u063a\u0648\u0628 \u0641\u064a\u0647\u0627 \u060c \u064a\u062d\u062a\u0641\u0638 \u0645\u0634\u063a\u0644 \u0647\u0630\u0647 \u0627\u0644\u0635\u0641\u062d\u0627\u062a \u0628\u0627\u0644\u062d\u0642 \u0641\u064a \u0627\u062a\u062e\u0627\u0630 \u0625\u062c\u0631\u0627\u0621\u0627\u062a \u0642\u0627\u0646\u0648\u0646\u064a\u0629.<\/p>\n<h5>\u0627\u0644\u0645\u0633\u0624\u0648\u0644\u064a\u0629 \u0639\u0646 \u0627\u0644\u0645\u062d\u062a\u0648\u0649 - \u0627\u0644\u0635\u0644\u0627\u062d\u064a\u0629 \u0627\u0644\u0642\u0627\u0646\u0648\u0646\u064a\u0629 \u0644\u0625\u062e\u0644\u0627\u0621 \u0627\u0644\u0645\u0633\u0624\u0648\u0644\u064a\u0629<\/h5>\n<p><span>\u0639\u0644\u0649 \u0627\u0644\u0631\u063a\u0645 \u0645\u0646 \u0627\u0644\u062a\u062d\u0643\u0645 \u0627\u0644\u062f\u0642\u064a\u0642 \u0641\u064a \u0627\u0644\u0645\u062d\u062a\u0648\u0649 \u060c \u0625\u0644\u0627 \u0623\u0646\u0646\u0627 \u0644\u0627 \u0646\u062a\u062d\u0645\u0644 \u0623\u064a \u0645\u0633\u0624\u0648\u0644\u064a\u0629 \u0639\u0646 \u0645\u062d\u062a\u0648\u0649 \u0627\u0644\u0631\u0648\u0627\u0628\u0637 \u0627\u0644\u062e\u0627\u0631\u062c\u064a\u0629. \u0645\u0634\u063a\u0644\u064a \u0627\u0644\u0635\u0641\u062d\u0627\u062a \u0627\u0644\u0645\u0631\u062a\u0628\u0637\u0629 \u0647\u0645 \u0648\u062d\u062f\u0647\u0645 \u0627\u0644\u0645\u0633\u0624\u0648\u0644\u0648\u0646 \u0639\u0646 \u0645\u062d\u062a\u0648\u0627\u0647\u0627.<\/span><\/p>\n<\/div><\/div><\/div><\/div><\/div><\/div><\/div><\/div><\/div><\/section>","protected":false},"excerpt":{"rendered":"\u0645\u0634\u063a\u0644\u0648 Impressum \u0628\u0627\u0644\u0645\u0639\u0646\u0649 \u0627\u0644\u0645\u0642\u0635\u0648\u062f \u0641\u064a \u00a7 5 \u0646\u0642\u0627\u0637 1 \u0648 2 (TMG): Kreisverband Wiesbaden B\u00dcNDNIS 90\/DIE GR\u00dcNEN Mainzer Stra\u00dfe 75 65189 Wiesbaden \u0647\u0627\u062a\u0641: 0152 25 29 35 65 \u0627\u0644\u0628\u0631\u064a\u062f: kreisverband@gruene-wiesbaden.de \u0645\u062c\u0644\u0633 \u0627\u0644\u062a\u0645\u062b\u064a\u0644 \u0627\u0644\u0645\u0639\u062a\u0645\u062f: \u0631\u064a\u0628\u064a\u0643\u0627 \u062a\u0648\u0645\u0627\u0633 \u060c \u062f\u0627\u0646\u064a\u0627\u0644 \u0634\u0645\u064a\u062a \u0627\u0644\u0645\u0633\u0624\u0648\u0644 \u0628\u0627\u0644\u0645\u0639\u0646\u0649 \u0627\u0644\u0648\u0627\u0631\u062f \u0641\u064a \u0627\u0644\u0641\u0642\u0631\u0629 55 (2) RSTV: \u0631\u064a\u0628\u064a\u0643\u0627 \u062a\u0648\u0645\u0627\u0633 (\u0627\u0644\u0631\u0626\u064a\u0633 \u0627\u0644\u0645\u0634\u0627\u0631\u0643 \u0644\u062c\u0645\u0639\u064a\u0629 \u0627\u0644\u0645\u0642\u0627\u0637\u0639\u0629) Mainzer Stra\u00dfe 75 65189 Wiesbaden \u0633\u0627\u0639\u0627\u062a \u0627\u0644\u0639\u0645\u0644 \u0648...","protected":false},"author":1,"featured_media":0,"parent":0,"menu_order":0,"comment_status":"closed","ping_status":"closed","template":"","meta":{"footnotes":""},"class_list":["post-50","page","type-page","status-publish","hentry"],"yoast_head":"<!-- This site is optimized with the Yoast SEO plugin v27.4 - https:\/\/yoast.com\/product\/yoast-seo-wordpress\/ -->\n<title>Impressum - B\u00dcNDNIS 90\/DIE GR\u00dcNEN Wiesbaden<\/title>\n<meta name=\"description\" content=\"Hier findest du Informationen zu den verantwortlichen Personen f\u00fcr die Website sowie Kontaktm\u00f6glichkeiten.\" \/>\n<meta name=\"robots\" content=\"index, follow, max-snippet:-1, max-image-preview:large, max-video-preview:-1\" \/>\n<link rel=\"canonical\" href=\"https:\/\/gruene-wiesbaden.de\/ar\/impressum\/\" \/>\n<meta property=\"og:locale\" content=\"ar_AR\" \/>\n<meta property=\"og:type\" content=\"article\" \/>\n<meta property=\"og:title\" content=\"Impressum - B\u00dcNDNIS 90\/DIE GR\u00dcNEN Wiesbaden\" \/>\n<meta property=\"og:description\" content=\"Hier findest du Informationen zu den verantwortlichen Personen f\u00fcr die Website sowie Kontaktm\u00f6glichkeiten.\" \/>\n<meta property=\"og:url\" content=\"https:\/\/gruene-wiesbaden.de\/ar\/impressum\/\" \/>\n<meta property=\"og:site_name\" content=\"B\u00dcNDNIS 90\/DIE GR\u00dcNEN Wiesbaden\" \/>\n<meta property=\"article:publisher\" content=\"https:\/\/www.facebook.com\/gruene.wi\" \/>\n<meta property=\"article:modified_time\" content=\"2026-04-07T07:48:02+00:00\" \/>\n<meta name=\"twitter:card\" content=\"summary_large_image\" \/>\n<meta name=\"twitter:label1\" content=\"\u0648\u0642\u062a \u0627\u0644\u0642\u0631\u0627\u0621\u0629 \u0627\u0644\u0645\u064f\u0642\u062f\u0651\u0631\" \/>\n\t<meta name=\"twitter:data1\" content=\"3 minutes\" \/>\n<script type=\"application\/ld+json\" class=\"yoast-schema-graph\">{\"@context\":\"https:\\\/\\\/schema.org\",\"@graph\":[{\"@type\":\"WebPage\",\"@id\":\"https:\\\/\\\/gruene-wiesbaden.de\\\/impressum\\\/\",\"url\":\"https:\\\/\\\/gruene-wiesbaden.de\\\/impressum\\\/\",\"name\":\"Impressum - B\u00dcNDNIS 90\\\/DIE GR\u00dcNEN Wiesbaden\",\"isPartOf\":{\"@id\":\"https:\\\/\\\/gruene-wiesbaden.de\\\/#website\"},\"datePublished\":\"2024-04-06T10:03:53+00:00\",\"dateModified\":\"2026-04-07T07:48:02+00:00\",\"description\":\"Hier findest du Informationen zu den verantwortlichen Personen f\u00fcr die Website sowie Kontaktm\u00f6glichkeiten.\",\"breadcrumb\":{\"@id\":\"https:\\\/\\\/gruene-wiesbaden.de\\\/impressum\\\/#breadcrumb\"},\"inLanguage\":\"ar\",\"potentialAction\":[{\"@type\":\"ReadAction\",\"target\":[\"https:\\\/\\\/gruene-wiesbaden.de\\\/impressum\\\/\"]}]},{\"@type\":\"BreadcrumbList\",\"@id\":\"https:\\\/\\\/gruene-wiesbaden.de\\\/impressum\\\/#breadcrumb\",\"itemListElement\":[{\"@type\":\"ListItem\",\"position\":1,\"name\":\"Startseite\",\"item\":\"https:\\\/\\\/gruene-wiesbaden.de\\\/\"},{\"@type\":\"ListItem\",\"position\":2,\"name\":\"Impressum\"}]},{\"@type\":\"WebSite\",\"@id\":\"https:\\\/\\\/gruene-wiesbaden.de\\\/#website\",\"url\":\"https:\\\/\\\/gruene-wiesbaden.de\\\/\",\"name\":\"DIE GR\u00dcNEN Wiesbaden\",\"description\":\"\",\"publisher\":{\"@id\":\"https:\\\/\\\/gruene-wiesbaden.de\\\/#organization\"},\"potentialAction\":[{\"@type\":\"SearchAction\",\"target\":{\"@type\":\"EntryPoint\",\"urlTemplate\":\"https:\\\/\\\/gruene-wiesbaden.de\\\/?s={search_term_string}\"},\"query-input\":{\"@type\":\"PropertyValueSpecification\",\"valueRequired\":true,\"valueName\":\"search_term_string\"}}],\"inLanguage\":\"ar\"},{\"@type\":\"Organization\",\"@id\":\"https:\\\/\\\/gruene-wiesbaden.de\\\/#organization\",\"name\":\"DIE GR\u00dcNEN Wiesbaden\",\"url\":\"https:\\\/\\\/gruene-wiesbaden.de\\\/\",\"logo\":{\"@type\":\"ImageObject\",\"inLanguage\":\"ar\",\"@id\":\"https:\\\/\\\/gruene-wiesbaden.de\\\/#\\\/schema\\\/logo\\\/image\\\/\",\"url\":\"https:\\\/\\\/gruene-wiesbaden-fuer-europa.de\\\/wp-content\\\/uploads\\\/2024\\\/04\\\/Machen-was-zaehlt-5.png\",\"contentUrl\":\"https:\\\/\\\/gruene-wiesbaden-fuer-europa.de\\\/wp-content\\\/uploads\\\/2024\\\/04\\\/Machen-was-zaehlt-5.png\",\"width\":1772,\"height\":1772,\"caption\":\"DIE GR\u00dcNEN Wiesbaden\"},\"image\":{\"@id\":\"https:\\\/\\\/gruene-wiesbaden.de\\\/#\\\/schema\\\/logo\\\/image\\\/\"},\"sameAs\":[\"https:\\\/\\\/www.facebook.com\\\/gruene.wi\",\"https:\\\/\\\/instagram.com\\\/gruene_wi\"]}]}<\/script>\n<!-- \/ Yoast SEO plugin. -->","yoast_head_json":{"title":"Impressum - B\u00dcNDNIS 90\/DIE GR\u00dcNEN Wiesbaden","description":"Hier findest du Informationen zu den verantwortlichen Personen f\u00fcr die Website sowie Kontaktm\u00f6glichkeiten.","robots":{"index":"index","follow":"follow","max-snippet":"max-snippet:-1","max-image-preview":"max-image-preview:large","max-video-preview":"max-video-preview:-1"},"canonical":"https:\/\/gruene-wiesbaden.de\/ar\/impressum\/","og_locale":"ar_AR","og_type":"article","og_title":"Impressum - B\u00dcNDNIS 90\/DIE GR\u00dcNEN Wiesbaden","og_description":"Hier findest du Informationen zu den verantwortlichen Personen f\u00fcr die Website sowie Kontaktm\u00f6glichkeiten.","og_url":"https:\/\/gruene-wiesbaden.de\/ar\/impressum\/","og_site_name":"B\u00dcNDNIS 90\/DIE GR\u00dcNEN Wiesbaden","article_publisher":"https:\/\/www.facebook.com\/gruene.wi","article_modified_time":"2026-04-07T07:48:02+00:00","twitter_card":"summary_large_image","twitter_misc":{"\u0648\u0642\u062a \u0627\u0644\u0642\u0631\u0627\u0621\u0629 \u0627\u0644\u0645\u064f\u0642\u062f\u0651\u0631":"3 minutes"},"schema":{"@context":"https:\/\/schema.org","@graph":[{"@type":"WebPage","@id":"https:\/\/gruene-wiesbaden.de\/impressum\/","url":"https:\/\/gruene-wiesbaden.de\/impressum\/","name":"Impressum - B\u00dcNDNIS 90\/DIE GR\u00dcNEN Wiesbaden","isPartOf":{"@id":"https:\/\/gruene-wiesbaden.de\/#website"},"datePublished":"2024-04-06T10:03:53+00:00","dateModified":"2026-04-07T07:48:02+00:00","description":"Hier findest du Informationen zu den verantwortlichen Personen f\u00fcr die Website sowie Kontaktm\u00f6glichkeiten.","breadcrumb":{"@id":"https:\/\/gruene-wiesbaden.de\/impressum\/#breadcrumb"},"inLanguage":"ar","potentialAction":[{"@type":"ReadAction","target":["https:\/\/gruene-wiesbaden.de\/impressum\/"]}]},{"@type":"BreadcrumbList","@id":"https:\/\/gruene-wiesbaden.de\/impressum\/#breadcrumb","itemListElement":[{"@type":"ListItem","position":1,"name":"Startseite","item":"https:\/\/gruene-wiesbaden.de\/"},{"@type":"ListItem","position":2,"name":"Impressum"}]},{"@type":"WebSite","@id":"https:\/\/gruene-wiesbaden.de\/#website","url":"https:\/\/gruene-wiesbaden.de\/","name":"DIE GR\u00dcNEN Wiesbaden","description":"","publisher":{"@id":"https:\/\/gruene-wiesbaden.de\/#organization"},"potentialAction":[{"@type":"SearchAction","target":{"@type":"EntryPoint","urlTemplate":"https:\/\/gruene-wiesbaden.de\/?s={search_term_string}"},"query-input":{"@type":"PropertyValueSpecification","valueRequired":true,"valueName":"search_term_string"}}],"inLanguage":"ar"},{"@type":"Organization","@id":"https:\/\/gruene-wiesbaden.de\/#organization","name":"DIE GR\u00dcNEN Wiesbaden","url":"https:\/\/gruene-wiesbaden.de\/","logo":{"@type":"ImageObject","inLanguage":"ar","@id":"https:\/\/gruene-wiesbaden.de\/#\/schema\/logo\/image\/","url":"https:\/\/gruene-wiesbaden-fuer-europa.de\/wp-content\/uploads\/2024\/04\/Machen-was-zaehlt-5.png","contentUrl":"https:\/\/gruene-wiesbaden-fuer-europa.de\/wp-content\/uploads\/2024\/04\/Machen-was-zaehlt-5.png","width":1772,"height":1772,"caption":"DIE GR\u00dcNEN Wiesbaden"},"image":{"@id":"https:\/\/gruene-wiesbaden.de\/#\/schema\/logo\/image\/"},"sameAs":["https:\/\/www.facebook.com\/gruene.wi","https:\/\/instagram.com\/gruene_wi"]}]}},"_links":{"self":[{"href":"https:\/\/gruene-wiesbaden.de\/ar\/wp-json\/wp\/v2\/pages\/50","targetHints":{"allow":["GET"]}}],"collection":[{"href":"https:\/\/gruene-wiesbaden.de\/ar\/wp-json\/wp\/v2\/pages"}],"about":[{"href":"https:\/\/gruene-wiesbaden.de\/ar\/wp-json\/wp\/v2\/types\/page"}],"author":[{"embeddable":true,"href":"https:\/\/gruene-wiesbaden.de\/ar\/wp-json\/wp\/v2\/users\/1"}],"replies":[{"embeddable":true,"href":"https:\/\/gruene-wiesbaden.de\/ar\/wp-json\/wp\/v2\/comments?post=50"}],"version-history":[{"count":18,"href":"https:\/\/gruene-wiesbaden.de\/ar\/wp-json\/wp\/v2\/pages\/50\/revisions"}],"predecessor-version":[{"id":2252,"href":"https:\/\/gruene-wiesbaden.de\/ar\/wp-json\/wp\/v2\/pages\/50\/revisions\/2252"}],"wp:attachment":[{"href":"https:\/\/gruene-wiesbaden.de\/ar\/wp-json\/wp\/v2\/media?parent=50"}],"curies":[{"name":"wp","href":"https:\/\/api.w.org\/{rel}","templated":true}]}}